{"id":398501,"date":"2022-05-04T09:04:51","date_gmt":"2025-01-21T21:30:57","guid":{"rendered":"https:\/\/mediatrade.fi\/tuote\/wise-cfexpress-256gb\/"},"modified":"2025-12-12T12:35:08","modified_gmt":"2025-12-12T10:35:08","slug":"wise-cfexpress-256gb","status":"publish","type":"product","link":"https:\/\/mediatrade.fi\/en\/product\/wise-cfexpress-256gb\/","title":{"rendered":"Wise CFexpress 256GB"},"content":{"rendered":"\n<section class=\"block block-woocommerce-product-description container-fluid container-fluid \">\n    <div class=\"container\">\n        <div class=\"row\">\n            <div class=\"col-12 col-md-6 order-2 order-md-1 attachments-col\">\n                                            <\/div>\n\n            <div class=\"col-12 col-md-5 offset-md-1 order-1 order-md-2\">\n                <main class=\"entry-content\">\n                    \n\n<h2 class=\"wp-block-heading\">Tuotetiedot<\/h2>\n\n\n\n<p>Tuote on tarkoitettu vain ammattik\u00e4ytt\u00f6\u00f6n. Ei takuuta.<\/p>\n\n\n\n<p>Capture 4K and Full HD video, as well as continuous still image bursts with the<strong> <\/strong>256GB CFX-B Series CFexpress Type B Memory Card from Wise Advanced. Designed to leverage the capabilities of next-generation cameras, this card utilizes the PCI Express 3.0 x2 protocol to provide high-speed performance, durability, and reliability. This card delivers read speeds of up to 1700 MB\/s, maximum write speeds of up to 1550 MB\/s, and minimum write speeds of 230 MB\/s, all of which help to improve transfer speeds between the card and your computer, as well as accelerate your workflow.<\/p>\n\n\n\n<h3 class=\"wp-block-heading\">Key Features<\/h3>\n\n\n\n<ul class=\"wp-block-list\">\n<li>256GB Storage Capacity<\/li>\n\n\n\n<li>PCIe 3.0 x2 Bus<\/li>\n\n\n\n<li>Max Read Speed: 1700 MB\/s<\/li>\n\n\n\n<li>Max Write Speed: 1550 MB\/s<\/li>\n\n\n\n<li>Min Write Speed: 230 MB\/s<\/li>\n\n\n\n<li>Records 4K and Full HD Video<\/li>\n\n\n\n<li>Captures Continuous Still Images Bursts<\/li>\n\n\n\n<li>Water \/ Dust \/ Shockproof<\/li>\n\n\n\n<li>Can Withstand Extreme Temperatures<\/li>\n<\/ul>\n\n\n                <\/main>\n            <\/div>\n        <\/div>\n    <\/div>\n<\/section>\n","protected":false},"excerpt":{"rendered":"","protected":false},"featured_media":40340,"template":"","meta":{"_acf_changed":false,"_relevanssi_hide_post":"","_relevanssi_hide_content":"","_relevanssi_pin_for_all":"","_relevanssi_pin_keywords":"","_relevanssi_unpin_keywords":"","_relevanssi_related_keywords":"","_relevanssi_related_include_ids":"","_relevanssi_related_exclude_ids":"","_relevanssi_related_no_append":"","_relevanssi_related_not_related":"","_relevanssi_related_posts":"","_relevanssi_noindex_reason":""},"product_brand":[],"product_cat":[2486,9057,8318,9055,3480,8189,3473],"product_tag":[2490],"brands":[718],"id_product_type":[],"class_list":{"0":"post-398501","1":"product","2":"type-product","3":"status-publish","4":"has-post-thumbnail","6":"product_cat-all-products","7":"product_cat-in-store","8":"product_cat-outlet","9":"product_cat-outlet-en","10":"product_cat-recording-media","11":"product_cat-varastossa","12":"product_cat-video","13":"product_tag-mediatrade-en","15":"first","16":"instock","17":"taxable","18":"shipping-taxable","19":"purchasable","20":"product-type-simple"},"bundled_by":[],"bundle_stock_status":"instock","bundle_stock_quantity":10,"bundle_virtual":false,"bundle_layout":"","bundle_add_to_cart_form_location":"","bundle_editable_in_cart":false,"bundle_sold_individually_context":"","bundle_item_grouping":"","bundle_min_size":"","bundle_max_size":"","bundle_price":[],"bundled_items":[],"bundle_sell_ids":[],"acf":[],"yoast_head":"<!-- This site is optimized with the Yoast SEO plugin v27.1.1 - https:\/\/yoast.com\/product\/yoast-seo-wordpress\/ -->\n<title>Wise CFexpress 256GB - Mediatrade<\/title>\n<meta name=\"description\" content=\"Capture 4K and Full HD video, as well as continuous still image bursts with the 256GB CFX-B Series CFexpress Type B Memory Card from Wise Advanced.\" \/>\n<meta name=\"robots\" content=\"index, follow, max-snippet:-1, max-image-preview:large, max-video-preview:-1\" \/>\n<link rel=\"canonical\" href=\"https:\/\/mediatrade.fi\/en\/product\/wise-cfexpress-256gb\/\" \/>\n<meta property=\"og:locale\" content=\"en_US\" \/>\n<meta property=\"og:type\" content=\"article\" \/>\n<meta property=\"og:title\" content=\"Wise CFexpress 256GB - Mediatrade\" \/>\n<meta property=\"og:description\" content=\"Capture 4K and Full HD video, as well as continuous still image bursts with the 256GB CFX-B Series CFexpress Type B Memory Card from Wise Advanced.\" \/>\n<meta property=\"og:url\" content=\"https:\/\/mediatrade.fi\/en\/product\/wise-cfexpress-256gb\/\" \/>\n<meta property=\"og:site_name\" content=\"Mediatrade\" \/>\n<meta property=\"article:modified_time\" content=\"2025-12-12T10:35:08+00:00\" \/>\n<meta property=\"og:image\" content=\"https:\/\/mediatrade.fi\/wp-content\/uploads\/2022\/04\/wise-cfexpress258gbsayonaraxqd.jpg\" \/>\n\t<meta property=\"og:image:width\" content=\"1130\" \/>\n\t<meta property=\"og:image:height\" content=\"1365\" \/>\n\t<meta property=\"og:image:type\" content=\"image\/jpeg\" \/>\n<meta name=\"twitter:card\" content=\"summary_large_image\" \/>\n<meta name=\"twitter:label1\" content=\"Est. reading time\" \/>\n\t<meta name=\"twitter:data1\" content=\"1 minute\" \/>\n<script type=\"application\/ld+json\" class=\"yoast-schema-graph\">{\"@context\":\"https:\/\/schema.org\",\"@graph\":[{\"@type\":\"WebPage\",\"@id\":\"https:\/\/mediatrade.fi\/en\/product\/wise-cfexpress-256gb\/\",\"url\":\"https:\/\/mediatrade.fi\/en\/product\/wise-cfexpress-256gb\/\",\"name\":\"Wise CFexpress 256GB - Mediatrade\",\"isPartOf\":{\"@id\":\"https:\/\/mediatrade.fi\/en\/#website\"},\"primaryImageOfPage\":{\"@id\":\"https:\/\/mediatrade.fi\/en\/product\/wise-cfexpress-256gb\/#primaryimage\"},\"image\":{\"@id\":\"https:\/\/mediatrade.fi\/en\/product\/wise-cfexpress-256gb\/#primaryimage\"},\"thumbnailUrl\":\"https:\/\/mediatrade.fi\/wp-content\/uploads\/2022\/04\/wise-cfexpress258gbsayonaraxqd.jpg\",\"datePublished\":\"2025-01-21T21:30:57+00:00\",\"dateModified\":\"2025-12-12T10:35:08+00:00\",\"description\":\"Capture 4K and Full HD video, as well as continuous still image bursts with the 256GB CFX-B Series CFexpress Type B Memory Card from Wise Advanced.\",\"breadcrumb\":{\"@id\":\"https:\/\/mediatrade.fi\/en\/product\/wise-cfexpress-256gb\/#breadcrumb\"},\"inLanguage\":\"en-US\",\"potentialAction\":[{\"@type\":\"ReadAction\",\"target\":[\"https:\/\/mediatrade.fi\/en\/product\/wise-cfexpress-256gb\/\"]}]},{\"@type\":\"ImageObject\",\"inLanguage\":\"en-US\",\"@id\":\"https:\/\/mediatrade.fi\/en\/product\/wise-cfexpress-256gb\/#primaryimage\",\"url\":\"https:\/\/mediatrade.fi\/wp-content\/uploads\/2022\/04\/wise-cfexpress258gbsayonaraxqd.jpg\",\"contentUrl\":\"https:\/\/mediatrade.fi\/wp-content\/uploads\/2022\/04\/wise-cfexpress258gbsayonaraxqd.jpg\",\"width\":1130,\"height\":1365},{\"@type\":\"BreadcrumbList\",\"@id\":\"https:\/\/mediatrade.fi\/en\/product\/wise-cfexpress-256gb\/#breadcrumb\",\"itemListElement\":[{\"@type\":\"ListItem\",\"position\":1,\"name\":\"Front Page\",\"item\":\"https:\/\/mediatrade.fi\/en\/\"},{\"@type\":\"ListItem\",\"position\":2,\"name\":\"Shop\",\"item\":\"https:\/\/mediatrade.fi\/en\/shop\/\"},{\"@type\":\"ListItem\",\"position\":3,\"name\":\"Wise CFexpress 256GB\"}]},{\"@type\":\"WebSite\",\"@id\":\"https:\/\/mediatrade.fi\/en\/#website\",\"url\":\"https:\/\/mediatrade.fi\/en\/\",\"name\":\"Mediatrade\",\"description\":\"\",\"publisher\":{\"@id\":\"https:\/\/mediatrade.fi\/en\/#organization\"},\"potentialAction\":[{\"@type\":\"SearchAction\",\"target\":{\"@type\":\"EntryPoint\",\"urlTemplate\":\"https:\/\/mediatrade.fi\/en\/?s={search_term_string}\"},\"query-input\":{\"@type\":\"PropertyValueSpecification\",\"valueRequired\":true,\"valueName\":\"search_term_string\"}}],\"inLanguage\":\"en-US\"},{\"@type\":\"Organization\",\"@id\":\"https:\/\/mediatrade.fi\/en\/#organization\",\"name\":\"Mediatrade\",\"url\":\"https:\/\/mediatrade.fi\/en\/\",\"logo\":{\"@type\":\"ImageObject\",\"inLanguage\":\"en-US\",\"@id\":\"https:\/\/mediatrade.fi\/en\/#\/schema\/logo\/image\/\",\"url\":\"https:\/\/mediatrade.fi\/wp-content\/uploads\/2022\/04\/Group-640.svg\",\"contentUrl\":\"https:\/\/mediatrade.fi\/wp-content\/uploads\/2022\/04\/Group-640.svg\",\"width\":128,\"height\":43,\"caption\":\"Mediatrade\"},\"image\":{\"@id\":\"https:\/\/mediatrade.fi\/en\/#\/schema\/logo\/image\/\"}}]}<\/script>\n<!-- \/ Yoast SEO plugin. -->","yoast_head_json":{"title":"Wise CFexpress 256GB - Mediatrade","description":"Capture 4K and Full HD video, as well as continuous still image bursts with the 256GB CFX-B Series CFexpress Type B Memory Card from Wise Advanced.","robots":{"index":"index","follow":"follow","max-snippet":"max-snippet:-1","max-image-preview":"max-image-preview:large","max-video-preview":"max-video-preview:-1"},"canonical":"https:\/\/mediatrade.fi\/en\/product\/wise-cfexpress-256gb\/","og_locale":"en_US","og_type":"article","og_title":"Wise CFexpress 256GB - Mediatrade","og_description":"Capture 4K and Full HD video, as well as continuous still image bursts with the 256GB CFX-B Series CFexpress Type B Memory Card from Wise Advanced.","og_url":"https:\/\/mediatrade.fi\/en\/product\/wise-cfexpress-256gb\/","og_site_name":"Mediatrade","article_modified_time":"2025-12-12T10:35:08+00:00","og_image":[{"width":1130,"height":1365,"url":"https:\/\/mediatrade.fi\/wp-content\/uploads\/2022\/04\/wise-cfexpress258gbsayonaraxqd.jpg","type":"image\/jpeg"}],"twitter_card":"summary_large_image","twitter_misc":{"Est. reading time":"1 minute"},"schema":{"@context":"https:\/\/schema.org","@graph":[{"@type":"WebPage","@id":"https:\/\/mediatrade.fi\/en\/product\/wise-cfexpress-256gb\/","url":"https:\/\/mediatrade.fi\/en\/product\/wise-cfexpress-256gb\/","name":"Wise CFexpress 256GB - Mediatrade","isPartOf":{"@id":"https:\/\/mediatrade.fi\/en\/#website"},"primaryImageOfPage":{"@id":"https:\/\/mediatrade.fi\/en\/product\/wise-cfexpress-256gb\/#primaryimage"},"image":{"@id":"https:\/\/mediatrade.fi\/en\/product\/wise-cfexpress-256gb\/#primaryimage"},"thumbnailUrl":"https:\/\/mediatrade.fi\/wp-content\/uploads\/2022\/04\/wise-cfexpress258gbsayonaraxqd.jpg","datePublished":"2025-01-21T21:30:57+00:00","dateModified":"2025-12-12T10:35:08+00:00","description":"Capture 4K and Full HD video, as well as continuous still image bursts with the 256GB CFX-B Series CFexpress Type B Memory Card from Wise Advanced.","breadcrumb":{"@id":"https:\/\/mediatrade.fi\/en\/product\/wise-cfexpress-256gb\/#breadcrumb"},"inLanguage":"en-US","potentialAction":[{"@type":"ReadAction","target":["https:\/\/mediatrade.fi\/en\/product\/wise-cfexpress-256gb\/"]}]},{"@type":"ImageObject","inLanguage":"en-US","@id":"https:\/\/mediatrade.fi\/en\/product\/wise-cfexpress-256gb\/#primaryimage","url":"https:\/\/mediatrade.fi\/wp-content\/uploads\/2022\/04\/wise-cfexpress258gbsayonaraxqd.jpg","contentUrl":"https:\/\/mediatrade.fi\/wp-content\/uploads\/2022\/04\/wise-cfexpress258gbsayonaraxqd.jpg","width":1130,"height":1365},{"@type":"BreadcrumbList","@id":"https:\/\/mediatrade.fi\/en\/product\/wise-cfexpress-256gb\/#breadcrumb","itemListElement":[{"@type":"ListItem","position":1,"name":"Front Page","item":"https:\/\/mediatrade.fi\/en\/"},{"@type":"ListItem","position":2,"name":"Shop","item":"https:\/\/mediatrade.fi\/en\/shop\/"},{"@type":"ListItem","position":3,"name":"Wise CFexpress 256GB"}]},{"@type":"WebSite","@id":"https:\/\/mediatrade.fi\/en\/#website","url":"https:\/\/mediatrade.fi\/en\/","name":"Mediatrade","description":"","publisher":{"@id":"https:\/\/mediatrade.fi\/en\/#organization"},"potentialAction":[{"@type":"SearchAction","target":{"@type":"EntryPoint","urlTemplate":"https:\/\/mediatrade.fi\/en\/?s={search_term_string}"},"query-input":{"@type":"PropertyValueSpecification","valueRequired":true,"valueName":"search_term_string"}}],"inLanguage":"en-US"},{"@type":"Organization","@id":"https:\/\/mediatrade.fi\/en\/#organization","name":"Mediatrade","url":"https:\/\/mediatrade.fi\/en\/","logo":{"@type":"ImageObject","inLanguage":"en-US","@id":"https:\/\/mediatrade.fi\/en\/#\/schema\/logo\/image\/","url":"https:\/\/mediatrade.fi\/wp-content\/uploads\/2022\/04\/Group-640.svg","contentUrl":"https:\/\/mediatrade.fi\/wp-content\/uploads\/2022\/04\/Group-640.svg","width":128,"height":43,"caption":"Mediatrade"},"image":{"@id":"https:\/\/mediatrade.fi\/en\/#\/schema\/logo\/image\/"}}]}},"_links":{"self":[{"href":"https:\/\/mediatrade.fi\/en\/wp-json\/wp\/v2\/product\/398501","targetHints":{"allow":["GET"]}}],"collection":[{"href":"https:\/\/mediatrade.fi\/en\/wp-json\/wp\/v2\/product"}],"about":[{"href":"https:\/\/mediatrade.fi\/en\/wp-json\/wp\/v2\/types\/product"}],"wp:featuredmedia":[{"embeddable":true,"href":"https:\/\/mediatrade.fi\/en\/wp-json\/wp\/v2\/media\/40340"}],"wp:attachment":[{"href":"https:\/\/mediatrade.fi\/en\/wp-json\/wp\/v2\/media?parent=398501"}],"wp:term":[{"taxonomy":"product_brand","embeddable":true,"href":"https:\/\/mediatrade.fi\/en\/wp-json\/wp\/v2\/product_brand?post=398501"},{"taxonomy":"product_cat","embeddable":true,"href":"https:\/\/mediatrade.fi\/en\/wp-json\/wp\/v2\/product_cat?post=398501"},{"taxonomy":"product_tag","embeddable":true,"href":"https:\/\/mediatrade.fi\/en\/wp-json\/wp\/v2\/product_tag?post=398501"},{"taxonomy":"brands","embeddable":true,"href":"https:\/\/mediatrade.fi\/en\/wp-json\/wp\/v2\/brands?post=398501"},{"taxonomy":"id_product_type","embeddable":true,"href":"https:\/\/mediatrade.fi\/en\/wp-json\/wp\/v2\/id_product_type?post=398501"}],"curies":[{"name":"wp","href":"https:\/\/api.w.org\/{rel}","templated":true}]}}