{"id":399464,"date":"2022-05-04T08:47:19","date_gmt":"2022-05-04T05:47:19","guid":{"rendered":"https:\/\/mediatrade.fi\/tuote\/amaran-t2c-eu-version\/"},"modified":"2026-01-23T12:38:30","modified_gmt":"2026-01-23T10:38:30","slug":"amaran-t2c-eu-version","status":"publish","type":"product","link":"https:\/\/mediatrade.fi\/en\/product\/amaran-t2c-eu-version\/","title":{"rendered":"Amaran T2c (EU version)"},"content":{"rendered":"\n<section class=\"block block-woocommerce-product-description container-fluid container-fluid \">\n    <div class=\"container\">\n        <div class=\"row\">\n            <div class=\"col-12 col-md-6 order-2 order-md-1 attachments-col\">\n                                <div style=\"height: 100%;\" class=\"oembed oembed-youtube\">        <div class=\"cookieconsent-optout-marketing\">            <a href=\"javascript:Cookiebot.renew()\">Hyv\u00e4ksy markkinointiev\u00e4steet<\/a>            katsoaksesi videon.        <\/div><iframe title=\"Introducing the amaran T2c &amp; T4c | Paint Your Reality\" width=\"840\" height=\"473\" src=\"https:\/\/www.youtube.com\/embed\/WULzc0ez3xY?feature=oembed\" frameborder=\"0\" allow=\"accelerometer; autoplay; clipboard-write; encrypted-media; gyroscope; picture-in-picture\" allowfullscreen><\/iframe><\/div>            <\/div>\n\n            <div class=\"col-12 col-md-5 offset-md-1 order-1 order-md-2\">\n                <main class=\"entry-content\">\n                    \n\n<h2 class=\"wp-block-heading\">Tuotetiedot<\/h2>\n\n\n\n<p id=\"tw-target-text\"><strong>Amaran T2c<\/strong>&nbsp;sopii erityisesti&nbsp;sis\u00e4ll\u00f6ntuottajille, indie-elokuvien tekij\u00f6ille ja valokuvaajille, jotka tarvitsevat lineaarisen akkuk\u00e4ytt\u00f6isen RGBWW-valon.<\/p>\n\n\n\n<p>T2c-valo&nbsp;tuottaa optimaalisen ja lineaarisen muotoilunsa avulla&nbsp; pehme\u00e4\u00e4 valoa ja korostusvaloja ihmisi\u00e4 ja tuotteita kuvattaessa.&nbsp;T2c:n RGBWW-piirisarja antaa k\u00e4ytt\u00e4jille t\u00e4yden v\u00e4rien hallinnan.<\/p>\n\n\n\n<p>Irrotettavan, ladattavan akun ansiosta T2c sopii k\u00e4ytt\u00e4jille, jotka haluavat pysty\u00e4 vaihtamaan akut nopeasti paikan p\u00e4\u00e4ll\u00e4. Samalla valoissa s\u00e4ilyy pitk\u00e4 k\u00e4ytt\u00f6ik\u00e4.<\/p>\n\n\n\n<h3 class=\"wp-block-heading\">Ominaisuudet<\/h3>\n\n\n\n<ul class=\"wp-block-list\"><li>20W Output RGBWW LED Tube Light<\/li><li>25W Max Power Draw<\/li><li>475+ lux @ 1 meter (5600K)<\/li><li>HSI Full Color Control<\/li><li>Tunable CCT from 2,500K to 7,500K<\/li><li>Tunable Green-Magenta Adjustment (Plus\/Minus Green)<\/li><li>CRI: 95+, TLCI: 98+, CQS: 96+<\/li><li>SSI (Tungsten): 83+, SSI (D56): 73+<\/li><li>Unique &amp; Friendly Mounting Solutions: NATO Rail, \u00bc-20in,3\/8-16in with Arri-Style Locating Pins<\/li><li>77Wh Swappable Battery Included<\/li><li>Approx. 4hrs Run Time @ Max Output with Battery Grip<\/li><li>Stepless Dimming from 0 to 100%<\/li><li>Sidus Link App Control<\/li><li>DMX Control via USB-C to 5-Pin DMX512 In &amp; Out Adapter Cable (Sold Separately)<\/li><li>46 Color Gel Presets<\/li><li>15 Built-in Lighting FX: Club Lights, Paparazzi, Lightning, TV,Candle, Fire, Strobe, Explosion, Faulty Bulb, Pulsing, Welding,Cop Car, Color Chase, Party Lights, Fireworks<\/li><li>Soft Carrying Case Included<\/li><li>Silent Passive Cooling<\/li><li>Operating Temperature: -10\u00b0C ~ 40\u00b0C \/ -4\u00b0F ~ 113\u00b0F<\/li><li>Compatible with amaran Tube Light Control Grid (Sold Separately)<\/li><\/ul>\n\n\n\n<h3 class=\"wp-block-heading\">Paketissa<\/h3>\n\n\n\n<ul class=\"wp-block-list\"><li>amaran T2c RGBWW Tube Light 1<\/li><li>amaran Tube Battery Grip 1<\/li><li>AC Power Supply 1<\/li><li>AC Power Cable 1<\/li><li>3\/8-16in Eyebolt 1<\/li><li>amaran T2c Carrying Case 1<\/li><\/ul>\n\n\n                <\/main>\n            <\/div>\n        <\/div>\n    <\/div>\n<\/section>\n\n\n\n","protected":false},"excerpt":{"rendered":"","protected":false},"featured_media":457535,"template":"","meta":{"_acf_changed":false,"_relevanssi_hide_post":"","_relevanssi_hide_content":"","_relevanssi_pin_for_all":"","_relevanssi_pin_keywords":"","_relevanssi_unpin_keywords":"","_relevanssi_related_keywords":"","_relevanssi_related_include_ids":"","_relevanssi_related_exclude_ids":"","_relevanssi_related_no_append":"","_relevanssi_related_not_related":"","_relevanssi_related_posts":"","_relevanssi_noindex_reason":""},"product_brand":[],"product_cat":[2486,3509,3500],"product_tag":[2490],"brands":[693],"id_product_type":[],"class_list":{"0":"post-399464","1":"product","2":"type-product","3":"status-publish","4":"has-post-thumbnail","6":"product_cat-all-products","7":"product_cat-light-en","8":"product_cat-light","9":"product_tag-mediatrade-en","11":"first","12":"onbackorder","13":"taxable","14":"shipping-taxable","15":"purchasable","16":"product-type-simple"},"bundled_by":[],"bundle_stock_status":"onbackorder","bundle_stock_quantity":0,"bundle_virtual":false,"bundle_layout":"","bundle_add_to_cart_form_location":"","bundle_editable_in_cart":false,"bundle_sold_individually_context":"","bundle_item_grouping":"","bundle_min_size":"","bundle_max_size":"","bundle_price":[],"bundled_items":[],"bundle_sell_ids":[],"acf":[],"yoast_head":"<!-- This site is optimized with the Yoast SEO plugin v27.1.1 - https:\/\/yoast.com\/product\/yoast-seo-wordpress\/ -->\n<title>Amaran T2c (EU version) - Mediatrade<\/title>\n<meta name=\"description\" content=\"Amaran T2c\u00a0sopii erityisesti\u00a0sis\u00e4ll\u00f6ntuottajille, indie-elokuvien tekij\u00f6ille ja valokuvaajille, jotka tarvitsevat lineaarisen akkuk\u00e4ytt\u00f6isen RGBWW-valon.\" \/>\n<meta name=\"robots\" content=\"index, follow, max-snippet:-1, max-image-preview:large, max-video-preview:-1\" \/>\n<link rel=\"canonical\" href=\"https:\/\/mediatrade.fi\/en\/product\/amaran-t2c-eu-version\/\" \/>\n<meta property=\"og:locale\" content=\"en_US\" \/>\n<meta property=\"og:type\" content=\"article\" \/>\n<meta property=\"og:title\" content=\"Amaran T2c (EU version) - Mediatrade\" \/>\n<meta property=\"og:description\" content=\"Amaran T2c\u00a0sopii erityisesti\u00a0sis\u00e4ll\u00f6ntuottajille, indie-elokuvien tekij\u00f6ille ja valokuvaajille, jotka tarvitsevat lineaarisen akkuk\u00e4ytt\u00f6isen RGBWW-valon.\" \/>\n<meta property=\"og:url\" content=\"https:\/\/mediatrade.fi\/en\/product\/amaran-t2c-eu-version\/\" \/>\n<meta property=\"og:site_name\" content=\"Mediatrade\" \/>\n<meta property=\"article:modified_time\" content=\"2026-01-23T10:38:30+00:00\" \/>\n<meta property=\"og:image\" content=\"https:\/\/mediatrade.fi\/wp-content\/uploads\/2022\/05\/amaran-t2ceuversion_b.jpg\" \/>\n\t<meta property=\"og:image:width\" content=\"1024\" \/>\n\t<meta property=\"og:image:height\" content=\"1024\" \/>\n\t<meta property=\"og:image:type\" content=\"image\/jpeg\" \/>\n<meta name=\"twitter:card\" content=\"summary_large_image\" \/>\n<meta name=\"twitter:label1\" content=\"Est. reading time\" \/>\n\t<meta name=\"twitter:data1\" content=\"2 minutes\" \/>\n<script type=\"application\/ld+json\" class=\"yoast-schema-graph\">{\"@context\":\"https:\/\/schema.org\",\"@graph\":[{\"@type\":\"WebPage\",\"@id\":\"https:\/\/mediatrade.fi\/en\/product\/amaran-t2c-eu-version\/\",\"url\":\"https:\/\/mediatrade.fi\/en\/product\/amaran-t2c-eu-version\/\",\"name\":\"Amaran T2c (EU version) - Mediatrade\",\"isPartOf\":{\"@id\":\"https:\/\/mediatrade.fi\/en\/#website\"},\"primaryImageOfPage\":{\"@id\":\"https:\/\/mediatrade.fi\/en\/product\/amaran-t2c-eu-version\/#primaryimage\"},\"image\":{\"@id\":\"https:\/\/mediatrade.fi\/en\/product\/amaran-t2c-eu-version\/#primaryimage\"},\"thumbnailUrl\":\"https:\/\/mediatrade.fi\/wp-content\/uploads\/2022\/05\/Amaran-T2c.webp\",\"datePublished\":\"2022-05-04T05:47:19+00:00\",\"dateModified\":\"2026-01-23T10:38:30+00:00\",\"description\":\"Amaran T2c\u00a0sopii erityisesti\u00a0sis\u00e4ll\u00f6ntuottajille, indie-elokuvien tekij\u00f6ille ja valokuvaajille, jotka tarvitsevat lineaarisen akkuk\u00e4ytt\u00f6isen RGBWW-valon.\",\"breadcrumb\":{\"@id\":\"https:\/\/mediatrade.fi\/en\/product\/amaran-t2c-eu-version\/#breadcrumb\"},\"inLanguage\":\"en-US\",\"potentialAction\":[{\"@type\":\"ReadAction\",\"target\":[\"https:\/\/mediatrade.fi\/en\/product\/amaran-t2c-eu-version\/\"]}]},{\"@type\":\"ImageObject\",\"inLanguage\":\"en-US\",\"@id\":\"https:\/\/mediatrade.fi\/en\/product\/amaran-t2c-eu-version\/#primaryimage\",\"url\":\"https:\/\/mediatrade.fi\/wp-content\/uploads\/2022\/05\/Amaran-T2c.webp\",\"contentUrl\":\"https:\/\/mediatrade.fi\/wp-content\/uploads\/2022\/05\/Amaran-T2c.webp\",\"width\":1000,\"height\":1000},{\"@type\":\"BreadcrumbList\",\"@id\":\"https:\/\/mediatrade.fi\/en\/product\/amaran-t2c-eu-version\/#breadcrumb\",\"itemListElement\":[{\"@type\":\"ListItem\",\"position\":1,\"name\":\"Front Page\",\"item\":\"https:\/\/mediatrade.fi\/en\/\"},{\"@type\":\"ListItem\",\"position\":2,\"name\":\"Shop\",\"item\":\"https:\/\/mediatrade.fi\/en\/shop\/\"},{\"@type\":\"ListItem\",\"position\":3,\"name\":\"Amaran T2c (EU version)\"}]},{\"@type\":\"WebSite\",\"@id\":\"https:\/\/mediatrade.fi\/en\/#website\",\"url\":\"https:\/\/mediatrade.fi\/en\/\",\"name\":\"Mediatrade\",\"description\":\"\",\"publisher\":{\"@id\":\"https:\/\/mediatrade.fi\/en\/#organization\"},\"potentialAction\":[{\"@type\":\"SearchAction\",\"target\":{\"@type\":\"EntryPoint\",\"urlTemplate\":\"https:\/\/mediatrade.fi\/en\/?s={search_term_string}\"},\"query-input\":{\"@type\":\"PropertyValueSpecification\",\"valueRequired\":true,\"valueName\":\"search_term_string\"}}],\"inLanguage\":\"en-US\"},{\"@type\":\"Organization\",\"@id\":\"https:\/\/mediatrade.fi\/en\/#organization\",\"name\":\"Mediatrade\",\"url\":\"https:\/\/mediatrade.fi\/en\/\",\"logo\":{\"@type\":\"ImageObject\",\"inLanguage\":\"en-US\",\"@id\":\"https:\/\/mediatrade.fi\/en\/#\/schema\/logo\/image\/\",\"url\":\"https:\/\/mediatrade.fi\/wp-content\/uploads\/2022\/04\/Group-640.svg\",\"contentUrl\":\"https:\/\/mediatrade.fi\/wp-content\/uploads\/2022\/04\/Group-640.svg\",\"width\":128,\"height\":43,\"caption\":\"Mediatrade\"},\"image\":{\"@id\":\"https:\/\/mediatrade.fi\/en\/#\/schema\/logo\/image\/\"}}]}<\/script>\n<!-- \/ Yoast SEO plugin. -->","yoast_head_json":{"title":"Amaran T2c (EU version) - Mediatrade","description":"Amaran T2c\u00a0sopii erityisesti\u00a0sis\u00e4ll\u00f6ntuottajille, indie-elokuvien tekij\u00f6ille ja valokuvaajille, jotka tarvitsevat lineaarisen akkuk\u00e4ytt\u00f6isen RGBWW-valon.","robots":{"index":"index","follow":"follow","max-snippet":"max-snippet:-1","max-image-preview":"max-image-preview:large","max-video-preview":"max-video-preview:-1"},"canonical":"https:\/\/mediatrade.fi\/en\/product\/amaran-t2c-eu-version\/","og_locale":"en_US","og_type":"article","og_title":"Amaran T2c (EU version) - Mediatrade","og_description":"Amaran T2c\u00a0sopii erityisesti\u00a0sis\u00e4ll\u00f6ntuottajille, indie-elokuvien tekij\u00f6ille ja valokuvaajille, jotka tarvitsevat lineaarisen akkuk\u00e4ytt\u00f6isen RGBWW-valon.","og_url":"https:\/\/mediatrade.fi\/en\/product\/amaran-t2c-eu-version\/","og_site_name":"Mediatrade","article_modified_time":"2026-01-23T10:38:30+00:00","og_image":[{"width":1024,"height":1024,"url":"https:\/\/mediatrade.fi\/wp-content\/uploads\/2022\/05\/amaran-t2ceuversion_b.jpg","type":"image\/jpeg"}],"twitter_card":"summary_large_image","twitter_misc":{"Est. reading time":"2 minutes"},"schema":{"@context":"https:\/\/schema.org","@graph":[{"@type":"WebPage","@id":"https:\/\/mediatrade.fi\/en\/product\/amaran-t2c-eu-version\/","url":"https:\/\/mediatrade.fi\/en\/product\/amaran-t2c-eu-version\/","name":"Amaran T2c (EU version) - Mediatrade","isPartOf":{"@id":"https:\/\/mediatrade.fi\/en\/#website"},"primaryImageOfPage":{"@id":"https:\/\/mediatrade.fi\/en\/product\/amaran-t2c-eu-version\/#primaryimage"},"image":{"@id":"https:\/\/mediatrade.fi\/en\/product\/amaran-t2c-eu-version\/#primaryimage"},"thumbnailUrl":"https:\/\/mediatrade.fi\/wp-content\/uploads\/2022\/05\/Amaran-T2c.webp","datePublished":"2022-05-04T05:47:19+00:00","dateModified":"2026-01-23T10:38:30+00:00","description":"Amaran T2c\u00a0sopii erityisesti\u00a0sis\u00e4ll\u00f6ntuottajille, indie-elokuvien tekij\u00f6ille ja valokuvaajille, jotka tarvitsevat lineaarisen akkuk\u00e4ytt\u00f6isen RGBWW-valon.","breadcrumb":{"@id":"https:\/\/mediatrade.fi\/en\/product\/amaran-t2c-eu-version\/#breadcrumb"},"inLanguage":"en-US","potentialAction":[{"@type":"ReadAction","target":["https:\/\/mediatrade.fi\/en\/product\/amaran-t2c-eu-version\/"]}]},{"@type":"ImageObject","inLanguage":"en-US","@id":"https:\/\/mediatrade.fi\/en\/product\/amaran-t2c-eu-version\/#primaryimage","url":"https:\/\/mediatrade.fi\/wp-content\/uploads\/2022\/05\/Amaran-T2c.webp","contentUrl":"https:\/\/mediatrade.fi\/wp-content\/uploads\/2022\/05\/Amaran-T2c.webp","width":1000,"height":1000},{"@type":"BreadcrumbList","@id":"https:\/\/mediatrade.fi\/en\/product\/amaran-t2c-eu-version\/#breadcrumb","itemListElement":[{"@type":"ListItem","position":1,"name":"Front Page","item":"https:\/\/mediatrade.fi\/en\/"},{"@type":"ListItem","position":2,"name":"Shop","item":"https:\/\/mediatrade.fi\/en\/shop\/"},{"@type":"ListItem","position":3,"name":"Amaran T2c (EU version)"}]},{"@type":"WebSite","@id":"https:\/\/mediatrade.fi\/en\/#website","url":"https:\/\/mediatrade.fi\/en\/","name":"Mediatrade","description":"","publisher":{"@id":"https:\/\/mediatrade.fi\/en\/#organization"},"potentialAction":[{"@type":"SearchAction","target":{"@type":"EntryPoint","urlTemplate":"https:\/\/mediatrade.fi\/en\/?s={search_term_string}"},"query-input":{"@type":"PropertyValueSpecification","valueRequired":true,"valueName":"search_term_string"}}],"inLanguage":"en-US"},{"@type":"Organization","@id":"https:\/\/mediatrade.fi\/en\/#organization","name":"Mediatrade","url":"https:\/\/mediatrade.fi\/en\/","logo":{"@type":"ImageObject","inLanguage":"en-US","@id":"https:\/\/mediatrade.fi\/en\/#\/schema\/logo\/image\/","url":"https:\/\/mediatrade.fi\/wp-content\/uploads\/2022\/04\/Group-640.svg","contentUrl":"https:\/\/mediatrade.fi\/wp-content\/uploads\/2022\/04\/Group-640.svg","width":128,"height":43,"caption":"Mediatrade"},"image":{"@id":"https:\/\/mediatrade.fi\/en\/#\/schema\/logo\/image\/"}}]}},"_links":{"self":[{"href":"https:\/\/mediatrade.fi\/en\/wp-json\/wp\/v2\/product\/399464","targetHints":{"allow":["GET"]}}],"collection":[{"href":"https:\/\/mediatrade.fi\/en\/wp-json\/wp\/v2\/product"}],"about":[{"href":"https:\/\/mediatrade.fi\/en\/wp-json\/wp\/v2\/types\/product"}],"wp:featuredmedia":[{"embeddable":true,"href":"https:\/\/mediatrade.fi\/en\/wp-json\/wp\/v2\/media\/457535"}],"wp:attachment":[{"href":"https:\/\/mediatrade.fi\/en\/wp-json\/wp\/v2\/media?parent=399464"}],"wp:term":[{"taxonomy":"product_brand","embeddable":true,"href":"https:\/\/mediatrade.fi\/en\/wp-json\/wp\/v2\/product_brand?post=399464"},{"taxonomy":"product_cat","embeddable":true,"href":"https:\/\/mediatrade.fi\/en\/wp-json\/wp\/v2\/product_cat?post=399464"},{"taxonomy":"product_tag","embeddable":true,"href":"https:\/\/mediatrade.fi\/en\/wp-json\/wp\/v2\/product_tag?post=399464"},{"taxonomy":"brands","embeddable":true,"href":"https:\/\/mediatrade.fi\/en\/wp-json\/wp\/v2\/brands?post=399464"},{"taxonomy":"id_product_type","embeddable":true,"href":"https:\/\/mediatrade.fi\/en\/wp-json\/wp\/v2\/id_product_type?post=399464"}],"curies":[{"name":"wp","href":"https:\/\/api.w.org\/{rel}","templated":true}]}}