{"id":399589,"date":"2022-05-04T08:35:14","date_gmt":"2025-01-21T22:00:56","guid":{"rendered":"https:\/\/mediatrade.fi\/tuote\/remote-camera-cr-n300bkeu-oth-3\/"},"modified":"2026-03-24T14:15:09","modified_gmt":"2026-03-24T12:15:09","slug":"remote-camera-cr-n300bkeu-oth-3","status":"publish","type":"product","link":"https:\/\/mediatrade.fi\/en\/product\/remote-camera-cr-n300bkeu-oth-3\/","title":{"rendered":"REMOTE CAMERA CR-N300(BK)(EU\/OTH)"},"content":{"rendered":"\n<section class=\"block block-woocommerce-product-description container-fluid container-fluid \">\n    <div class=\"container\">\n        <div class=\"row\">\n            <div class=\"col-12 col-md-6 order-2 order-md-1 attachments-col\">\n                                            <\/div>\n\n            <div class=\"col-12 col-md-5 offset-md-1 order-1 order-md-2\">\n                <main class=\"entry-content\">\n                    \n\n<h2 class=\"wp-block-heading\">REMOTE CAMERA CR-N300(BK)(EU\/OTH)<\/h2>\n\n\n\n<p><strong>Canon CR-N300<\/strong> tekee sis\u00e4ll\u00f6n luonnista ja striimauksesta todella helppoa. 1\/2.3-tyypin CMOS-kennon, 4K UHD -tarkkuuden, 20-kertaisen optisen zoomauksen sek\u00e4 monipuolisten striimaus- ja ohjausprotokollien ansiosta kamera sopii erinomaisesti erilaisiin videotuotantoihin. Kamerassa on nopea ja vakaa hybriditarkennus sek\u00e4 optinen kuvanvakain.<br><br>K\u00e4ytt\u00e4m\u00e4ll\u00e4 Canonin videokameroita ja PTZ-kameroita samassa tuotannossa, saat m\u00e4ts\u00e4tty\u00e4 saman v\u00e4rimaailman ja kuvailmeen. Kaikki kamerat ovat hallittavissa Canonin RC-IP 100 kontrollerilla tai softapaneelilla.<br><br>T\u00e4rkeimm\u00e4t speksit:<\/p>\n\n\n\n<ul class=\"wp-block-list\">\n<li>1\/2,3 tuuman CMOS-kenno ja DIGIC DV6 kuvaprosessori<\/li>\n\n\n\n<li>20x optinen zoom kuvanvakaimella<\/li>\n\n\n\n<li>V\u00e4himm\u00e4isvalaistus noin 1,5 lux<\/li>\n\n\n\n<li>ND: Sis\u00e4inen (max 1\/8 muuttuva-arvoinen), moottorik\u00e4ytt\u00f6inen<\/li>\n\n\n\n<li>IP striimaus: RTMP, NDI|HX*, RTP\/RTSP, RTMPS ja Canonin XC-protokollat<\/li>\n\n\n\n<li>Hybridiautomaattitarkennus<\/li>\n\n\n\n<li>Liit\u00e4nn\u00e4t: HDMI, 3G-SDI, USB, PoE+ yms<\/li>\n\n\n\n<li>Pehme\u00e4t panoroinnit ja kallistukset<\/li>\n<\/ul>\n\n\n                <\/main>\n            <\/div>\n        <\/div>\n    <\/div>\n<\/section>\n\n\n\n    \n\n<section class=\"block woocommerce-similar-products container-fluid \">\n    \n<div class=\"partial-block-header\">\n    <div class=\"container\">\n        <div class=\"row align-items-center\">\n            <div class=\"col col-12 col-md-6 d-flex justify-content-start title-col\">\n                                <h2 class=\"block-title\">Liittyv\u00e4t tuotteet<\/h2>\n                            <\/div>\n            <div class=\"col col-12 col-md-6 d-flex justify-content-md-end cta-col\">\n                            <\/div>\n        <\/div>\n    <\/div>\n<\/div>\n    <div class=\"container\">\n                <div class=\"row card-row\">\n            <div class=\"col\">\n                \n<div class=\"swiper\">\n            <div class=\"slide\">\n            <div class=\"card product product-feature-tracking\" onclick=\"document.getElementById('card-link-69d25edb2b52e').click();\" data-product='{\"title\":\"REMOTE CAMERA CR-N500(BK)(EU\\\/OTH)\",\"sku\":\"4839C003\",\"price\":\"5035\",\"brand_name\":\"Canon\",\"link\":\"https:\\\/\\\/mediatrade.fi\\\/en\\\/product\\\/remote-camera-cr-n500bkeu-oth-2\\\/\"}'>\n    <div class=\"thumbnail-wrap\">\n        <a href=\"https:\/\/mediatrade.fi\/en\/product\/remote-camera-cr-n500bkeu-oth-2\/\" title=\"REMOTE CAMERA CR-N500(BK)(EU\/OTH)\">\n            <div class=\"card-thumbnail\">\n                <img decoding=\"async\" width=\"300\" height=\"300\" src=\"https:\/\/mediatrade.fi\/wp-content\/uploads\/2022\/04\/canon-cr-n500bkptz-camera-300x300.jpg\" class=\"attachment-medium size-medium wp-post-image\" alt=\"\" srcset=\"https:\/\/mediatrade.fi\/wp-content\/uploads\/2022\/04\/canon-cr-n500bkptz-camera-300x300.jpg 300w, https:\/\/mediatrade.fi\/wp-content\/uploads\/2022\/04\/canon-cr-n500bkptz-camera-400x400.jpg 400w, https:\/\/mediatrade.fi\/wp-content\/uploads\/2022\/04\/canon-cr-n500bkptz-camera-150x150.jpg 150w, https:\/\/mediatrade.fi\/wp-content\/uploads\/2022\/04\/canon-cr-n500bkptz-camera-100x100.jpg 100w, https:\/\/mediatrade.fi\/wp-content\/uploads\/2022\/04\/canon-cr-n500bkptz-camera.jpg 600w\" sizes=\"300px\" \/>            <\/div>\n        <\/a>\n\n        <div class=\"product-tags\">\n            \n            \n            \n                    <\/div>\n    <\/div>\n    <div class=\"card-content\">\n                <div class=\"brand\">\n            <a class=\"brand-link\" href=\"https:\/\/mediatrade.fi\/en\/tuote-osasto\/all-products\/?brands=canon\">Canon<\/a>\n        <\/div>\n                <h3 class=\"h3 card-title\"><a class=\"product-card-link\" id=\"card-link-69d25edb2b52e\" href=\"https:\/\/mediatrade.fi\/en\/product\/remote-camera-cr-n500bkeu-oth-2\/\" rel=\"bookmark\">REMOTE CAMERA CR-N500(BK)(EU\/OTH)<\/a><\/h3>                            <div class=\"price\">\n                <span class=\"ask-offer\">Request a quote<\/span>\n            <\/div>\n            <\/div>\n<\/div>\n        <\/div>\n            <div class=\"slide\">\n            <div class=\"card product product-feature-tracking\" onclick=\"document.getElementById('card-link-69d25edb36409').click();\" data-product='{\"title\":\"REMOTE CAMERA CR-N700(BK)\",\"sku\":\"6022C001\",\"price\":\"7600\",\"brand_name\":\"Canon\",\"link\":\"https:\\\/\\\/mediatrade.fi\\\/en\\\/product\\\/remote-camera-cr-n700bk-2\\\/\"}'>\n    <div class=\"thumbnail-wrap\">\n        <a href=\"https:\/\/mediatrade.fi\/en\/product\/remote-camera-cr-n700bk-2\/\" title=\"REMOTE CAMERA CR-N700(BK)\">\n            <div class=\"card-thumbnail\">\n                <img decoding=\"async\" width=\"300\" height=\"169\" src=\"https:\/\/mediatrade.fi\/wp-content\/uploads\/2022\/09\/CR-N700-copy-300x169.jpg\" class=\"attachment-medium size-medium wp-post-image\" alt=\"\" srcset=\"https:\/\/mediatrade.fi\/wp-content\/uploads\/2022\/09\/CR-N700-copy-300x169.jpg 300w, https:\/\/mediatrade.fi\/wp-content\/uploads\/2022\/09\/CR-N700-copy-768x432.jpg 768w, https:\/\/mediatrade.fi\/wp-content\/uploads\/2022\/09\/CR-N700-copy-1024x576.jpg 1024w, https:\/\/mediatrade.fi\/wp-content\/uploads\/2022\/09\/CR-N700-copy-1536x864.jpg 1536w, https:\/\/mediatrade.fi\/wp-content\/uploads\/2022\/09\/CR-N700-copy-600x338.jpg 600w, https:\/\/mediatrade.fi\/wp-content\/uploads\/2022\/09\/CR-N700-copy-533x300.jpg 533w, https:\/\/mediatrade.fi\/wp-content\/uploads\/2022\/09\/CR-N700-copy.jpg 1920w\" sizes=\"300px\" \/>            <\/div>\n        <\/a>\n\n        <div class=\"product-tags\">\n            \n            \n            \n                    <\/div>\n    <\/div>\n    <div class=\"card-content\">\n                <div class=\"brand\">\n            <a class=\"brand-link\" href=\"https:\/\/mediatrade.fi\/en\/tuote-osasto\/all-products\/?brands=canon\">Canon<\/a>\n        <\/div>\n                <h3 class=\"h3 card-title\"><a class=\"product-card-link\" id=\"card-link-69d25edb36409\" href=\"https:\/\/mediatrade.fi\/en\/product\/remote-camera-cr-n700bk-2\/\" rel=\"bookmark\">REMOTE CAMERA CR-N700(BK)<\/a><\/h3>                            <div class=\"price\">\n                <span class=\"ask-offer\">Request a quote<\/span>\n            <\/div>\n            <\/div>\n<\/div>\n        <\/div>\n        <\/div>            <\/div>\n        <\/div>\n            <\/div>\n<\/section>\n\n\n\n<section class=\"block block-profile-listing container-fluid \">\n    <div class=\"container\">\n        <div class=\"row\">\n            <main class=\"entry-content col-12\">\n                \n\n<h2 class=\"wp-block-heading\">T\u00e4m\u00e4n tuotteen asiantuntijat<\/h2>\n\n\n            <\/main>\n                        <div class=\"col-12 col-lg-6\">\n                <div class=\"person-wrapper\">\n                    <div class=\"image-wrapper\">\n                        <img decoding=\"async\" width=\"576\" height=\"1024\" src=\"https:\/\/mediatrade.fi\/wp-content\/uploads\/2022\/04\/Lauri_Virkki-576x1024-1.jpg\" class=\"attachment-post-thumbnail size-post-thumbnail wp-post-image\" alt=\"\" srcset=\"https:\/\/mediatrade.fi\/wp-content\/uploads\/2022\/04\/Lauri_Virkki-576x1024-1.jpg 576w, https:\/\/mediatrade.fi\/wp-content\/uploads\/2022\/04\/Lauri_Virkki-576x1024-1-169x300.jpg 169w\" sizes=\"(max-width: 575px) 100vw, (max-width: 767px) 570, (max-width: 991px) 830, (max-width: 1199px) 930, 994px\" \/>                    <\/div>\n                    <div class=\"content-wrapper\">\n                        <h4 class=\"name\">Lauri Virkki<\/h4>\n                        <p class=\"title\">Project Manager<\/p>\n                        <p class=\"summary\">I manage Mediatrade&#8217;s projects and handle system design. I\u2019m well-versed in production technology challenges, tools, and workflows.<\/p>\n                                                <span class=\"knowledge-title\">Area of expertise<\/span>\n                        <p class=\"knowledge\">Cinematography, program production, IP technologies<\/p>\n                                                <p class=\"phone\">+358201557720<\/p>\n                        <p class=\"email\"> lauri.virkki@mediatrade.fi<\/p>\n                    <\/div>\n                <\/div>\n            <\/div>\n                        <div class=\"col-12 col-lg-6\">\n                <div class=\"person-wrapper\">\n                    <div class=\"image-wrapper\">\n                        <img decoding=\"async\" width=\"576\" height=\"1024\" src=\"https:\/\/mediatrade.fi\/wp-content\/uploads\/2022\/03\/Mikko_Leino-576x1024-1.jpg\" class=\"attachment-post-thumbnail size-post-thumbnail wp-post-image\" alt=\"\" srcset=\"https:\/\/mediatrade.fi\/wp-content\/uploads\/2022\/03\/Mikko_Leino-576x1024-1.jpg 576w, https:\/\/mediatrade.fi\/wp-content\/uploads\/2022\/03\/Mikko_Leino-576x1024-1-169x300.jpg 169w\" sizes=\"(max-width: 575px) 100vw, (max-width: 767px) 570, (max-width: 991px) 830, (max-width: 1199px) 930, 994px\" \/>                    <\/div>\n                    <div class=\"content-wrapper\">\n                        <h4 class=\"name\">Mikko Leino<\/h4>\n                        <p class=\"title\">System Specialist<\/p>\n                        <p class=\"summary\">I\u2019m responsible for traditional video production equipment and tools, as well as streaming and web production solutions.<\/p>\n                                                <span class=\"knowledge-title\">Area of expertise<\/span>\n                        <p class=\"knowledge\">Cinematography, Audio, Program Production, Streaming<\/p>\n                                                <p class=\"phone\">+358201557732<\/p>\n                        <p class=\"email\">mikko.leino@mediatrade.fi<\/p>\n                    <\/div>\n                <\/div>\n            <\/div>\n                                <\/div>\n    <\/div>\n<\/section>\n","protected":false},"excerpt":{"rendered":"","protected":false},"featured_media":41214,"template":"","meta":{"_acf_changed":false,"_relevanssi_hide_post":"","_relevanssi_hide_content":"","_relevanssi_pin_for_all":"","_relevanssi_pin_keywords":"","_relevanssi_unpin_keywords":"","_relevanssi_related_keywords":"","_relevanssi_related_include_ids":"","_relevanssi_related_exclude_ids":"","_relevanssi_related_no_append":"","_relevanssi_related_not_related":"","_relevanssi_related_posts":"","_relevanssi_noindex_reason":""},"product_brand":[],"product_cat":[2486,3476,2486],"product_tag":[],"brands":[621],"id_product_type":[],"class_list":{"0":"post-399589","1":"product","2":"type-product","3":"status-publish","4":"has-post-thumbnail","6":"product_cat-all-products","7":"product_cat-cameras-and-equipment","10":"first","11":"onbackorder","12":"taxable","13":"shipping-taxable","14":"purchasable","15":"product-type-simple"},"bundled_by":[],"bundle_stock_status":"onbackorder","bundle_stock_quantity":0,"bundle_virtual":false,"bundle_layout":"","bundle_add_to_cart_form_location":"","bundle_editable_in_cart":false,"bundle_sold_individually_context":"","bundle_item_grouping":"","bundle_min_size":"","bundle_max_size":"","bundle_price":[],"bundled_items":[],"bundle_sell_ids":[],"acf":[],"yoast_head":"<!-- This site is optimized with the Yoast SEO plugin v27.1.1 - https:\/\/yoast.com\/product\/yoast-seo-wordpress\/ -->\n<title>REMOTE CAMERA CR-N300(BK)(EU\/OTH) - Mediatrade<\/title>\n<meta name=\"description\" content=\"Canon CR-N300 tekee sis\u00e4ll\u00f6n luonnista ja striimauksesta todella helppoa.\" \/>\n<meta name=\"robots\" content=\"index, follow, max-snippet:-1, max-image-preview:large, max-video-preview:-1\" \/>\n<link rel=\"canonical\" href=\"https:\/\/mediatrade.fi\/en\/product\/remote-camera-cr-n300bkeu-oth-3\/\" \/>\n<meta property=\"og:locale\" content=\"en_US\" \/>\n<meta property=\"og:type\" content=\"article\" \/>\n<meta property=\"og:title\" content=\"REMOTE CAMERA CR-N300(BK)(EU\/OTH) - Mediatrade\" \/>\n<meta property=\"og:description\" content=\"Canon CR-N300 tekee sis\u00e4ll\u00f6n luonnista ja striimauksesta todella helppoa.\" \/>\n<meta property=\"og:url\" content=\"https:\/\/mediatrade.fi\/en\/product\/remote-camera-cr-n300bkeu-oth-3\/\" \/>\n<meta property=\"og:site_name\" content=\"Mediatrade\" \/>\n<meta property=\"article:modified_time\" content=\"2026-03-24T12:15:09+00:00\" \/>\n<meta property=\"og:image\" content=\"https:\/\/mediatrade.fi\/wp-content\/uploads\/2022\/04\/canon-cr-n300bkptz-camera.jpg\" \/>\n\t<meta property=\"og:image:width\" content=\"600\" \/>\n\t<meta property=\"og:image:height\" content=\"600\" \/>\n\t<meta property=\"og:image:type\" content=\"image\/jpeg\" \/>\n<meta name=\"twitter:card\" content=\"summary_large_image\" \/>\n<meta name=\"twitter:label1\" content=\"Est. reading time\" \/>\n\t<meta name=\"twitter:data1\" content=\"1 minute\" \/>\n<script type=\"application\/ld+json\" class=\"yoast-schema-graph\">{\"@context\":\"https:\/\/schema.org\",\"@graph\":[{\"@type\":\"WebPage\",\"@id\":\"https:\/\/mediatrade.fi\/en\/product\/remote-camera-cr-n300bkeu-oth-3\/\",\"url\":\"https:\/\/mediatrade.fi\/en\/product\/remote-camera-cr-n300bkeu-oth-3\/\",\"name\":\"REMOTE CAMERA CR-N300(BK)(EU\/OTH) - Mediatrade\",\"isPartOf\":{\"@id\":\"https:\/\/mediatrade.fi\/en\/#website\"},\"primaryImageOfPage\":{\"@id\":\"https:\/\/mediatrade.fi\/en\/product\/remote-camera-cr-n300bkeu-oth-3\/#primaryimage\"},\"image\":{\"@id\":\"https:\/\/mediatrade.fi\/en\/product\/remote-camera-cr-n300bkeu-oth-3\/#primaryimage\"},\"thumbnailUrl\":\"https:\/\/mediatrade.fi\/wp-content\/uploads\/2022\/04\/canon-cr-n300bkptz-camera.jpg\",\"datePublished\":\"2025-01-21T22:00:56+00:00\",\"dateModified\":\"2026-03-24T12:15:09+00:00\",\"description\":\"Canon CR-N300 tekee sis\u00e4ll\u00f6n luonnista ja striimauksesta todella helppoa.\",\"breadcrumb\":{\"@id\":\"https:\/\/mediatrade.fi\/en\/product\/remote-camera-cr-n300bkeu-oth-3\/#breadcrumb\"},\"inLanguage\":\"en-US\",\"potentialAction\":[{\"@type\":\"ReadAction\",\"target\":[\"https:\/\/mediatrade.fi\/en\/product\/remote-camera-cr-n300bkeu-oth-3\/\"]}]},{\"@type\":\"ImageObject\",\"inLanguage\":\"en-US\",\"@id\":\"https:\/\/mediatrade.fi\/en\/product\/remote-camera-cr-n300bkeu-oth-3\/#primaryimage\",\"url\":\"https:\/\/mediatrade.fi\/wp-content\/uploads\/2022\/04\/canon-cr-n300bkptz-camera.jpg\",\"contentUrl\":\"https:\/\/mediatrade.fi\/wp-content\/uploads\/2022\/04\/canon-cr-n300bkptz-camera.jpg\",\"width\":600,\"height\":600},{\"@type\":\"BreadcrumbList\",\"@id\":\"https:\/\/mediatrade.fi\/en\/product\/remote-camera-cr-n300bkeu-oth-3\/#breadcrumb\",\"itemListElement\":[{\"@type\":\"ListItem\",\"position\":1,\"name\":\"Front Page\",\"item\":\"https:\/\/mediatrade.fi\/en\/\"},{\"@type\":\"ListItem\",\"position\":2,\"name\":\"Shop\",\"item\":\"https:\/\/mediatrade.fi\/en\/shop\/\"},{\"@type\":\"ListItem\",\"position\":3,\"name\":\"REMOTE CAMERA CR-N300(BK)(EU\/OTH)\"}]},{\"@type\":\"WebSite\",\"@id\":\"https:\/\/mediatrade.fi\/en\/#website\",\"url\":\"https:\/\/mediatrade.fi\/en\/\",\"name\":\"Mediatrade\",\"description\":\"\",\"publisher\":{\"@id\":\"https:\/\/mediatrade.fi\/en\/#organization\"},\"potentialAction\":[{\"@type\":\"SearchAction\",\"target\":{\"@type\":\"EntryPoint\",\"urlTemplate\":\"https:\/\/mediatrade.fi\/en\/?s={search_term_string}\"},\"query-input\":{\"@type\":\"PropertyValueSpecification\",\"valueRequired\":true,\"valueName\":\"search_term_string\"}}],\"inLanguage\":\"en-US\"},{\"@type\":\"Organization\",\"@id\":\"https:\/\/mediatrade.fi\/en\/#organization\",\"name\":\"Mediatrade\",\"url\":\"https:\/\/mediatrade.fi\/en\/\",\"logo\":{\"@type\":\"ImageObject\",\"inLanguage\":\"en-US\",\"@id\":\"https:\/\/mediatrade.fi\/en\/#\/schema\/logo\/image\/\",\"url\":\"https:\/\/mediatrade.fi\/wp-content\/uploads\/2022\/04\/Group-640.svg\",\"contentUrl\":\"https:\/\/mediatrade.fi\/wp-content\/uploads\/2022\/04\/Group-640.svg\",\"width\":128,\"height\":43,\"caption\":\"Mediatrade\"},\"image\":{\"@id\":\"https:\/\/mediatrade.fi\/en\/#\/schema\/logo\/image\/\"}}]}<\/script>\n<!-- \/ Yoast SEO plugin. -->","yoast_head_json":{"title":"REMOTE CAMERA CR-N300(BK)(EU\/OTH) - Mediatrade","description":"Canon CR-N300 tekee sis\u00e4ll\u00f6n luonnista ja striimauksesta todella helppoa.","robots":{"index":"index","follow":"follow","max-snippet":"max-snippet:-1","max-image-preview":"max-image-preview:large","max-video-preview":"max-video-preview:-1"},"canonical":"https:\/\/mediatrade.fi\/en\/product\/remote-camera-cr-n300bkeu-oth-3\/","og_locale":"en_US","og_type":"article","og_title":"REMOTE CAMERA CR-N300(BK)(EU\/OTH) - Mediatrade","og_description":"Canon CR-N300 tekee sis\u00e4ll\u00f6n luonnista ja striimauksesta todella helppoa.","og_url":"https:\/\/mediatrade.fi\/en\/product\/remote-camera-cr-n300bkeu-oth-3\/","og_site_name":"Mediatrade","article_modified_time":"2026-03-24T12:15:09+00:00","og_image":[{"width":600,"height":600,"url":"https:\/\/mediatrade.fi\/wp-content\/uploads\/2022\/04\/canon-cr-n300bkptz-camera.jpg","type":"image\/jpeg"}],"twitter_card":"summary_large_image","twitter_misc":{"Est. reading time":"1 minute"},"schema":{"@context":"https:\/\/schema.org","@graph":[{"@type":"WebPage","@id":"https:\/\/mediatrade.fi\/en\/product\/remote-camera-cr-n300bkeu-oth-3\/","url":"https:\/\/mediatrade.fi\/en\/product\/remote-camera-cr-n300bkeu-oth-3\/","name":"REMOTE CAMERA CR-N300(BK)(EU\/OTH) - Mediatrade","isPartOf":{"@id":"https:\/\/mediatrade.fi\/en\/#website"},"primaryImageOfPage":{"@id":"https:\/\/mediatrade.fi\/en\/product\/remote-camera-cr-n300bkeu-oth-3\/#primaryimage"},"image":{"@id":"https:\/\/mediatrade.fi\/en\/product\/remote-camera-cr-n300bkeu-oth-3\/#primaryimage"},"thumbnailUrl":"https:\/\/mediatrade.fi\/wp-content\/uploads\/2022\/04\/canon-cr-n300bkptz-camera.jpg","datePublished":"2025-01-21T22:00:56+00:00","dateModified":"2026-03-24T12:15:09+00:00","description":"Canon CR-N300 tekee sis\u00e4ll\u00f6n luonnista ja striimauksesta todella helppoa.","breadcrumb":{"@id":"https:\/\/mediatrade.fi\/en\/product\/remote-camera-cr-n300bkeu-oth-3\/#breadcrumb"},"inLanguage":"en-US","potentialAction":[{"@type":"ReadAction","target":["https:\/\/mediatrade.fi\/en\/product\/remote-camera-cr-n300bkeu-oth-3\/"]}]},{"@type":"ImageObject","inLanguage":"en-US","@id":"https:\/\/mediatrade.fi\/en\/product\/remote-camera-cr-n300bkeu-oth-3\/#primaryimage","url":"https:\/\/mediatrade.fi\/wp-content\/uploads\/2022\/04\/canon-cr-n300bkptz-camera.jpg","contentUrl":"https:\/\/mediatrade.fi\/wp-content\/uploads\/2022\/04\/canon-cr-n300bkptz-camera.jpg","width":600,"height":600},{"@type":"BreadcrumbList","@id":"https:\/\/mediatrade.fi\/en\/product\/remote-camera-cr-n300bkeu-oth-3\/#breadcrumb","itemListElement":[{"@type":"ListItem","position":1,"name":"Front Page","item":"https:\/\/mediatrade.fi\/en\/"},{"@type":"ListItem","position":2,"name":"Shop","item":"https:\/\/mediatrade.fi\/en\/shop\/"},{"@type":"ListItem","position":3,"name":"REMOTE CAMERA CR-N300(BK)(EU\/OTH)"}]},{"@type":"WebSite","@id":"https:\/\/mediatrade.fi\/en\/#website","url":"https:\/\/mediatrade.fi\/en\/","name":"Mediatrade","description":"","publisher":{"@id":"https:\/\/mediatrade.fi\/en\/#organization"},"potentialAction":[{"@type":"SearchAction","target":{"@type":"EntryPoint","urlTemplate":"https:\/\/mediatrade.fi\/en\/?s={search_term_string}"},"query-input":{"@type":"PropertyValueSpecification","valueRequired":true,"valueName":"search_term_string"}}],"inLanguage":"en-US"},{"@type":"Organization","@id":"https:\/\/mediatrade.fi\/en\/#organization","name":"Mediatrade","url":"https:\/\/mediatrade.fi\/en\/","logo":{"@type":"ImageObject","inLanguage":"en-US","@id":"https:\/\/mediatrade.fi\/en\/#\/schema\/logo\/image\/","url":"https:\/\/mediatrade.fi\/wp-content\/uploads\/2022\/04\/Group-640.svg","contentUrl":"https:\/\/mediatrade.fi\/wp-content\/uploads\/2022\/04\/Group-640.svg","width":128,"height":43,"caption":"Mediatrade"},"image":{"@id":"https:\/\/mediatrade.fi\/en\/#\/schema\/logo\/image\/"}}]}},"_links":{"self":[{"href":"https:\/\/mediatrade.fi\/en\/wp-json\/wp\/v2\/product\/399589","targetHints":{"allow":["GET"]}}],"collection":[{"href":"https:\/\/mediatrade.fi\/en\/wp-json\/wp\/v2\/product"}],"about":[{"href":"https:\/\/mediatrade.fi\/en\/wp-json\/wp\/v2\/types\/product"}],"wp:featuredmedia":[{"embeddable":true,"href":"https:\/\/mediatrade.fi\/en\/wp-json\/wp\/v2\/media\/41214"}],"wp:attachment":[{"href":"https:\/\/mediatrade.fi\/en\/wp-json\/wp\/v2\/media?parent=399589"}],"wp:term":[{"taxonomy":"product_brand","embeddable":true,"href":"https:\/\/mediatrade.fi\/en\/wp-json\/wp\/v2\/product_brand?post=399589"},{"taxonomy":"product_cat","embeddable":true,"href":"https:\/\/mediatrade.fi\/en\/wp-json\/wp\/v2\/product_cat?post=399589"},{"taxonomy":"product_tag","embeddable":true,"href":"https:\/\/mediatrade.fi\/en\/wp-json\/wp\/v2\/product_tag?post=399589"},{"taxonomy":"brands","embeddable":true,"href":"https:\/\/mediatrade.fi\/en\/wp-json\/wp\/v2\/brands?post=399589"},{"taxonomy":"id_product_type","embeddable":true,"href":"https:\/\/mediatrade.fi\/en\/wp-json\/wp\/v2\/id_product_type?post=399589"}],"curies":[{"name":"wp","href":"https:\/\/api.w.org\/{rel}","templated":true}]}}