{"id":399617,"date":"2022-05-04T08:32:57","date_gmt":"2025-01-21T22:01:24","guid":{"rendered":"https:\/\/mediatrade.fi\/tuote\/remote-camera-cr-n500wheu-oth-2\/"},"modified":"2025-11-26T07:21:54","modified_gmt":"2025-11-26T05:21:54","slug":"remote-camera-cr-n500wheu-oth-2","status":"publish","type":"product","link":"https:\/\/mediatrade.fi\/en\/product\/remote-camera-cr-n500wheu-oth-2\/","title":{"rendered":"REMOTE CAMERA CR-N500(WH)(EU\/OTH)"},"content":{"rendered":"\n<section class=\"block block-woocommerce-product-description container-fluid container-fluid \">\n    <div class=\"container\">\n        <div class=\"row\">\n            <div class=\"col-12 col-md-6 order-2 order-md-1 attachments-col\">\n                                            <\/div>\n\n            <div class=\"col-12 col-md-5 offset-md-1 order-1 order-md-2\">\n                <main class=\"entry-content\">\n                    \n\n<h2 class=\"wp-block-heading\">Tuotetiedot<\/h2>\n\n\n\n<p><strong>Canon CR-N500<\/strong> on tuuman kennolla varustettu PTZ-kamera, joka on tarkoitettu monipuolisiin tuotantoihin. Kamerassa on 1&#8243; 4K UHD kenno, kennotason tarkennus (Dual Pixel CMOS AF), 15x optinen zoomaus, tasainen panorointi ja kallistus sek\u00e4 kuvanvakain. Itse asiassa CR-N500 PTZ-kamerassa k\u00e4ytet\u00e4\u00e4n samaa kennoa, kuin Canon XA55 4K-videokamerassa.<br><br>K\u00e4ytt\u00e4m\u00e4ll\u00e4 Canonin videokameroita ja PTZ-kameroita samassa tuotannossa, saat m\u00e4ts\u00e4tty\u00e4 saman v\u00e4rimaailman ja kuvailmeen. Kaikki kamerat ovat hallittavissa Canonin RC-IP 100 kontrollerilla tai softapaneelilla. T\u00e4m\u00e4 s\u00e4\u00e4st\u00e4\u00e4 aikaa ja rahaa, ja sopii erinomaisesti muun muassa livekeikkoihin, jotka t\u00e4ytyy striimata.<\/p>\n\n\n\n<h3 class=\"wp-block-heading\">Ominaisuudet<\/h3>\n\n\n\n<ul class=\"wp-block-list\">\n<li>1.0 tuumainen CMOS-kenno ja DIGIC DV6 kuvaprosessori<\/li>\n\n\n\n<li>15x optinen zoom kuvanvakaimella, 20x digitaalinen zoom<\/li>\n\n\n\n<li>V\u00e4himm\u00e4isvalaistus noin 1,5 lux<\/li>\n\n\n\n<li>ND: Sis\u00e4inen (ei k\u00e4yt\u00f6ss\u00e4, 1\/4, 1\/16, 1\/64), moottorik\u00e4ytt\u00f6inen<\/li>\n\n\n\n<li>IP striimaus: RTMP, NDI|HX*, RTP\/RTSP, RTMPS ja Canonin XC-protokollat<\/li>\n\n\n\n<li>K\u00e4ytt\u00f6 my\u00f6s heikossa valaistuksessa (1.5 lux)<\/li>\n\n\n\n<li>Dual Pixel CMOS automaattitarkennus<\/li>\n\n\n\n<li>Liit\u00e4nn\u00e4t: HDMI, 3G-SDI, PoE+ ja XLR Audio<\/li>\n\n\n\n<li>Pehme\u00e4t panoroinnit ja kallistukset<\/li>\n\n\n\n<li>HDR-yhteensopiva, monipuoliset kuvanlaadun s\u00e4\u00e4d\u00f6t<\/li>\n<\/ul>\n\n\n                <\/main>\n            <\/div>\n        <\/div>\n    <\/div>\n<\/section>\n\n\n\n    \n\n<section class=\"block woocommerce-similar-products container-fluid \">\n    \n<div class=\"partial-block-header\">\n    <div class=\"container\">\n        <div class=\"row align-items-center\">\n            <div class=\"col col-12 col-md-6 d-flex justify-content-start title-col\">\n                                <h2 class=\"block-title\">Samankaltaiset tuotteet<\/h2>\n                            <\/div>\n            <div class=\"col col-12 col-md-6 d-flex justify-content-md-end cta-col\">\n                            <\/div>\n        <\/div>\n    <\/div>\n<\/div>\n    <div class=\"container\">\n                <div class=\"row card-row\">\n            <div class=\"col\">\n                \n<div class=\"swiper\">\n            <div class=\"slide\">\n            <div class=\"card product product-feature-tracking\" onclick=\"document.getElementById('card-link-69d25bb19c96d').click();\" data-product='{\"title\":\"REMOTE CAMERA CR-N300(WH)(EU\\\/OTH)\",\"sku\":\"5157C004\",\"price\":\"2470\",\"brand_name\":\"Canon\",\"link\":\"https:\\\/\\\/mediatrade.fi\\\/en\\\/product\\\/remote-camera-cr-n300wheu-oth-2\\\/\"}'>\n    <div class=\"thumbnail-wrap\">\n        <a href=\"https:\/\/mediatrade.fi\/en\/product\/remote-camera-cr-n300wheu-oth-2\/\" title=\"REMOTE CAMERA CR-N300(WH)(EU\/OTH)\">\n            <div class=\"card-thumbnail\">\n                <img decoding=\"async\" width=\"300\" height=\"300\" src=\"https:\/\/mediatrade.fi\/wp-content\/uploads\/2022\/04\/canon-cr-n300whptz-camera-300x300.jpg\" class=\"attachment-medium size-medium wp-post-image\" alt=\"\" srcset=\"https:\/\/mediatrade.fi\/wp-content\/uploads\/2022\/04\/canon-cr-n300whptz-camera-300x300.jpg 300w, https:\/\/mediatrade.fi\/wp-content\/uploads\/2022\/04\/canon-cr-n300whptz-camera-400x400.jpg 400w, https:\/\/mediatrade.fi\/wp-content\/uploads\/2022\/04\/canon-cr-n300whptz-camera-150x150.jpg 150w, https:\/\/mediatrade.fi\/wp-content\/uploads\/2022\/04\/canon-cr-n300whptz-camera-100x100.jpg 100w, https:\/\/mediatrade.fi\/wp-content\/uploads\/2022\/04\/canon-cr-n300whptz-camera.jpg 600w\" sizes=\"300px\" \/>            <\/div>\n        <\/a>\n\n        <div class=\"product-tags\">\n            \n            \n            \n                    <\/div>\n    <\/div>\n    <div class=\"card-content\">\n                <div class=\"brand\">\n            <a class=\"brand-link\" href=\"https:\/\/mediatrade.fi\/en\/tuote-osasto\/all-products\/?brands=canon\">Canon<\/a>\n        <\/div>\n                <h3 class=\"h3 card-title\"><a class=\"product-card-link\" id=\"card-link-69d25bb19c96d\" href=\"https:\/\/mediatrade.fi\/en\/product\/remote-camera-cr-n300wheu-oth-2\/\" rel=\"bookmark\">REMOTE CAMERA CR-N300(WH)(EU\/OTH)<\/a><\/h3>                    <div class=\"price\">\n                2470&nbsp;&euro;<span class=\"tax\">(VAT 0%)<\/span>\n            <\/div>\n                    <\/div>\n<\/div>\n        <\/div>\n            <div class=\"slide\">\n            <div class=\"card product product-feature-tracking\" onclick=\"document.getElementById('card-link-69d25bb19e24b').click();\" data-product='{\"title\":\"REMOTE CAMERA CR-N700(WH)\",\"sku\":\"6022C002\",\"price\":\"7600\",\"brand_name\":\"Canon\",\"link\":\"https:\\\/\\\/mediatrade.fi\\\/en\\\/product\\\/remote-camera-cr-n700wh-2\\\/\"}'>\n    <div class=\"thumbnail-wrap\">\n        <a href=\"https:\/\/mediatrade.fi\/en\/product\/remote-camera-cr-n700wh-2\/\" title=\"REMOTE CAMERA CR-N700(WH)\">\n            <div class=\"card-thumbnail\">\n                <img decoding=\"async\" width=\"300\" height=\"300\" src=\"https:\/\/mediatrade.fi\/wp-content\/uploads\/2022\/09\/cr-n700-wht_canon_1-1-300x300.webp\" class=\"attachment-medium size-medium wp-post-image\" alt=\"\" srcset=\"https:\/\/mediatrade.fi\/wp-content\/uploads\/2022\/09\/cr-n700-wht_canon_1-1-300x300.webp 300w, https:\/\/mediatrade.fi\/wp-content\/uploads\/2022\/09\/cr-n700-wht_canon_1-1-400x400.webp 400w, https:\/\/mediatrade.fi\/wp-content\/uploads\/2022\/09\/cr-n700-wht_canon_1-1-150x150.webp 150w, https:\/\/mediatrade.fi\/wp-content\/uploads\/2022\/09\/cr-n700-wht_canon_1-1-100x100.webp 100w, https:\/\/mediatrade.fi\/wp-content\/uploads\/2022\/09\/cr-n700-wht_canon_1-1.webp 552w\" sizes=\"300px\" \/>            <\/div>\n        <\/a>\n\n        <div class=\"product-tags\">\n            \n            \n            \n                    <\/div>\n    <\/div>\n    <div class=\"card-content\">\n                <div class=\"brand\">\n            <a class=\"brand-link\" href=\"https:\/\/mediatrade.fi\/en\/tuote-osasto\/all-products\/?brands=canon\">Canon<\/a>\n        <\/div>\n                <h3 class=\"h3 card-title\"><a class=\"product-card-link\" id=\"card-link-69d25bb19e24b\" href=\"https:\/\/mediatrade.fi\/en\/product\/remote-camera-cr-n700wh-2\/\" rel=\"bookmark\">REMOTE CAMERA CR-N700(WH)<\/a><\/h3>                            <div class=\"price\">\n                <span class=\"ask-offer\">Request a quote<\/span>\n            <\/div>\n            <\/div>\n<\/div>\n        <\/div>\n        <\/div>            <\/div>\n        <\/div>\n            <\/div>\n<\/section>\n\n\n\n<section class=\"block block-profile-listing container-fluid \">\n    <div class=\"container\">\n        <div class=\"row\">\n            <main class=\"entry-content col-12\">\n                \n\n<h2 class=\"wp-block-heading\">Asiantuntijat<\/h2>\n\n\n            <\/main>\n                        <div class=\"col-12 col-lg-6\">\n                <div class=\"person-wrapper\">\n                    <div class=\"image-wrapper\">\n                        <img decoding=\"async\" width=\"576\" height=\"1024\" src=\"https:\/\/mediatrade.fi\/wp-content\/uploads\/2022\/04\/Lauri_Virkki-576x1024-1.jpg\" class=\"attachment-post-thumbnail size-post-thumbnail wp-post-image\" alt=\"\" srcset=\"https:\/\/mediatrade.fi\/wp-content\/uploads\/2022\/04\/Lauri_Virkki-576x1024-1.jpg 576w, https:\/\/mediatrade.fi\/wp-content\/uploads\/2022\/04\/Lauri_Virkki-576x1024-1-169x300.jpg 169w\" sizes=\"(max-width: 575px) 100vw, (max-width: 767px) 570, (max-width: 991px) 830, (max-width: 1199px) 930, 994px\" \/>                    <\/div>\n                    <div class=\"content-wrapper\">\n                        <h4 class=\"name\">Lauri Virkki<\/h4>\n                        <p class=\"title\">Project Manager<\/p>\n                        <p class=\"summary\">I manage Mediatrade&#8217;s projects and handle system design. I\u2019m well-versed in production technology challenges, tools, and workflows.<\/p>\n                                                <span class=\"knowledge-title\">Area of expertise<\/span>\n                        <p class=\"knowledge\">Cinematography, program production, IP technologies<\/p>\n                                                <p class=\"phone\">+358201557720<\/p>\n                        <p class=\"email\"> lauri.virkki@mediatrade.fi<\/p>\n                    <\/div>\n                <\/div>\n            <\/div>\n                        <div class=\"col-12 col-lg-6\">\n                <div class=\"person-wrapper\">\n                    <div class=\"image-wrapper\">\n                        <img decoding=\"async\" width=\"576\" height=\"1024\" src=\"https:\/\/mediatrade.fi\/wp-content\/uploads\/2022\/03\/Mikko_Leino-576x1024-1.jpg\" class=\"attachment-post-thumbnail size-post-thumbnail wp-post-image\" alt=\"\" srcset=\"https:\/\/mediatrade.fi\/wp-content\/uploads\/2022\/03\/Mikko_Leino-576x1024-1.jpg 576w, https:\/\/mediatrade.fi\/wp-content\/uploads\/2022\/03\/Mikko_Leino-576x1024-1-169x300.jpg 169w\" sizes=\"(max-width: 575px) 100vw, (max-width: 767px) 570, (max-width: 991px) 830, (max-width: 1199px) 930, 994px\" \/>                    <\/div>\n                    <div class=\"content-wrapper\">\n                        <h4 class=\"name\">Mikko Leino<\/h4>\n                        <p class=\"title\">System Specialist<\/p>\n                        <p class=\"summary\">I\u2019m responsible for traditional video production equipment and tools, as well as streaming and web production solutions.<\/p>\n                                                <span class=\"knowledge-title\">Area of expertise<\/span>\n                        <p class=\"knowledge\">Cinematography, Audio, Program Production, Streaming<\/p>\n                                                <p class=\"phone\">+358201557732<\/p>\n                        <p class=\"email\">mikko.leino@mediatrade.fi<\/p>\n                    <\/div>\n                <\/div>\n            <\/div>\n                                <\/div>\n    <\/div>\n<\/section>\n","protected":false},"excerpt":{"rendered":"","protected":false},"featured_media":41209,"template":"","meta":{"_acf_changed":false,"_relevanssi_hide_post":"","_relevanssi_hide_content":"","_relevanssi_pin_for_all":"","_relevanssi_pin_keywords":"","_relevanssi_unpin_keywords":"","_relevanssi_related_keywords":"","_relevanssi_related_include_ids":"","_relevanssi_related_exclude_ids":"","_relevanssi_related_no_append":"","_relevanssi_related_not_related":"","_relevanssi_related_posts":"","_relevanssi_noindex_reason":""},"product_brand":[],"product_cat":[2486,3476,2486,3476,3473,3473],"product_tag":[824,829,2490,2490,1051],"brands":[621],"id_product_type":[],"class_list":{"0":"post-399617","1":"product","2":"type-product","3":"status-publish","4":"has-post-thumbnail","6":"product_cat-all-products","7":"product_cat-cameras-and-equipment","10":"product_cat-video","12":"product_tag-canon","13":"product_tag-cr-n500","14":"product_tag-mediatrade-en","16":"product_tag-remote-camera-cr-n500","18":"first","19":"onbackorder","20":"taxable","21":"shipping-taxable","22":"purchasable","23":"product-type-simple"},"bundled_by":[],"bundle_stock_status":"onbackorder","bundle_stock_quantity":0,"bundle_virtual":false,"bundle_layout":"","bundle_add_to_cart_form_location":"","bundle_editable_in_cart":false,"bundle_sold_individually_context":"","bundle_item_grouping":"","bundle_min_size":"","bundle_max_size":"","bundle_price":[],"bundled_items":[],"bundle_sell_ids":[],"acf":[],"yoast_head":"<!-- This site is optimized with the Yoast SEO plugin v27.1.1 - https:\/\/yoast.com\/product\/yoast-seo-wordpress\/ -->\n<title>REMOTE CAMERA CR-N500(WH)(EU\/OTH) - Mediatrade<\/title>\n<meta name=\"description\" content=\"Canon CR-N500 on tuuman kennolla varustettu PTZ-kamera, joka on tarkoitettu monipuolisiin tuotantoihin.\" \/>\n<meta name=\"robots\" content=\"index, follow, max-snippet:-1, max-image-preview:large, max-video-preview:-1\" \/>\n<link rel=\"canonical\" href=\"https:\/\/mediatrade.fi\/en\/product\/remote-camera-cr-n500wheu-oth-2\/\" \/>\n<meta property=\"og:locale\" content=\"en_US\" \/>\n<meta property=\"og:type\" content=\"article\" \/>\n<meta property=\"og:title\" content=\"REMOTE CAMERA CR-N500(WH)(EU\/OTH) - Mediatrade\" \/>\n<meta property=\"og:description\" content=\"Canon CR-N500 on tuuman kennolla varustettu PTZ-kamera, joka on tarkoitettu monipuolisiin tuotantoihin.\" \/>\n<meta property=\"og:url\" content=\"https:\/\/mediatrade.fi\/en\/product\/remote-camera-cr-n500wheu-oth-2\/\" \/>\n<meta property=\"og:site_name\" content=\"Mediatrade\" \/>\n<meta property=\"article:modified_time\" content=\"2025-11-26T05:21:54+00:00\" \/>\n<meta property=\"og:image\" content=\"https:\/\/mediatrade.fi\/wp-content\/uploads\/2022\/04\/canon-cr-n500whptz-camera.jpg\" \/>\n\t<meta property=\"og:image:width\" content=\"600\" \/>\n\t<meta property=\"og:image:height\" content=\"600\" \/>\n\t<meta property=\"og:image:type\" content=\"image\/jpeg\" \/>\n<meta name=\"twitter:card\" content=\"summary_large_image\" \/>\n<meta name=\"twitter:label1\" content=\"Est. reading time\" \/>\n\t<meta name=\"twitter:data1\" content=\"1 minute\" \/>\n<script type=\"application\/ld+json\" class=\"yoast-schema-graph\">{\"@context\":\"https:\/\/schema.org\",\"@graph\":[{\"@type\":\"WebPage\",\"@id\":\"https:\/\/mediatrade.fi\/en\/product\/remote-camera-cr-n500wheu-oth-2\/\",\"url\":\"https:\/\/mediatrade.fi\/en\/product\/remote-camera-cr-n500wheu-oth-2\/\",\"name\":\"REMOTE CAMERA CR-N500(WH)(EU\/OTH) - Mediatrade\",\"isPartOf\":{\"@id\":\"https:\/\/mediatrade.fi\/en\/#website\"},\"primaryImageOfPage\":{\"@id\":\"https:\/\/mediatrade.fi\/en\/product\/remote-camera-cr-n500wheu-oth-2\/#primaryimage\"},\"image\":{\"@id\":\"https:\/\/mediatrade.fi\/en\/product\/remote-camera-cr-n500wheu-oth-2\/#primaryimage\"},\"thumbnailUrl\":\"https:\/\/mediatrade.fi\/wp-content\/uploads\/2022\/04\/canon-cr-n500whptz-camera.jpg\",\"datePublished\":\"2025-01-21T22:01:24+00:00\",\"dateModified\":\"2025-11-26T05:21:54+00:00\",\"description\":\"Canon CR-N500 on tuuman kennolla varustettu PTZ-kamera, joka on tarkoitettu monipuolisiin tuotantoihin.\",\"breadcrumb\":{\"@id\":\"https:\/\/mediatrade.fi\/en\/product\/remote-camera-cr-n500wheu-oth-2\/#breadcrumb\"},\"inLanguage\":\"en-US\",\"potentialAction\":[{\"@type\":\"ReadAction\",\"target\":[\"https:\/\/mediatrade.fi\/en\/product\/remote-camera-cr-n500wheu-oth-2\/\"]}]},{\"@type\":\"ImageObject\",\"inLanguage\":\"en-US\",\"@id\":\"https:\/\/mediatrade.fi\/en\/product\/remote-camera-cr-n500wheu-oth-2\/#primaryimage\",\"url\":\"https:\/\/mediatrade.fi\/wp-content\/uploads\/2022\/04\/canon-cr-n500whptz-camera.jpg\",\"contentUrl\":\"https:\/\/mediatrade.fi\/wp-content\/uploads\/2022\/04\/canon-cr-n500whptz-camera.jpg\",\"width\":600,\"height\":600},{\"@type\":\"BreadcrumbList\",\"@id\":\"https:\/\/mediatrade.fi\/en\/product\/remote-camera-cr-n500wheu-oth-2\/#breadcrumb\",\"itemListElement\":[{\"@type\":\"ListItem\",\"position\":1,\"name\":\"Front Page\",\"item\":\"https:\/\/mediatrade.fi\/en\/\"},{\"@type\":\"ListItem\",\"position\":2,\"name\":\"Shop\",\"item\":\"https:\/\/mediatrade.fi\/en\/shop\/\"},{\"@type\":\"ListItem\",\"position\":3,\"name\":\"REMOTE CAMERA CR-N500(WH)(EU\/OTH)\"}]},{\"@type\":\"WebSite\",\"@id\":\"https:\/\/mediatrade.fi\/en\/#website\",\"url\":\"https:\/\/mediatrade.fi\/en\/\",\"name\":\"Mediatrade\",\"description\":\"\",\"publisher\":{\"@id\":\"https:\/\/mediatrade.fi\/en\/#organization\"},\"potentialAction\":[{\"@type\":\"SearchAction\",\"target\":{\"@type\":\"EntryPoint\",\"urlTemplate\":\"https:\/\/mediatrade.fi\/en\/?s={search_term_string}\"},\"query-input\":{\"@type\":\"PropertyValueSpecification\",\"valueRequired\":true,\"valueName\":\"search_term_string\"}}],\"inLanguage\":\"en-US\"},{\"@type\":\"Organization\",\"@id\":\"https:\/\/mediatrade.fi\/en\/#organization\",\"name\":\"Mediatrade\",\"url\":\"https:\/\/mediatrade.fi\/en\/\",\"logo\":{\"@type\":\"ImageObject\",\"inLanguage\":\"en-US\",\"@id\":\"https:\/\/mediatrade.fi\/en\/#\/schema\/logo\/image\/\",\"url\":\"https:\/\/mediatrade.fi\/wp-content\/uploads\/2022\/04\/Group-640.svg\",\"contentUrl\":\"https:\/\/mediatrade.fi\/wp-content\/uploads\/2022\/04\/Group-640.svg\",\"width\":128,\"height\":43,\"caption\":\"Mediatrade\"},\"image\":{\"@id\":\"https:\/\/mediatrade.fi\/en\/#\/schema\/logo\/image\/\"}}]}<\/script>\n<!-- \/ Yoast SEO plugin. -->","yoast_head_json":{"title":"REMOTE CAMERA CR-N500(WH)(EU\/OTH) - Mediatrade","description":"Canon CR-N500 on tuuman kennolla varustettu PTZ-kamera, joka on tarkoitettu monipuolisiin tuotantoihin.","robots":{"index":"index","follow":"follow","max-snippet":"max-snippet:-1","max-image-preview":"max-image-preview:large","max-video-preview":"max-video-preview:-1"},"canonical":"https:\/\/mediatrade.fi\/en\/product\/remote-camera-cr-n500wheu-oth-2\/","og_locale":"en_US","og_type":"article","og_title":"REMOTE CAMERA CR-N500(WH)(EU\/OTH) - Mediatrade","og_description":"Canon CR-N500 on tuuman kennolla varustettu PTZ-kamera, joka on tarkoitettu monipuolisiin tuotantoihin.","og_url":"https:\/\/mediatrade.fi\/en\/product\/remote-camera-cr-n500wheu-oth-2\/","og_site_name":"Mediatrade","article_modified_time":"2025-11-26T05:21:54+00:00","og_image":[{"width":600,"height":600,"url":"https:\/\/mediatrade.fi\/wp-content\/uploads\/2022\/04\/canon-cr-n500whptz-camera.jpg","type":"image\/jpeg"}],"twitter_card":"summary_large_image","twitter_misc":{"Est. reading time":"1 minute"},"schema":{"@context":"https:\/\/schema.org","@graph":[{"@type":"WebPage","@id":"https:\/\/mediatrade.fi\/en\/product\/remote-camera-cr-n500wheu-oth-2\/","url":"https:\/\/mediatrade.fi\/en\/product\/remote-camera-cr-n500wheu-oth-2\/","name":"REMOTE CAMERA CR-N500(WH)(EU\/OTH) - Mediatrade","isPartOf":{"@id":"https:\/\/mediatrade.fi\/en\/#website"},"primaryImageOfPage":{"@id":"https:\/\/mediatrade.fi\/en\/product\/remote-camera-cr-n500wheu-oth-2\/#primaryimage"},"image":{"@id":"https:\/\/mediatrade.fi\/en\/product\/remote-camera-cr-n500wheu-oth-2\/#primaryimage"},"thumbnailUrl":"https:\/\/mediatrade.fi\/wp-content\/uploads\/2022\/04\/canon-cr-n500whptz-camera.jpg","datePublished":"2025-01-21T22:01:24+00:00","dateModified":"2025-11-26T05:21:54+00:00","description":"Canon CR-N500 on tuuman kennolla varustettu PTZ-kamera, joka on tarkoitettu monipuolisiin tuotantoihin.","breadcrumb":{"@id":"https:\/\/mediatrade.fi\/en\/product\/remote-camera-cr-n500wheu-oth-2\/#breadcrumb"},"inLanguage":"en-US","potentialAction":[{"@type":"ReadAction","target":["https:\/\/mediatrade.fi\/en\/product\/remote-camera-cr-n500wheu-oth-2\/"]}]},{"@type":"ImageObject","inLanguage":"en-US","@id":"https:\/\/mediatrade.fi\/en\/product\/remote-camera-cr-n500wheu-oth-2\/#primaryimage","url":"https:\/\/mediatrade.fi\/wp-content\/uploads\/2022\/04\/canon-cr-n500whptz-camera.jpg","contentUrl":"https:\/\/mediatrade.fi\/wp-content\/uploads\/2022\/04\/canon-cr-n500whptz-camera.jpg","width":600,"height":600},{"@type":"BreadcrumbList","@id":"https:\/\/mediatrade.fi\/en\/product\/remote-camera-cr-n500wheu-oth-2\/#breadcrumb","itemListElement":[{"@type":"ListItem","position":1,"name":"Front Page","item":"https:\/\/mediatrade.fi\/en\/"},{"@type":"ListItem","position":2,"name":"Shop","item":"https:\/\/mediatrade.fi\/en\/shop\/"},{"@type":"ListItem","position":3,"name":"REMOTE CAMERA CR-N500(WH)(EU\/OTH)"}]},{"@type":"WebSite","@id":"https:\/\/mediatrade.fi\/en\/#website","url":"https:\/\/mediatrade.fi\/en\/","name":"Mediatrade","description":"","publisher":{"@id":"https:\/\/mediatrade.fi\/en\/#organization"},"potentialAction":[{"@type":"SearchAction","target":{"@type":"EntryPoint","urlTemplate":"https:\/\/mediatrade.fi\/en\/?s={search_term_string}"},"query-input":{"@type":"PropertyValueSpecification","valueRequired":true,"valueName":"search_term_string"}}],"inLanguage":"en-US"},{"@type":"Organization","@id":"https:\/\/mediatrade.fi\/en\/#organization","name":"Mediatrade","url":"https:\/\/mediatrade.fi\/en\/","logo":{"@type":"ImageObject","inLanguage":"en-US","@id":"https:\/\/mediatrade.fi\/en\/#\/schema\/logo\/image\/","url":"https:\/\/mediatrade.fi\/wp-content\/uploads\/2022\/04\/Group-640.svg","contentUrl":"https:\/\/mediatrade.fi\/wp-content\/uploads\/2022\/04\/Group-640.svg","width":128,"height":43,"caption":"Mediatrade"},"image":{"@id":"https:\/\/mediatrade.fi\/en\/#\/schema\/logo\/image\/"}}]}},"_links":{"self":[{"href":"https:\/\/mediatrade.fi\/en\/wp-json\/wp\/v2\/product\/399617","targetHints":{"allow":["GET"]}}],"collection":[{"href":"https:\/\/mediatrade.fi\/en\/wp-json\/wp\/v2\/product"}],"about":[{"href":"https:\/\/mediatrade.fi\/en\/wp-json\/wp\/v2\/types\/product"}],"wp:featuredmedia":[{"embeddable":true,"href":"https:\/\/mediatrade.fi\/en\/wp-json\/wp\/v2\/media\/41209"}],"wp:attachment":[{"href":"https:\/\/mediatrade.fi\/en\/wp-json\/wp\/v2\/media?parent=399617"}],"wp:term":[{"taxonomy":"product_brand","embeddable":true,"href":"https:\/\/mediatrade.fi\/en\/wp-json\/wp\/v2\/product_brand?post=399617"},{"taxonomy":"product_cat","embeddable":true,"href":"https:\/\/mediatrade.fi\/en\/wp-json\/wp\/v2\/product_cat?post=399617"},{"taxonomy":"product_tag","embeddable":true,"href":"https:\/\/mediatrade.fi\/en\/wp-json\/wp\/v2\/product_tag?post=399617"},{"taxonomy":"brands","embeddable":true,"href":"https:\/\/mediatrade.fi\/en\/wp-json\/wp\/v2\/brands?post=399617"},{"taxonomy":"id_product_type","embeddable":true,"href":"https:\/\/mediatrade.fi\/en\/wp-json\/wp\/v2\/id_product_type?post=399617"}],"curies":[{"name":"wp","href":"https:\/\/api.w.org\/{rel}","templated":true}]}}