{"id":399670,"date":"2022-05-04T08:32:18","date_gmt":"2025-01-21T22:04:32","guid":{"rendered":"https:\/\/mediatrade.fi\/tuote\/lens-rf100mm-f2-8-l-macro-is-usm-emea-2\/"},"modified":"2025-11-26T07:22:23","modified_gmt":"2025-11-26T05:22:23","slug":"lens-rf100mm-f2-8-l-macro-is-usm-emea-2","status":"publish","type":"product","link":"https:\/\/mediatrade.fi\/en\/product\/lens-rf100mm-f2-8-l-macro-is-usm-emea-2\/","title":{"rendered":"LENS RF100MM F2.8 L MACRO IS USM EMEA"},"content":{"rendered":"\n<section class=\"block block-woocommerce-product-description container-fluid container-fluid \">\n    <div class=\"container\">\n        <div class=\"row\">\n            <div class=\"col-12 col-md-6 order-2 order-md-1 attachments-col\">\n                                            <\/div>\n\n            <div class=\"col-12 col-md-5 offset-md-1 order-1 order-md-2\">\n                <main class=\"entry-content\">\n                    \n\n<h2 class=\"wp-block-heading\">Tuotetiedot<\/h2>\n\n\n\n<p>RF 100mm F2.8L Macro IS USM on maailman ensimm\u00e4inen&nbsp;Af-makro-objektiivi, jossa on uskomaton 1,4-kertainen l\u00e4hikuvien suurennus huippuluokan otoksia varten. Sf\u00e4\u00e4risten poikkeamien s\u00e4\u00e4t\u00f6renkaalla voit muokata sumennusta ja pehme\u00e4piirtotehostetta, mink\u00e4 ansiosta objektiivi soveltuu erinomaisesti my\u00f6s muotokuvaukseen.<\/p>\n\n\n\n<h2 class=\"wp-block-heading\">Ominaisuudet<\/h2>\n\n\n\n<ul class=\"wp-block-list\">\n<li>Objektiivin rakenne (elementti\u00e4\/ryhm\u00e4\u00e4): 17\/13<\/li>\n\n\n\n<li>Himmentimen lamellien m\u00e4\u00e4r\u00e4: 9<\/li>\n\n\n\n<li>Pienin aukon koko: 32<\/li>\n\n\n\n<li>V\u00e4himm\u00e4istarkennuset\u00e4isyys (m): 0,26<\/li>\n\n\n\n<li>Suurin suurennuskerroin (x): 1.4<\/li>\n\n\n\n<li>Et\u00e4isyystiedot: Kyll\u00e4<\/li>\n\n\n\n<li>Optinen kuvanvakain: 5 askelta<\/li>\n\n\n\n<li>Kuvanvakain: IBIS + OIS: 8 askelta<\/li>\n\n\n\n<li>Automaattitarkennuksen moottori: kaksi Nano USM -moottoria<\/li>\n\n\n\n<li>Objektiivin suojus E-67 II<\/li>\n\n\n\n<li>Vastavalosuoja ET-73C<\/li>\n\n\n\n<li>P\u00f6ly-\/kosteussuojaus Kyll\u00e4<\/li>\n\n\n\n<li>Suotimen halkaisija (mm) 67<\/li>\n\n\n\n<li>Suurin halkaisija x pituus (mm) 81,5 x 148<\/li>\n\n\n\n<li>Paino (g) 685 g<\/li>\n<\/ul>\n\n\n                <\/main>\n            <\/div>\n        <\/div>\n    <\/div>\n<\/section>\n\n\n\n<section class=\"block block-profile-listing container-fluid \">\n    <div class=\"container\">\n        <div class=\"row\">\n            <main class=\"entry-content col-12\">\n                \n\n<h2 class=\"wp-block-heading\">Asiantuntijat<\/h2>\n\n\n            <\/main>\n                        <div class=\"col-12 col-lg-6\">\n                <div class=\"person-wrapper\">\n                    <div class=\"image-wrapper\">\n                        <img decoding=\"async\" width=\"1920\" height=\"3414\" src=\"https:\/\/mediatrade.fi\/wp-content\/uploads\/2022\/04\/Kaposempi-mr.-Tommi-Rosnell-1920x3414.jpg\" class=\"attachment-post-thumbnail size-post-thumbnail wp-post-image\" alt=\"\" srcset=\"https:\/\/mediatrade.fi\/wp-content\/uploads\/2022\/04\/Kaposempi-mr.-Tommi-Rosnell-1920x3414.jpg 1920w, https:\/\/mediatrade.fi\/wp-content\/uploads\/2022\/04\/Kaposempi-mr.-Tommi-Rosnell-169x300.jpg 169w, https:\/\/mediatrade.fi\/wp-content\/uploads\/2022\/04\/Kaposempi-mr.-Tommi-Rosnell-576x1024.jpg 576w, https:\/\/mediatrade.fi\/wp-content\/uploads\/2022\/04\/Kaposempi-mr.-Tommi-Rosnell-768x1365.jpg 768w, https:\/\/mediatrade.fi\/wp-content\/uploads\/2022\/04\/Kaposempi-mr.-Tommi-Rosnell-864x1536.jpg 864w, https:\/\/mediatrade.fi\/wp-content\/uploads\/2022\/04\/Kaposempi-mr.-Tommi-Rosnell-1152x2048.jpg 1152w, https:\/\/mediatrade.fi\/wp-content\/uploads\/2022\/04\/Kaposempi-mr.-Tommi-Rosnell-600x1067.jpg 600w, https:\/\/mediatrade.fi\/wp-content\/uploads\/2022\/04\/Kaposempi-mr.-Tommi-Rosnell-scaled.jpg 1440w\" sizes=\"(max-width: 575px) 100vw, (max-width: 767px) 570, (max-width: 991px) 830, (max-width: 1199px) 930, 994px\" \/>                    <\/div>\n                    <div class=\"content-wrapper\">\n                        <h4 class=\"name\">Tommi Rosnell<\/h4>\n                        <p class=\"title\">Business Development Manager<\/p>\n                        <p class=\"summary\">I work as a production lighting specialist at Mediatrade. My expertise lies in designing studio lighting and planning production workflows.<\/p>\n                                                <span class=\"knowledge-title\">Area of expertise<\/span>\n                        <p class=\"knowledge\">Post-production, cinematography, lighting<\/p>\n                                                <p class=\"phone\">+358201557730<\/p>\n                        <p class=\"email\">tommi.rosnell@mediatrade.fi<\/p>\n                    <\/div>\n                <\/div>\n            <\/div>\n                                <\/div>\n    <\/div>\n<\/section>\n","protected":false},"excerpt":{"rendered":"","protected":false},"featured_media":41246,"template":"","meta":{"_acf_changed":false,"_relevanssi_hide_post":"","_relevanssi_hide_content":"","_relevanssi_pin_for_all":"","_relevanssi_pin_keywords":"","_relevanssi_unpin_keywords":"","_relevanssi_related_keywords":"","_relevanssi_related_include_ids":"","_relevanssi_related_exclude_ids":"","_relevanssi_related_no_append":"","_relevanssi_related_not_related":"","_relevanssi_related_posts":"","_relevanssi_noindex_reason":""},"product_brand":[],"product_cat":[2486,2486,3473,3478,3478,3473],"product_tag":[824,4091],"brands":[621],"id_product_type":[],"class_list":{"0":"post-399670","1":"product","2":"type-product","3":"status-publish","4":"has-post-thumbnail","6":"product_cat-all-products","8":"product_cat-video","9":"product_cat-lenses-and-equipment","12":"product_tag-canon","13":"product_tag-lens-rf100mm-f2-8-l-macro-is-usm-emea","15":"first","16":"onbackorder","17":"taxable","18":"shipping-taxable","19":"purchasable","20":"product-type-simple"},"bundled_by":[],"bundle_stock_status":"onbackorder","bundle_stock_quantity":0,"bundle_virtual":false,"bundle_layout":"","bundle_add_to_cart_form_location":"","bundle_editable_in_cart":false,"bundle_sold_individually_context":"","bundle_item_grouping":"","bundle_min_size":"","bundle_max_size":"","bundle_price":[],"bundled_items":[],"bundle_sell_ids":[],"acf":[],"yoast_head":"<!-- This site is optimized with the Yoast SEO plugin v27.1.1 - https:\/\/yoast.com\/product\/yoast-seo-wordpress\/ -->\n<title>LENS RF100MM F2.8 L MACRO IS USM EMEA - Mediatrade<\/title>\n<meta name=\"robots\" content=\"index, follow, max-snippet:-1, max-image-preview:large, max-video-preview:-1\" \/>\n<link rel=\"canonical\" href=\"https:\/\/mediatrade.fi\/en\/product\/lens-rf100mm-f2-8-l-macro-is-usm-emea-2\/\" \/>\n<meta property=\"og:locale\" content=\"en_US\" \/>\n<meta property=\"og:type\" content=\"article\" \/>\n<meta property=\"og:title\" content=\"LENS RF100MM F2.8 L MACRO IS USM EMEA - Mediatrade\" \/>\n<meta property=\"og:url\" content=\"https:\/\/mediatrade.fi\/en\/product\/lens-rf100mm-f2-8-l-macro-is-usm-emea-2\/\" \/>\n<meta property=\"og:site_name\" content=\"Mediatrade\" \/>\n<meta property=\"article:modified_time\" content=\"2025-11-26T05:22:23+00:00\" \/>\n<meta property=\"og:image\" content=\"https:\/\/mediatrade.fi\/wp-content\/uploads\/2022\/04\/canon-rf100mmf28lmacroisusm.jpg\" \/>\n\t<meta property=\"og:image:width\" content=\"2000\" \/>\n\t<meta property=\"og:image:height\" content=\"1500\" \/>\n\t<meta property=\"og:image:type\" content=\"image\/jpeg\" \/>\n<meta name=\"twitter:card\" content=\"summary_large_image\" \/>\n<meta name=\"twitter:label1\" content=\"Est. reading time\" \/>\n\t<meta name=\"twitter:data1\" content=\"1 minute\" \/>\n<script type=\"application\/ld+json\" class=\"yoast-schema-graph\">{\"@context\":\"https:\/\/schema.org\",\"@graph\":[{\"@type\":\"WebPage\",\"@id\":\"https:\/\/mediatrade.fi\/en\/product\/lens-rf100mm-f2-8-l-macro-is-usm-emea-2\/\",\"url\":\"https:\/\/mediatrade.fi\/en\/product\/lens-rf100mm-f2-8-l-macro-is-usm-emea-2\/\",\"name\":\"LENS RF100MM F2.8 L MACRO IS USM EMEA - Mediatrade\",\"isPartOf\":{\"@id\":\"https:\/\/mediatrade.fi\/en\/#website\"},\"primaryImageOfPage\":{\"@id\":\"https:\/\/mediatrade.fi\/en\/product\/lens-rf100mm-f2-8-l-macro-is-usm-emea-2\/#primaryimage\"},\"image\":{\"@id\":\"https:\/\/mediatrade.fi\/en\/product\/lens-rf100mm-f2-8-l-macro-is-usm-emea-2\/#primaryimage\"},\"thumbnailUrl\":\"https:\/\/mediatrade.fi\/wp-content\/uploads\/2022\/04\/canon-rf100mmf28lmacroisusm.jpg\",\"datePublished\":\"2025-01-21T22:04:32+00:00\",\"dateModified\":\"2025-11-26T05:22:23+00:00\",\"breadcrumb\":{\"@id\":\"https:\/\/mediatrade.fi\/en\/product\/lens-rf100mm-f2-8-l-macro-is-usm-emea-2\/#breadcrumb\"},\"inLanguage\":\"en-US\",\"potentialAction\":[{\"@type\":\"ReadAction\",\"target\":[\"https:\/\/mediatrade.fi\/en\/product\/lens-rf100mm-f2-8-l-macro-is-usm-emea-2\/\"]}]},{\"@type\":\"ImageObject\",\"inLanguage\":\"en-US\",\"@id\":\"https:\/\/mediatrade.fi\/en\/product\/lens-rf100mm-f2-8-l-macro-is-usm-emea-2\/#primaryimage\",\"url\":\"https:\/\/mediatrade.fi\/wp-content\/uploads\/2022\/04\/canon-rf100mmf28lmacroisusm.jpg\",\"contentUrl\":\"https:\/\/mediatrade.fi\/wp-content\/uploads\/2022\/04\/canon-rf100mmf28lmacroisusm.jpg\",\"width\":2000,\"height\":1500},{\"@type\":\"BreadcrumbList\",\"@id\":\"https:\/\/mediatrade.fi\/en\/product\/lens-rf100mm-f2-8-l-macro-is-usm-emea-2\/#breadcrumb\",\"itemListElement\":[{\"@type\":\"ListItem\",\"position\":1,\"name\":\"Front Page\",\"item\":\"https:\/\/mediatrade.fi\/en\/\"},{\"@type\":\"ListItem\",\"position\":2,\"name\":\"Shop\",\"item\":\"https:\/\/mediatrade.fi\/en\/shop\/\"},{\"@type\":\"ListItem\",\"position\":3,\"name\":\"LENS RF100MM F2.8 L MACRO IS USM EMEA\"}]},{\"@type\":\"WebSite\",\"@id\":\"https:\/\/mediatrade.fi\/en\/#website\",\"url\":\"https:\/\/mediatrade.fi\/en\/\",\"name\":\"Mediatrade\",\"description\":\"\",\"publisher\":{\"@id\":\"https:\/\/mediatrade.fi\/en\/#organization\"},\"potentialAction\":[{\"@type\":\"SearchAction\",\"target\":{\"@type\":\"EntryPoint\",\"urlTemplate\":\"https:\/\/mediatrade.fi\/en\/?s={search_term_string}\"},\"query-input\":{\"@type\":\"PropertyValueSpecification\",\"valueRequired\":true,\"valueName\":\"search_term_string\"}}],\"inLanguage\":\"en-US\"},{\"@type\":\"Organization\",\"@id\":\"https:\/\/mediatrade.fi\/en\/#organization\",\"name\":\"Mediatrade\",\"url\":\"https:\/\/mediatrade.fi\/en\/\",\"logo\":{\"@type\":\"ImageObject\",\"inLanguage\":\"en-US\",\"@id\":\"https:\/\/mediatrade.fi\/en\/#\/schema\/logo\/image\/\",\"url\":\"https:\/\/mediatrade.fi\/wp-content\/uploads\/2022\/04\/Group-640.svg\",\"contentUrl\":\"https:\/\/mediatrade.fi\/wp-content\/uploads\/2022\/04\/Group-640.svg\",\"width\":128,\"height\":43,\"caption\":\"Mediatrade\"},\"image\":{\"@id\":\"https:\/\/mediatrade.fi\/en\/#\/schema\/logo\/image\/\"}}]}<\/script>\n<!-- \/ Yoast SEO plugin. -->","yoast_head_json":{"title":"LENS RF100MM F2.8 L MACRO IS USM EMEA - Mediatrade","robots":{"index":"index","follow":"follow","max-snippet":"max-snippet:-1","max-image-preview":"max-image-preview:large","max-video-preview":"max-video-preview:-1"},"canonical":"https:\/\/mediatrade.fi\/en\/product\/lens-rf100mm-f2-8-l-macro-is-usm-emea-2\/","og_locale":"en_US","og_type":"article","og_title":"LENS RF100MM F2.8 L MACRO IS USM EMEA - Mediatrade","og_url":"https:\/\/mediatrade.fi\/en\/product\/lens-rf100mm-f2-8-l-macro-is-usm-emea-2\/","og_site_name":"Mediatrade","article_modified_time":"2025-11-26T05:22:23+00:00","og_image":[{"width":2000,"height":1500,"url":"https:\/\/mediatrade.fi\/wp-content\/uploads\/2022\/04\/canon-rf100mmf28lmacroisusm.jpg","type":"image\/jpeg"}],"twitter_card":"summary_large_image","twitter_misc":{"Est. reading time":"1 minute"},"schema":{"@context":"https:\/\/schema.org","@graph":[{"@type":"WebPage","@id":"https:\/\/mediatrade.fi\/en\/product\/lens-rf100mm-f2-8-l-macro-is-usm-emea-2\/","url":"https:\/\/mediatrade.fi\/en\/product\/lens-rf100mm-f2-8-l-macro-is-usm-emea-2\/","name":"LENS RF100MM F2.8 L MACRO IS USM EMEA - Mediatrade","isPartOf":{"@id":"https:\/\/mediatrade.fi\/en\/#website"},"primaryImageOfPage":{"@id":"https:\/\/mediatrade.fi\/en\/product\/lens-rf100mm-f2-8-l-macro-is-usm-emea-2\/#primaryimage"},"image":{"@id":"https:\/\/mediatrade.fi\/en\/product\/lens-rf100mm-f2-8-l-macro-is-usm-emea-2\/#primaryimage"},"thumbnailUrl":"https:\/\/mediatrade.fi\/wp-content\/uploads\/2022\/04\/canon-rf100mmf28lmacroisusm.jpg","datePublished":"2025-01-21T22:04:32+00:00","dateModified":"2025-11-26T05:22:23+00:00","breadcrumb":{"@id":"https:\/\/mediatrade.fi\/en\/product\/lens-rf100mm-f2-8-l-macro-is-usm-emea-2\/#breadcrumb"},"inLanguage":"en-US","potentialAction":[{"@type":"ReadAction","target":["https:\/\/mediatrade.fi\/en\/product\/lens-rf100mm-f2-8-l-macro-is-usm-emea-2\/"]}]},{"@type":"ImageObject","inLanguage":"en-US","@id":"https:\/\/mediatrade.fi\/en\/product\/lens-rf100mm-f2-8-l-macro-is-usm-emea-2\/#primaryimage","url":"https:\/\/mediatrade.fi\/wp-content\/uploads\/2022\/04\/canon-rf100mmf28lmacroisusm.jpg","contentUrl":"https:\/\/mediatrade.fi\/wp-content\/uploads\/2022\/04\/canon-rf100mmf28lmacroisusm.jpg","width":2000,"height":1500},{"@type":"BreadcrumbList","@id":"https:\/\/mediatrade.fi\/en\/product\/lens-rf100mm-f2-8-l-macro-is-usm-emea-2\/#breadcrumb","itemListElement":[{"@type":"ListItem","position":1,"name":"Front Page","item":"https:\/\/mediatrade.fi\/en\/"},{"@type":"ListItem","position":2,"name":"Shop","item":"https:\/\/mediatrade.fi\/en\/shop\/"},{"@type":"ListItem","position":3,"name":"LENS RF100MM F2.8 L MACRO IS USM EMEA"}]},{"@type":"WebSite","@id":"https:\/\/mediatrade.fi\/en\/#website","url":"https:\/\/mediatrade.fi\/en\/","name":"Mediatrade","description":"","publisher":{"@id":"https:\/\/mediatrade.fi\/en\/#organization"},"potentialAction":[{"@type":"SearchAction","target":{"@type":"EntryPoint","urlTemplate":"https:\/\/mediatrade.fi\/en\/?s={search_term_string}"},"query-input":{"@type":"PropertyValueSpecification","valueRequired":true,"valueName":"search_term_string"}}],"inLanguage":"en-US"},{"@type":"Organization","@id":"https:\/\/mediatrade.fi\/en\/#organization","name":"Mediatrade","url":"https:\/\/mediatrade.fi\/en\/","logo":{"@type":"ImageObject","inLanguage":"en-US","@id":"https:\/\/mediatrade.fi\/en\/#\/schema\/logo\/image\/","url":"https:\/\/mediatrade.fi\/wp-content\/uploads\/2022\/04\/Group-640.svg","contentUrl":"https:\/\/mediatrade.fi\/wp-content\/uploads\/2022\/04\/Group-640.svg","width":128,"height":43,"caption":"Mediatrade"},"image":{"@id":"https:\/\/mediatrade.fi\/en\/#\/schema\/logo\/image\/"}}]}},"_links":{"self":[{"href":"https:\/\/mediatrade.fi\/en\/wp-json\/wp\/v2\/product\/399670","targetHints":{"allow":["GET"]}}],"collection":[{"href":"https:\/\/mediatrade.fi\/en\/wp-json\/wp\/v2\/product"}],"about":[{"href":"https:\/\/mediatrade.fi\/en\/wp-json\/wp\/v2\/types\/product"}],"wp:featuredmedia":[{"embeddable":true,"href":"https:\/\/mediatrade.fi\/en\/wp-json\/wp\/v2\/media\/41246"}],"wp:attachment":[{"href":"https:\/\/mediatrade.fi\/en\/wp-json\/wp\/v2\/media?parent=399670"}],"wp:term":[{"taxonomy":"product_brand","embeddable":true,"href":"https:\/\/mediatrade.fi\/en\/wp-json\/wp\/v2\/product_brand?post=399670"},{"taxonomy":"product_cat","embeddable":true,"href":"https:\/\/mediatrade.fi\/en\/wp-json\/wp\/v2\/product_cat?post=399670"},{"taxonomy":"product_tag","embeddable":true,"href":"https:\/\/mediatrade.fi\/en\/wp-json\/wp\/v2\/product_tag?post=399670"},{"taxonomy":"brands","embeddable":true,"href":"https:\/\/mediatrade.fi\/en\/wp-json\/wp\/v2\/brands?post=399670"},{"taxonomy":"id_product_type","embeddable":true,"href":"https:\/\/mediatrade.fi\/en\/wp-json\/wp\/v2\/id_product_type?post=399670"}],"curies":[{"name":"wp","href":"https:\/\/api.w.org\/{rel}","templated":true}]}}