{"id":399671,"date":"2022-05-04T08:32:18","date_gmt":"2025-01-21T22:04:33","guid":{"rendered":"https:\/\/mediatrade.fi\/tuote\/video-cinema-eos-c70-emea-2\/"},"modified":"2025-11-26T07:22:24","modified_gmt":"2025-11-26T05:22:24","slug":"video-cinema-eos-c70-emea-2","status":"publish","type":"product","link":"https:\/\/mediatrade.fi\/en\/product\/video-cinema-eos-c70-emea-2\/","title":{"rendered":"VIDEO CINEMA EOS C70 EMEA"},"content":{"rendered":"\n<section class=\"block block-woocommerce-product-description container-fluid container-fluid \">\n    <div class=\"container\">\n        <div class=\"row\">\n            <div class=\"col-12 col-md-6 order-2 order-md-1 attachments-col\">\n                                            <\/div>\n\n            <div class=\"col-12 col-md-5 offset-md-1 order-1 order-md-2\">\n                <main class=\"entry-content\">\n                    \n\n<h2 class=\"wp-block-heading\">VIDEO CINEMA EOS C70 EMEA<\/h2>\n\n\n\n<p><strong>EOS C70 <\/strong>on RF-kiinnityksell\u00e4 varustettu uuden sukupolven Cinema EOS -kamera, jossa on Canonin 4K Super 35mm DGO -kenno. Pienikokoisen kameran 4K 120P -hidastus, HDR-kuvaus ja Dual Pixel CMOS -automaattitarkennus nostavat RF-j\u00e4rjestelm\u00e4n aivan uudelle tasolle. C70 on suunnattu moneen eri k\u00e4ytt\u00f6tarkoitukseen, ja soveltuu muun muassa gimbaali- ja kopterikuvauksiin, dokumentti- ja uutistuotantoihin, monikameratuotantoon ja yritysvideotuotantoihin.<br><br>RF-kiinnitys, lyhyt takatarkennus ja 12-nastainen sarjaliit\u00e4nt\u00e4 tarjoavat edistyksellisen optisten ja elektronisten innovaatioiden yhdistelm\u00e4n. Nopean automaattitarkennuksen mahdollistavat Canonin huippuluokan RF-objektiivit. Canon julkaisi my\u00f6s uuden RF-EF adapterin speedbooster (0,71x) ominaisuudella. Uusi adapteri parantaa valovoimaa ja lyhent\u00e4\u00e4 polttov\u00e4li\u00e4.<br><br>EOS C70 hy\u00f6dynt\u00e4\u00e4 Canonin muiden RF-kameroiden\u00a0 huippuominaisuuksia. Pienikokoinen kamera tarjoaa useita k\u00e4tevi\u00e4 lis\u00e4asetuksia, on s\u00e4\u00e4suojattu ja kulkee k\u00e4tev\u00e4sti mukanasi kuvausmatkoilla. Kamerassa on paljon ammattimaisia\u00a0 ominaisuuksia, kuten edistyksellinen automaattitarkennus, kosketusohjaus, automaattinen ISO-herkkyys, pystykuvaus ja elektroninen kuvanvakain.<\/p>\n\n\n\n<h3 class=\"wp-block-heading\"><strong>T\u00e4rkeimm\u00e4t tekniset tiedot<\/strong><\/h3>\n\n\n\n<ul class=\"wp-block-list\"><li>4K \/ 120 fps: L\u00e4hes kohinaton Super 35mm CMOS -kenno<\/li><li>Dual Gain Output: Yli 16 askeleen dynaaminen alue<\/li><li>RF-kiinnitys: Parannettu kuvatekniikkaj\u00e4rjestelm\u00e4<\/li><li>XF-AVC 4K (4:2:2, 10-bittinen): sis\u00e4inen tallennus jopa 410 Mb\/s, tukee ALL-I- ja Long GOP -muotoja<\/li><li>MP4 (4:2:2, 10-bittinen): sis\u00e4inen tallennus jopa 225 Mb\/s, Long GOP- ja HVEC-yhteensopiva<\/li><li>Kaksi SD-korttipaikkaa: Esitallennus \/ samanaikainen tallennus \/ tallennusv\u00e4lineen vaihto \/ yhdistetty tallennus<\/li><li>Hidastettu\/nopeutettu liike: 4K 120 fps, 2K (Crop), 180 fps<\/li><\/ul>\n\n\n                <\/main>\n            <\/div>\n        <\/div>\n    <\/div>\n<\/section>\n\n\n\n    \n\n\n\n","protected":false},"excerpt":{"rendered":"","protected":false},"featured_media":72989,"template":"","meta":{"_acf_changed":false,"_relevanssi_hide_post":"","_relevanssi_hide_content":"","_relevanssi_pin_for_all":"","_relevanssi_pin_keywords":"","_relevanssi_unpin_keywords":"","_relevanssi_related_keywords":"","_relevanssi_related_include_ids":"","_relevanssi_related_exclude_ids":"","_relevanssi_related_no_append":"","_relevanssi_related_not_related":"","_relevanssi_related_posts":"","_relevanssi_noindex_reason":""},"product_brand":[],"product_cat":[2486,3476,2486,3476],"product_tag":[834,563,824,832,833,564,831],"brands":[621],"id_product_type":[],"class_list":{"0":"post-399671","1":"product","2":"type-product","3":"status-publish","4":"has-post-thumbnail","6":"product_cat-all-products","7":"product_cat-cameras-and-equipment","10":"product_tag-c70-emea","11":"product_tag-camera","12":"product_tag-canon","13":"product_tag-eos","14":"product_tag-eos-c70","15":"product_tag-kamera","16":"product_tag-video-cinema","18":"first","19":"onbackorder","20":"taxable","21":"shipping-taxable","22":"purchasable","23":"product-type-simple"},"bundled_by":[],"bundle_stock_status":"onbackorder","bundle_stock_quantity":0,"bundle_virtual":false,"bundle_layout":"","bundle_add_to_cart_form_location":"","bundle_editable_in_cart":false,"bundle_sold_individually_context":"","bundle_item_grouping":"","bundle_min_size":"","bundle_max_size":"","bundle_price":[],"bundled_items":[],"bundle_sell_ids":[],"acf":[],"yoast_head":"<!-- This site is optimized with the Yoast SEO plugin v27.1.1 - https:\/\/yoast.com\/product\/yoast-seo-wordpress\/ -->\n<title>VIDEO CINEMA EOS C70 EMEA - Mediatrade<\/title>\n<meta name=\"description\" content=\"EOS C70 on RF-kiinnityksell\u00e4 varustettu uuden sukupolven Cinema EOS -kamera, jossa on Canonin 4K Super 35mm DGO -kenno.\" \/>\n<meta name=\"robots\" content=\"index, follow, max-snippet:-1, max-image-preview:large, max-video-preview:-1\" \/>\n<link rel=\"canonical\" href=\"https:\/\/mediatrade.fi\/en\/product\/video-cinema-eos-c70-emea-2\/\" \/>\n<meta property=\"og:locale\" content=\"en_US\" \/>\n<meta property=\"og:type\" content=\"article\" \/>\n<meta property=\"og:title\" content=\"VIDEO CINEMA EOS C70 EMEA - Mediatrade\" \/>\n<meta property=\"og:description\" content=\"EOS C70 on RF-kiinnityksell\u00e4 varustettu uuden sukupolven Cinema EOS -kamera, jossa on Canonin 4K Super 35mm DGO -kenno.\" \/>\n<meta property=\"og:url\" content=\"https:\/\/mediatrade.fi\/en\/product\/video-cinema-eos-c70-emea-2\/\" \/>\n<meta property=\"og:site_name\" content=\"Mediatrade\" \/>\n<meta property=\"article:modified_time\" content=\"2025-11-26T05:22:24+00:00\" \/>\n<meta property=\"og:image\" content=\"https:\/\/mediatrade.fi\/wp-content\/uploads\/2022\/05\/canon-canoneosc70-videokamera_1_b.jpg\" \/>\n\t<meta property=\"og:image:width\" content=\"1024\" \/>\n\t<meta property=\"og:image:height\" content=\"1024\" \/>\n\t<meta property=\"og:image:type\" content=\"image\/jpeg\" \/>\n<meta name=\"twitter:card\" content=\"summary_large_image\" \/>\n<meta name=\"twitter:label1\" content=\"Est. reading time\" \/>\n\t<meta name=\"twitter:data1\" content=\"2 minutes\" \/>\n<script type=\"application\/ld+json\" class=\"yoast-schema-graph\">{\"@context\":\"https:\/\/schema.org\",\"@graph\":[{\"@type\":\"WebPage\",\"@id\":\"https:\/\/mediatrade.fi\/en\/product\/video-cinema-eos-c70-emea-2\/\",\"url\":\"https:\/\/mediatrade.fi\/en\/product\/video-cinema-eos-c70-emea-2\/\",\"name\":\"VIDEO CINEMA EOS C70 EMEA - Mediatrade\",\"isPartOf\":{\"@id\":\"https:\/\/mediatrade.fi\/en\/#website\"},\"primaryImageOfPage\":{\"@id\":\"https:\/\/mediatrade.fi\/en\/product\/video-cinema-eos-c70-emea-2\/#primaryimage\"},\"image\":{\"@id\":\"https:\/\/mediatrade.fi\/en\/product\/video-cinema-eos-c70-emea-2\/#primaryimage\"},\"thumbnailUrl\":\"https:\/\/mediatrade.fi\/wp-content\/uploads\/2022\/05\/canon-canoneosc70-videokamera_1_b.jpg\",\"datePublished\":\"2025-01-21T22:04:33+00:00\",\"dateModified\":\"2025-11-26T05:22:24+00:00\",\"description\":\"EOS C70 on RF-kiinnityksell\u00e4 varustettu uuden sukupolven Cinema EOS -kamera, jossa on Canonin 4K Super 35mm DGO -kenno.\",\"breadcrumb\":{\"@id\":\"https:\/\/mediatrade.fi\/en\/product\/video-cinema-eos-c70-emea-2\/#breadcrumb\"},\"inLanguage\":\"en-US\",\"potentialAction\":[{\"@type\":\"ReadAction\",\"target\":[\"https:\/\/mediatrade.fi\/en\/product\/video-cinema-eos-c70-emea-2\/\"]}]},{\"@type\":\"ImageObject\",\"inLanguage\":\"en-US\",\"@id\":\"https:\/\/mediatrade.fi\/en\/product\/video-cinema-eos-c70-emea-2\/#primaryimage\",\"url\":\"https:\/\/mediatrade.fi\/wp-content\/uploads\/2022\/05\/canon-canoneosc70-videokamera_1_b.jpg\",\"contentUrl\":\"https:\/\/mediatrade.fi\/wp-content\/uploads\/2022\/05\/canon-canoneosc70-videokamera_1_b.jpg\",\"width\":1024,\"height\":1024},{\"@type\":\"BreadcrumbList\",\"@id\":\"https:\/\/mediatrade.fi\/en\/product\/video-cinema-eos-c70-emea-2\/#breadcrumb\",\"itemListElement\":[{\"@type\":\"ListItem\",\"position\":1,\"name\":\"Front Page\",\"item\":\"https:\/\/mediatrade.fi\/en\/\"},{\"@type\":\"ListItem\",\"position\":2,\"name\":\"Shop\",\"item\":\"https:\/\/mediatrade.fi\/en\/shop\/\"},{\"@type\":\"ListItem\",\"position\":3,\"name\":\"VIDEO CINEMA EOS C70 EMEA\"}]},{\"@type\":\"WebSite\",\"@id\":\"https:\/\/mediatrade.fi\/en\/#website\",\"url\":\"https:\/\/mediatrade.fi\/en\/\",\"name\":\"Mediatrade\",\"description\":\"\",\"publisher\":{\"@id\":\"https:\/\/mediatrade.fi\/en\/#organization\"},\"potentialAction\":[{\"@type\":\"SearchAction\",\"target\":{\"@type\":\"EntryPoint\",\"urlTemplate\":\"https:\/\/mediatrade.fi\/en\/?s={search_term_string}\"},\"query-input\":{\"@type\":\"PropertyValueSpecification\",\"valueRequired\":true,\"valueName\":\"search_term_string\"}}],\"inLanguage\":\"en-US\"},{\"@type\":\"Organization\",\"@id\":\"https:\/\/mediatrade.fi\/en\/#organization\",\"name\":\"Mediatrade\",\"url\":\"https:\/\/mediatrade.fi\/en\/\",\"logo\":{\"@type\":\"ImageObject\",\"inLanguage\":\"en-US\",\"@id\":\"https:\/\/mediatrade.fi\/en\/#\/schema\/logo\/image\/\",\"url\":\"https:\/\/mediatrade.fi\/wp-content\/uploads\/2022\/04\/Group-640.svg\",\"contentUrl\":\"https:\/\/mediatrade.fi\/wp-content\/uploads\/2022\/04\/Group-640.svg\",\"width\":128,\"height\":43,\"caption\":\"Mediatrade\"},\"image\":{\"@id\":\"https:\/\/mediatrade.fi\/en\/#\/schema\/logo\/image\/\"}}]}<\/script>\n<!-- \/ Yoast SEO plugin. -->","yoast_head_json":{"title":"VIDEO CINEMA EOS C70 EMEA - Mediatrade","description":"EOS C70 on RF-kiinnityksell\u00e4 varustettu uuden sukupolven Cinema EOS -kamera, jossa on Canonin 4K Super 35mm DGO -kenno.","robots":{"index":"index","follow":"follow","max-snippet":"max-snippet:-1","max-image-preview":"max-image-preview:large","max-video-preview":"max-video-preview:-1"},"canonical":"https:\/\/mediatrade.fi\/en\/product\/video-cinema-eos-c70-emea-2\/","og_locale":"en_US","og_type":"article","og_title":"VIDEO CINEMA EOS C70 EMEA - Mediatrade","og_description":"EOS C70 on RF-kiinnityksell\u00e4 varustettu uuden sukupolven Cinema EOS -kamera, jossa on Canonin 4K Super 35mm DGO -kenno.","og_url":"https:\/\/mediatrade.fi\/en\/product\/video-cinema-eos-c70-emea-2\/","og_site_name":"Mediatrade","article_modified_time":"2025-11-26T05:22:24+00:00","og_image":[{"width":1024,"height":1024,"url":"https:\/\/mediatrade.fi\/wp-content\/uploads\/2022\/05\/canon-canoneosc70-videokamera_1_b.jpg","type":"image\/jpeg"}],"twitter_card":"summary_large_image","twitter_misc":{"Est. reading time":"2 minutes"},"schema":{"@context":"https:\/\/schema.org","@graph":[{"@type":"WebPage","@id":"https:\/\/mediatrade.fi\/en\/product\/video-cinema-eos-c70-emea-2\/","url":"https:\/\/mediatrade.fi\/en\/product\/video-cinema-eos-c70-emea-2\/","name":"VIDEO CINEMA EOS C70 EMEA - Mediatrade","isPartOf":{"@id":"https:\/\/mediatrade.fi\/en\/#website"},"primaryImageOfPage":{"@id":"https:\/\/mediatrade.fi\/en\/product\/video-cinema-eos-c70-emea-2\/#primaryimage"},"image":{"@id":"https:\/\/mediatrade.fi\/en\/product\/video-cinema-eos-c70-emea-2\/#primaryimage"},"thumbnailUrl":"https:\/\/mediatrade.fi\/wp-content\/uploads\/2022\/05\/canon-canoneosc70-videokamera_1_b.jpg","datePublished":"2025-01-21T22:04:33+00:00","dateModified":"2025-11-26T05:22:24+00:00","description":"EOS C70 on RF-kiinnityksell\u00e4 varustettu uuden sukupolven Cinema EOS -kamera, jossa on Canonin 4K Super 35mm DGO -kenno.","breadcrumb":{"@id":"https:\/\/mediatrade.fi\/en\/product\/video-cinema-eos-c70-emea-2\/#breadcrumb"},"inLanguage":"en-US","potentialAction":[{"@type":"ReadAction","target":["https:\/\/mediatrade.fi\/en\/product\/video-cinema-eos-c70-emea-2\/"]}]},{"@type":"ImageObject","inLanguage":"en-US","@id":"https:\/\/mediatrade.fi\/en\/product\/video-cinema-eos-c70-emea-2\/#primaryimage","url":"https:\/\/mediatrade.fi\/wp-content\/uploads\/2022\/05\/canon-canoneosc70-videokamera_1_b.jpg","contentUrl":"https:\/\/mediatrade.fi\/wp-content\/uploads\/2022\/05\/canon-canoneosc70-videokamera_1_b.jpg","width":1024,"height":1024},{"@type":"BreadcrumbList","@id":"https:\/\/mediatrade.fi\/en\/product\/video-cinema-eos-c70-emea-2\/#breadcrumb","itemListElement":[{"@type":"ListItem","position":1,"name":"Front Page","item":"https:\/\/mediatrade.fi\/en\/"},{"@type":"ListItem","position":2,"name":"Shop","item":"https:\/\/mediatrade.fi\/en\/shop\/"},{"@type":"ListItem","position":3,"name":"VIDEO CINEMA EOS C70 EMEA"}]},{"@type":"WebSite","@id":"https:\/\/mediatrade.fi\/en\/#website","url":"https:\/\/mediatrade.fi\/en\/","name":"Mediatrade","description":"","publisher":{"@id":"https:\/\/mediatrade.fi\/en\/#organization"},"potentialAction":[{"@type":"SearchAction","target":{"@type":"EntryPoint","urlTemplate":"https:\/\/mediatrade.fi\/en\/?s={search_term_string}"},"query-input":{"@type":"PropertyValueSpecification","valueRequired":true,"valueName":"search_term_string"}}],"inLanguage":"en-US"},{"@type":"Organization","@id":"https:\/\/mediatrade.fi\/en\/#organization","name":"Mediatrade","url":"https:\/\/mediatrade.fi\/en\/","logo":{"@type":"ImageObject","inLanguage":"en-US","@id":"https:\/\/mediatrade.fi\/en\/#\/schema\/logo\/image\/","url":"https:\/\/mediatrade.fi\/wp-content\/uploads\/2022\/04\/Group-640.svg","contentUrl":"https:\/\/mediatrade.fi\/wp-content\/uploads\/2022\/04\/Group-640.svg","width":128,"height":43,"caption":"Mediatrade"},"image":{"@id":"https:\/\/mediatrade.fi\/en\/#\/schema\/logo\/image\/"}}]}},"_links":{"self":[{"href":"https:\/\/mediatrade.fi\/en\/wp-json\/wp\/v2\/product\/399671","targetHints":{"allow":["GET"]}}],"collection":[{"href":"https:\/\/mediatrade.fi\/en\/wp-json\/wp\/v2\/product"}],"about":[{"href":"https:\/\/mediatrade.fi\/en\/wp-json\/wp\/v2\/types\/product"}],"wp:featuredmedia":[{"embeddable":true,"href":"https:\/\/mediatrade.fi\/en\/wp-json\/wp\/v2\/media\/72989"}],"wp:attachment":[{"href":"https:\/\/mediatrade.fi\/en\/wp-json\/wp\/v2\/media?parent=399671"}],"wp:term":[{"taxonomy":"product_brand","embeddable":true,"href":"https:\/\/mediatrade.fi\/en\/wp-json\/wp\/v2\/product_brand?post=399671"},{"taxonomy":"product_cat","embeddable":true,"href":"https:\/\/mediatrade.fi\/en\/wp-json\/wp\/v2\/product_cat?post=399671"},{"taxonomy":"product_tag","embeddable":true,"href":"https:\/\/mediatrade.fi\/en\/wp-json\/wp\/v2\/product_tag?post=399671"},{"taxonomy":"brands","embeddable":true,"href":"https:\/\/mediatrade.fi\/en\/wp-json\/wp\/v2\/brands?post=399671"},{"taxonomy":"id_product_type","embeddable":true,"href":"https:\/\/mediatrade.fi\/en\/wp-json\/wp\/v2\/id_product_type?post=399671"}],"curies":[{"name":"wp","href":"https:\/\/api.w.org\/{rel}","templated":true}]}}