{"id":400532,"date":"2022-05-04T01:41:33","date_gmt":"2025-01-21T22:23:28","guid":{"rendered":"https:\/\/mediatrade.fi\/tuote\/solidcom-c1-full-duplex-wireless-intercom-system-with-hub-8-headsets\/"},"modified":"2025-02-05T01:36:13","modified_gmt":"2025-02-04T23:36:13","slug":"solidcom-c1-full-duplex-wireless-intercom-system-with-hub-8-headsets","status":"publish","type":"product","link":"https:\/\/mediatrade.fi\/en\/product\/solidcom-c1-full-duplex-wireless-intercom-system-with-hub-8-headsets\/","title":{"rendered":"Solidcom C1 Full Duplex Wireless Intercom System with HUB &amp; 8 headsets"},"content":{"rendered":"\n<section class=\"block block-woocommerce-product-description container-fluid container-fluid \">\n    <div class=\"container\">\n        <div class=\"row\">\n            <div class=\"col-12 col-md-6 order-2 order-md-1 attachments-col\">\n                                <div style=\"height: 100%;\" class=\"oembed oembed-youtube\">        <div class=\"cookieconsent-optout-marketing\">            <a href=\"javascript:Cookiebot.renew()\">Hyv\u00e4ksy markkinointiev\u00e4steet<\/a>            katsoaksesi videon.        <\/div><iframe title=\"Introducing Hollyland SOLIDCOM C1 | Team Talk On The Go\" width=\"840\" height=\"473\" src=\"https:\/\/www.youtube.com\/embed\/teXRkk84mB4?feature=oembed&#038;enablejsapi=1&#038;origin=https:\/\/mediatrade.fi\" frameborder=\"0\" allow=\"accelerometer; autoplay; clipboard-write; encrypted-media; gyroscope; picture-in-picture; web-share\" allowfullscreen><\/iframe><\/div>            <\/div>\n\n            <div class=\"col-12 col-md-5 offset-md-1 order-1 order-md-2\">\n                <main class=\"entry-content\">\n                    \n\n<h2 class=\"wp-block-heading\">Tuotetiedot<\/h2>\n\n\n\n<p><strong>1,000FT t\u00e4ysdupleksinen langaton intercom kuulokej\u00e4rjestelm\u00e4<\/strong><\/p>\n\n\n\n<p>Solidcom C1 t\u00e4ysdupleksinen langaton intercom-kuulokej\u00e4rjestelm\u00e4, jossa k\u00e4ytet\u00e4\u00e4n kehittynytt\u00e4 DECT 6.0 -tekniikkaa, on Hollylandin ensimm\u00e4inen aidosti langaton ja itsen\u00e4inen kuulokekommunikaatioratkaisu, jossa on poikkeuksellisen selke\u00e4 \u00e4\u00e4ni. J\u00e4rjestelm\u00e4 toimii 1,9 GHz:n taajuusalueella ja tarjoaa luotettavan l\u00e4hetysalueen jopa 350 metrin (1000 ft) s\u00e4teelle (LOS).<\/p>\n\n\n\n<p><strong>Vaiheittainen keskustelun sujuvuus<\/strong><\/p>\n\n\n\n<p>K\u00e4det vapaana -toiminto maksimoi tiimin tuottavuuden.<br>Jokaisessa kuulokkeessa on kaksoisantennin diversiteettij\u00e4rjestelm\u00e4, joka vahvistaa h\u00e4iri\u00f6nsietokyky\u00e4 ja takaa turvallisen ja jatkuvan tiimiviestinn\u00e4n monimutkaisissa ymp\u00e4rist\u00f6iss\u00e4.<\/p>\n\n\n\n<p><strong>Todella langaton itsen\u00e4isesti toimiva kuulokkeiden viestint\u00e4ratkaisu<\/strong><\/p>\n\n\n\n<p>Ilman vy\u00f6laukkua tai tukiasemaa se tarjoaa eritt\u00e4in kannettavan ja handsfree-koordinointikokemuksen mediatuotantotiimeille tai mille tahansa tiimille, joka etsii reaaliaikaista estotonta puheviestint\u00e4\u00e4 sosiaalisesti et\u00e4\u00e4ll\u00e4 sijaitsevissa ty\u00f6skentelytilanteissa.<\/p>\n\n\n\n<p><strong>Valmiina laatikosta, helppo k\u00e4ytt\u00e4\u00e4<\/strong><\/p>\n\n\n\n<p>Kuulokkeet kytkeytyv\u00e4t automaattisesti heti laatikosta. K\u00e4ynnist\u00e4 se ja k\u00e4ynnist\u00e4 p\u00e4iv\u00e4si.<\/p>\n\n\n\n<p><strong>Mukava k\u00e4ytt\u00e4\u00e4 koko p\u00e4iv\u00e4n<\/strong><\/p>\n\n\n\n<p>Kukin yksitt\u00e4inen kuuloke painaa vain 168 g, mik\u00e4 on kevyempi kuin iPhone12, ja tarjoaa mukavan k\u00e4ytt\u00f6kokemuksen pitkienkin tuntien ajan. Kuulokkeet on valmistettu hienosti PC-ABS-materiaaleista, jotka takaavat erinomaisen joustavuuden ja kest\u00e4vyyden.<\/p>\n\n\n\n<p><strong>Vaihdettavat korvatyynyt<\/strong><\/p>\n\n\n\n<p>Korvassa olevat vaahtomuovit ja yli korvatyynyt ovat saatavilla eri k\u00e4ytt\u00f6mieltymyksi\u00e4 varten. Helppo vaihtaa ja vapaasti jakaa.<\/p>\n\n\n\n<p><strong>Lataava ja vaihdettava akku pident\u00e4\u00e4 ty\u00f6aikaa<\/strong><\/p>\n\n\n\n<p>Jokaisessa sis\u00e4puhelinkuulokkeessa on varalithiumparisto, joka voidaan vaihtaa k\u00e4tev\u00e4sti kent\u00e4ll\u00e4, jolloin j\u00e4rjestelm\u00e4t pysyv\u00e4t toiminnassa minimaalisella seisokkiajalla. Akut ovat ladattavissa ulkoisesti erillisell\u00e4 moniporttilaturilla. Kunkin akun t\u00e4yteen lataukseen kuluu vain 2,5 tuntia, mik\u00e4 tukee jopa 10 tunnin k\u00e4ytt\u00f6aikaa et\u00e4kuulokkeessa ja 5-6 tunnin k\u00e4ytt\u00f6aikaa p\u00e4\u00e4kuulokkeessa riippuen liitettyjen et\u00e4kuulokkeiden m\u00e4\u00e4r\u00e4st\u00e4.<\/p>\n\n\n\n<p><strong>Laajakaistainen selke\u00e4 \u00e4\u00e4nenlaatu tarkkaa koordinointia varten<\/strong><\/p>\n\n\n\n<p>Solidcom C1 -sis\u00e4puhelinkuulokkeet tukevat laajakaistaista taajuusvastausta 150 Hz:st\u00e4 7 kHz:iin ja ensiluokkaista AEC-suorituskyky\u00e4 (Acoustic Echo Cancellation), joten ne takaavat autenttisen ja selke\u00e4n \u00e4\u00e4nenlaadun tehokasta tiimity\u00f6t\u00e4 varten. J\u00e4rjestelm\u00e4 on varustettu suuntaavalla mikrofonilla, joka vangitsee puhujan \u00e4\u00e4nen tarkasti ja minimoi samalla ei-toivotut \u00e4\u00e4net, ja se tarjoaa vaivattoman keskustelukokemuksen my\u00f6s meluisissa ymp\u00e4rist\u00f6iss\u00e4.<\/p>\n\n\n\n<p><strong>Pysy yhteydess\u00e4 1000 ft:n peittoalueella<\/strong><\/p>\n\n\n\n<p>Solidcom C1 -p\u00e4\u00e4kuulokkeisiin sis\u00e4\u00e4nrakennettu l\u00e4hetin-vastaanotin luo luotettavan langattoman viestinn\u00e4n s\u00e4teen jopa 1000 ft:n et\u00e4isyydelle. N\u00e4in tiimisi voi pit\u00e4\u00e4 yhteytt\u00e4 ja liikkua vapaasti suurtapahtumassa, kuvauspaikalla tai joukkoalueoperaatiossa. Solidcom C1 HUB -tukiasema tarjoaa saman laajuisen peittoalueen.<\/p>\n\n\n\n<p><strong>Parannettu vakaus ja turvallisuus DECT 6.0:n avulla<\/strong><\/p>\n\n\n\n<p>Solidcom C1 on rakennettu tehokkaalle DECT 6.0 -alustalle, ja se voi est\u00e4\u00e4 j\u00e4rjestelm\u00e4n ulkopuolisia henkil\u00f6it\u00e4 kuulemasta keskusteluasi k\u00e4ytetyn salaustekniikan avulla; ja se tarjoaa erinomaisen l\u00e4hetyksen vakauden kaksinkertaistetun k\u00e4ytt\u00e4j\u00e4kapasiteetin avulla viestint\u00e4kanavalla.<\/p>\n\n\n\n<p><strong>Lis\u00e4\u00e4 toimintoja HUB-k\u00e4ytt\u00f6\u00f6notolla<\/strong><\/p>\n\n\n\n<p>Jatka puhumista matkalla AB-ryhmittelyn avulla. HUB-tukiasema voi pit\u00e4\u00e4 tiimin yhteydess\u00e4 my\u00f6s matkalla, sill\u00e4 se on akkuk\u00e4ytt\u00f6inen ja tarjoaa 350 metrin l\u00e4hetysalueen ja kaksi viestint\u00e4kanavaa tiimille.<\/p>\n\n\n\n<p><strong>Multiple Ways to Charge Up the HUB Base<\/strong><\/p>\n\n\n\n<p>Solidcom C1 HUB -tukiasemassa on kolme lokeroa, jotka mahdollistavat usean akun virransy\u00f6t\u00f6n kahdesta NP-F-akusta ja\/tai yhdest\u00e4 V-Mount- tai G-Mount-akusta (paketin valinnan mukaan).<br>*Huomautus: *Solidcom C1 -pakkaus ei sis\u00e4ll\u00e4 HUB-tukiaseman akkuja.<\/p>\n\n\n\n<p><strong>Jopa 3 j\u00e4rjestelm\u00e4n kaskadikytkent\u00e4<\/strong><\/p>\n\n\n\n<p>Solidcom C1 HUB -alusta voi liitt\u00e4\u00e4 jopa 3 j\u00e4rjestelm\u00e4\u00e4 toisiinsa IP-verkon, 2-johtimisen tai 4-johtimisen \u00e4\u00e4nitulo- ja -l\u00e4ht\u00f6liit\u00e4nn\u00e4n kautta monimutkaisempien tosiel\u00e4m\u00e4n toimintavaatimusten t\u00e4ytt\u00e4miseksi.<\/p>\n\n\n\n<p><strong>Kiireellinen &#8220;ILMOITUS &#8220;<\/strong><\/p>\n\n\n\n<p>HUB-tukiasema on suunniteltu yhden n\u00e4pp\u00e4imen &#8220;ANNOUNCE&#8221;-toiminnolla. Aktivoimalla toiminnon j\u00e4rjestelm\u00e4 mykist\u00e4\u00e4 kaikki kuulokkeet, jolloin koko miehist\u00f6 kuulee HUB-tukiasemalta tulevat suorat ohjeet tai komennot h\u00e4t\u00e4tilanteessa.<\/p>\n\n\n\n<p><strong>UAC-toiminto<\/strong><\/p>\n\n\n\n<p>Hub-asema voidaan liitt\u00e4\u00e4 tietokoneeseen tai PC:hen verkkokokouksia tai suoratoistoa varten. Puhelun tilan valvontatoiminto tulee pian seuraavalla kierroksella.<\/p>\n\n\n                <\/main>\n            <\/div>\n        <\/div>\n    <\/div>\n<\/section>\n\n\n\n<section class=\"block block-profile-listing container-fluid \">\n    <div class=\"container\">\n        <div class=\"row\">\n            <main class=\"entry-content col-12\">\n                \n\n<h2 class=\"wp-block-heading\">Asiantuntijat<\/h2>\n\n\n            <\/main>\n                        <div class=\"col-12 col-lg-6\">\n                <div class=\"person-wrapper\">\n                    <div class=\"image-wrapper\">\n                        <img decoding=\"async\" width=\"576\" height=\"1024\" src=\"https:\/\/mediatrade.fi\/wp-content\/uploads\/2022\/03\/Mikko_Leino-576x1024-1.jpg\" class=\"attachment-post-thumbnail size-post-thumbnail wp-post-image\" alt=\"\" srcset=\"https:\/\/mediatrade.fi\/wp-content\/uploads\/2022\/03\/Mikko_Leino-576x1024-1.jpg 576w, https:\/\/mediatrade.fi\/wp-content\/uploads\/2022\/03\/Mikko_Leino-576x1024-1-169x300.jpg 169w\" sizes=\"(max-width: 575px) 100vw, (max-width: 767px) 570, (max-width: 991px) 830, (max-width: 1199px) 930, 994px\" \/>                    <\/div>\n                    <div class=\"content-wrapper\">\n                        <h4 class=\"name\">Mikko Leino<\/h4>\n                        <p class=\"title\">System Specialist<\/p>\n                        <p class=\"summary\">I\u2019m responsible for traditional video production equipment and tools, as well as streaming and web production solutions.<\/p>\n                                                <span class=\"knowledge-title\">Area of expertise<\/span>\n                        <p class=\"knowledge\">Cinematography, Audio, Program Production, Streaming<\/p>\n                                                <p class=\"phone\">+358201557732<\/p>\n                        <p class=\"email\">mikko.leino@mediatrade.fi<\/p>\n                    <\/div>\n                <\/div>\n            <\/div>\n                                <\/div>\n    <\/div>\n<\/section>\n","protected":false},"excerpt":{"rendered":"","protected":false},"featured_media":123551,"template":"","meta":{"_acf_changed":false,"_relevanssi_hide_post":"","_relevanssi_hide_content":"","_relevanssi_pin_for_all":"","_relevanssi_pin_keywords":"","_relevanssi_unpin_keywords":"","_relevanssi_related_keywords":"","_relevanssi_related_include_ids":"","_relevanssi_related_exclude_ids":"","_relevanssi_related_no_append":"","_relevanssi_related_not_related":"","_relevanssi_related_posts":"","_relevanssi_noindex_reason":""},"product_brand":[],"product_cat":[555,15,32],"product_tag":[3943,3944],"brands":[648],"id_product_type":[],"class_list":{"0":"post-400532","1":"product","2":"type-product","3":"status-publish","4":"has-post-thumbnail","6":"product_cat-studio-aani","7":"product_cat-kaikki","8":"product_cat-studiotekniikka","9":"product_tag-solidcom-c1","10":"product_tag-solidcom-c1-full-duplex-wireless-intercom","12":"first","13":"onbackorder","14":"taxable","15":"shipping-taxable","16":"purchasable","17":"product-type-simple"},"bundled_by":[],"bundle_stock_status":"onbackorder","bundle_stock_quantity":0,"bundle_virtual":false,"bundle_layout":"","bundle_add_to_cart_form_location":"","bundle_editable_in_cart":false,"bundle_sold_individually_context":"","bundle_item_grouping":"","bundle_min_size":"","bundle_max_size":"","bundle_price":[],"bundled_items":[],"bundle_sell_ids":[],"acf":[],"yoast_head":"<!-- This site is optimized with the Yoast SEO plugin v27.1.1 - https:\/\/yoast.com\/product\/yoast-seo-wordpress\/ -->\n<title>Solidcom C1 Full Duplex Wireless Intercom System with HUB &amp; 8 headsets - Mediatrade<\/title>\n<meta name=\"description\" content=\"1,000FT Full-Duplex Wireless Intercom Headset SystemThe Solidcom C1 full-duplex wireless intercom headset system, adopting the advanced DECT 6.0 technology, is Hollyland&#039;s first true wireless and self-contained headset communication solution with exceptional sound clarity. The system operates in the 1.9GHz band, providing a reliable transmission range up to 1000ft (350m) radius (LOS)\" \/>\n<meta name=\"robots\" content=\"index, follow, max-snippet:-1, max-image-preview:large, max-video-preview:-1\" \/>\n<link rel=\"canonical\" href=\"https:\/\/mediatrade.fi\/en\/product\/solidcom-c1-full-duplex-wireless-intercom-system-with-hub-8-headsets\/\" \/>\n<meta property=\"og:locale\" content=\"en_US\" \/>\n<meta property=\"og:type\" content=\"article\" \/>\n<meta property=\"og:title\" content=\"Solidcom C1 Full Duplex Wireless Intercom System with HUB &amp; 8 headsets - Mediatrade\" \/>\n<meta property=\"og:description\" content=\"1,000FT Full-Duplex Wireless Intercom Headset SystemThe Solidcom C1 full-duplex wireless intercom headset system, adopting the advanced DECT 6.0 technology, is Hollyland&#039;s first true wireless and self-contained headset communication solution with exceptional sound clarity. The system operates in the 1.9GHz band, providing a reliable transmission range up to 1000ft (350m) radius (LOS)\" \/>\n<meta property=\"og:url\" content=\"https:\/\/mediatrade.fi\/en\/product\/solidcom-c1-full-duplex-wireless-intercom-system-with-hub-8-headsets\/\" \/>\n<meta property=\"og:site_name\" content=\"Mediatrade\" \/>\n<meta property=\"article:modified_time\" content=\"2025-02-04T23:36:13+00:00\" \/>\n<meta property=\"og:image\" content=\"https:\/\/mediatrade.fi\/wp-content\/uploads\/2022\/05\/800q-001_119150.png\" \/>\n\t<meta property=\"og:image:width\" content=\"800\" \/>\n\t<meta property=\"og:image:height\" content=\"436\" \/>\n\t<meta property=\"og:image:type\" content=\"image\/png\" \/>\n<meta name=\"twitter:card\" content=\"summary_large_image\" \/>\n<meta name=\"twitter:label1\" content=\"Est. reading time\" \/>\n\t<meta name=\"twitter:data1\" content=\"4 minutes\" \/>\n<script type=\"application\/ld+json\" class=\"yoast-schema-graph\">{\"@context\":\"https:\/\/schema.org\",\"@graph\":[{\"@type\":\"WebPage\",\"@id\":\"https:\/\/mediatrade.fi\/en\/product\/solidcom-c1-full-duplex-wireless-intercom-system-with-hub-8-headsets\/\",\"url\":\"https:\/\/mediatrade.fi\/en\/product\/solidcom-c1-full-duplex-wireless-intercom-system-with-hub-8-headsets\/\",\"name\":\"Solidcom C1 Full Duplex Wireless Intercom System with HUB &amp; 8 headsets - Mediatrade\",\"isPartOf\":{\"@id\":\"https:\/\/mediatrade.fi\/en\/#website\"},\"primaryImageOfPage\":{\"@id\":\"https:\/\/mediatrade.fi\/en\/product\/solidcom-c1-full-duplex-wireless-intercom-system-with-hub-8-headsets\/#primaryimage\"},\"image\":{\"@id\":\"https:\/\/mediatrade.fi\/en\/product\/solidcom-c1-full-duplex-wireless-intercom-system-with-hub-8-headsets\/#primaryimage\"},\"thumbnailUrl\":\"https:\/\/mediatrade.fi\/wp-content\/uploads\/2022\/05\/800q-001_119150.png\",\"datePublished\":\"2025-01-21T22:23:28+00:00\",\"dateModified\":\"2025-02-04T23:36:13+00:00\",\"description\":\"1,000FT Full-Duplex Wireless Intercom Headset SystemThe Solidcom C1 full-duplex wireless intercom headset system, adopting the advanced DECT 6.0 technology, is Hollyland's first true wireless and self-contained headset communication solution with exceptional sound clarity. The system operates in the 1.9GHz band, providing a reliable transmission range up to 1000ft (350m) radius (LOS)\",\"breadcrumb\":{\"@id\":\"https:\/\/mediatrade.fi\/en\/product\/solidcom-c1-full-duplex-wireless-intercom-system-with-hub-8-headsets\/#breadcrumb\"},\"inLanguage\":\"en-US\",\"potentialAction\":[{\"@type\":\"ReadAction\",\"target\":[\"https:\/\/mediatrade.fi\/en\/product\/solidcom-c1-full-duplex-wireless-intercom-system-with-hub-8-headsets\/\"]}]},{\"@type\":\"ImageObject\",\"inLanguage\":\"en-US\",\"@id\":\"https:\/\/mediatrade.fi\/en\/product\/solidcom-c1-full-duplex-wireless-intercom-system-with-hub-8-headsets\/#primaryimage\",\"url\":\"https:\/\/mediatrade.fi\/wp-content\/uploads\/2022\/05\/800q-001_119150.png\",\"contentUrl\":\"https:\/\/mediatrade.fi\/wp-content\/uploads\/2022\/05\/800q-001_119150.png\",\"width\":800,\"height\":436},{\"@type\":\"BreadcrumbList\",\"@id\":\"https:\/\/mediatrade.fi\/en\/product\/solidcom-c1-full-duplex-wireless-intercom-system-with-hub-8-headsets\/#breadcrumb\",\"itemListElement\":[{\"@type\":\"ListItem\",\"position\":1,\"name\":\"Front Page\",\"item\":\"https:\/\/mediatrade.fi\/en\/\"},{\"@type\":\"ListItem\",\"position\":2,\"name\":\"Shop\",\"item\":\"https:\/\/mediatrade.fi\/en\/shop\/\"},{\"@type\":\"ListItem\",\"position\":3,\"name\":\"Solidcom C1 Full Duplex Wireless Intercom System with HUB &amp; 8 headsets\"}]},{\"@type\":\"WebSite\",\"@id\":\"https:\/\/mediatrade.fi\/en\/#website\",\"url\":\"https:\/\/mediatrade.fi\/en\/\",\"name\":\"Mediatrade\",\"description\":\"\",\"publisher\":{\"@id\":\"https:\/\/mediatrade.fi\/en\/#organization\"},\"potentialAction\":[{\"@type\":\"SearchAction\",\"target\":{\"@type\":\"EntryPoint\",\"urlTemplate\":\"https:\/\/mediatrade.fi\/en\/?s={search_term_string}\"},\"query-input\":{\"@type\":\"PropertyValueSpecification\",\"valueRequired\":true,\"valueName\":\"search_term_string\"}}],\"inLanguage\":\"en-US\"},{\"@type\":\"Organization\",\"@id\":\"https:\/\/mediatrade.fi\/en\/#organization\",\"name\":\"Mediatrade\",\"url\":\"https:\/\/mediatrade.fi\/en\/\",\"logo\":{\"@type\":\"ImageObject\",\"inLanguage\":\"en-US\",\"@id\":\"https:\/\/mediatrade.fi\/en\/#\/schema\/logo\/image\/\",\"url\":\"https:\/\/mediatrade.fi\/wp-content\/uploads\/2022\/04\/Group-640.svg\",\"contentUrl\":\"https:\/\/mediatrade.fi\/wp-content\/uploads\/2022\/04\/Group-640.svg\",\"width\":128,\"height\":43,\"caption\":\"Mediatrade\"},\"image\":{\"@id\":\"https:\/\/mediatrade.fi\/en\/#\/schema\/logo\/image\/\"}}]}<\/script>\n<!-- \/ Yoast SEO plugin. -->","yoast_head_json":{"title":"Solidcom C1 Full Duplex Wireless Intercom System with HUB &amp; 8 headsets - Mediatrade","description":"1,000FT Full-Duplex Wireless Intercom Headset SystemThe Solidcom C1 full-duplex wireless intercom headset system, adopting the advanced DECT 6.0 technology, is Hollyland's first true wireless and self-contained headset communication solution with exceptional sound clarity. The system operates in the 1.9GHz band, providing a reliable transmission range up to 1000ft (350m) radius (LOS)","robots":{"index":"index","follow":"follow","max-snippet":"max-snippet:-1","max-image-preview":"max-image-preview:large","max-video-preview":"max-video-preview:-1"},"canonical":"https:\/\/mediatrade.fi\/en\/product\/solidcom-c1-full-duplex-wireless-intercom-system-with-hub-8-headsets\/","og_locale":"en_US","og_type":"article","og_title":"Solidcom C1 Full Duplex Wireless Intercom System with HUB &amp; 8 headsets - Mediatrade","og_description":"1,000FT Full-Duplex Wireless Intercom Headset SystemThe Solidcom C1 full-duplex wireless intercom headset system, adopting the advanced DECT 6.0 technology, is Hollyland's first true wireless and self-contained headset communication solution with exceptional sound clarity. The system operates in the 1.9GHz band, providing a reliable transmission range up to 1000ft (350m) radius (LOS)","og_url":"https:\/\/mediatrade.fi\/en\/product\/solidcom-c1-full-duplex-wireless-intercom-system-with-hub-8-headsets\/","og_site_name":"Mediatrade","article_modified_time":"2025-02-04T23:36:13+00:00","og_image":[{"width":800,"height":436,"url":"https:\/\/mediatrade.fi\/wp-content\/uploads\/2022\/05\/800q-001_119150.png","type":"image\/png"}],"twitter_card":"summary_large_image","twitter_misc":{"Est. reading time":"4 minutes"},"schema":{"@context":"https:\/\/schema.org","@graph":[{"@type":"WebPage","@id":"https:\/\/mediatrade.fi\/en\/product\/solidcom-c1-full-duplex-wireless-intercom-system-with-hub-8-headsets\/","url":"https:\/\/mediatrade.fi\/en\/product\/solidcom-c1-full-duplex-wireless-intercom-system-with-hub-8-headsets\/","name":"Solidcom C1 Full Duplex Wireless Intercom System with HUB &amp; 8 headsets - Mediatrade","isPartOf":{"@id":"https:\/\/mediatrade.fi\/en\/#website"},"primaryImageOfPage":{"@id":"https:\/\/mediatrade.fi\/en\/product\/solidcom-c1-full-duplex-wireless-intercom-system-with-hub-8-headsets\/#primaryimage"},"image":{"@id":"https:\/\/mediatrade.fi\/en\/product\/solidcom-c1-full-duplex-wireless-intercom-system-with-hub-8-headsets\/#primaryimage"},"thumbnailUrl":"https:\/\/mediatrade.fi\/wp-content\/uploads\/2022\/05\/800q-001_119150.png","datePublished":"2025-01-21T22:23:28+00:00","dateModified":"2025-02-04T23:36:13+00:00","description":"1,000FT Full-Duplex Wireless Intercom Headset SystemThe Solidcom C1 full-duplex wireless intercom headset system, adopting the advanced DECT 6.0 technology, is Hollyland's first true wireless and self-contained headset communication solution with exceptional sound clarity. The system operates in the 1.9GHz band, providing a reliable transmission range up to 1000ft (350m) radius (LOS)","breadcrumb":{"@id":"https:\/\/mediatrade.fi\/en\/product\/solidcom-c1-full-duplex-wireless-intercom-system-with-hub-8-headsets\/#breadcrumb"},"inLanguage":"en-US","potentialAction":[{"@type":"ReadAction","target":["https:\/\/mediatrade.fi\/en\/product\/solidcom-c1-full-duplex-wireless-intercom-system-with-hub-8-headsets\/"]}]},{"@type":"ImageObject","inLanguage":"en-US","@id":"https:\/\/mediatrade.fi\/en\/product\/solidcom-c1-full-duplex-wireless-intercom-system-with-hub-8-headsets\/#primaryimage","url":"https:\/\/mediatrade.fi\/wp-content\/uploads\/2022\/05\/800q-001_119150.png","contentUrl":"https:\/\/mediatrade.fi\/wp-content\/uploads\/2022\/05\/800q-001_119150.png","width":800,"height":436},{"@type":"BreadcrumbList","@id":"https:\/\/mediatrade.fi\/en\/product\/solidcom-c1-full-duplex-wireless-intercom-system-with-hub-8-headsets\/#breadcrumb","itemListElement":[{"@type":"ListItem","position":1,"name":"Front Page","item":"https:\/\/mediatrade.fi\/en\/"},{"@type":"ListItem","position":2,"name":"Shop","item":"https:\/\/mediatrade.fi\/en\/shop\/"},{"@type":"ListItem","position":3,"name":"Solidcom C1 Full Duplex Wireless Intercom System with HUB &amp; 8 headsets"}]},{"@type":"WebSite","@id":"https:\/\/mediatrade.fi\/en\/#website","url":"https:\/\/mediatrade.fi\/en\/","name":"Mediatrade","description":"","publisher":{"@id":"https:\/\/mediatrade.fi\/en\/#organization"},"potentialAction":[{"@type":"SearchAction","target":{"@type":"EntryPoint","urlTemplate":"https:\/\/mediatrade.fi\/en\/?s={search_term_string}"},"query-input":{"@type":"PropertyValueSpecification","valueRequired":true,"valueName":"search_term_string"}}],"inLanguage":"en-US"},{"@type":"Organization","@id":"https:\/\/mediatrade.fi\/en\/#organization","name":"Mediatrade","url":"https:\/\/mediatrade.fi\/en\/","logo":{"@type":"ImageObject","inLanguage":"en-US","@id":"https:\/\/mediatrade.fi\/en\/#\/schema\/logo\/image\/","url":"https:\/\/mediatrade.fi\/wp-content\/uploads\/2022\/04\/Group-640.svg","contentUrl":"https:\/\/mediatrade.fi\/wp-content\/uploads\/2022\/04\/Group-640.svg","width":128,"height":43,"caption":"Mediatrade"},"image":{"@id":"https:\/\/mediatrade.fi\/en\/#\/schema\/logo\/image\/"}}]}},"_links":{"self":[{"href":"https:\/\/mediatrade.fi\/en\/wp-json\/wp\/v2\/product\/400532","targetHints":{"allow":["GET"]}}],"collection":[{"href":"https:\/\/mediatrade.fi\/en\/wp-json\/wp\/v2\/product"}],"about":[{"href":"https:\/\/mediatrade.fi\/en\/wp-json\/wp\/v2\/types\/product"}],"wp:featuredmedia":[{"embeddable":true,"href":"https:\/\/mediatrade.fi\/en\/wp-json\/wp\/v2\/media\/123551"}],"wp:attachment":[{"href":"https:\/\/mediatrade.fi\/en\/wp-json\/wp\/v2\/media?parent=400532"}],"wp:term":[{"taxonomy":"product_brand","embeddable":true,"href":"https:\/\/mediatrade.fi\/en\/wp-json\/wp\/v2\/product_brand?post=400532"},{"taxonomy":"product_cat","embeddable":true,"href":"https:\/\/mediatrade.fi\/en\/wp-json\/wp\/v2\/product_cat?post=400532"},{"taxonomy":"product_tag","embeddable":true,"href":"https:\/\/mediatrade.fi\/en\/wp-json\/wp\/v2\/product_tag?post=400532"},{"taxonomy":"brands","embeddable":true,"href":"https:\/\/mediatrade.fi\/en\/wp-json\/wp\/v2\/brands?post=400532"},{"taxonomy":"id_product_type","embeddable":true,"href":"https:\/\/mediatrade.fi\/en\/wp-json\/wp\/v2\/id_product_type?post=400532"}],"curies":[{"name":"wp","href":"https:\/\/api.w.org\/{rel}","templated":true}]}}