{"id":401141,"date":"2025-12-29T16:59:28","date_gmt":"2025-12-29T14:59:28","guid":{"rendered":"https:\/\/mediatrade.fi\/tuote\/2046-nato-clamp-to-arri-rosette-2\/"},"modified":"2026-01-23T12:13:36","modified_gmt":"2026-01-23T10:13:36","slug":"2046-nato-clamp-to-arri-rosette-2","status":"publish","type":"product","link":"https:\/\/mediatrade.fi\/en\/product\/2046-nato-clamp-to-arri-rosette-2\/","title":{"rendered":"2046 NATO CLAMP TO ARRI ROSETTE"},"content":{"rendered":"\n<section class=\"block block-woocommerce-product-description container-fluid container-fluid \">\n    <div class=\"container\">\n        <div class=\"row\">\n            <div class=\"col-12 col-md-6 order-2 order-md-1 attachments-col\">\n                                            <\/div>\n\n            <div class=\"col-12 col-md-5 offset-md-1 order-1 order-md-2\">\n                <main class=\"entry-content\">\n                    \n\n<h2 class=\"wp-block-heading\">Tuotetiedot<\/h2>\n\n\n\n<p>SMALLRIG 2046 Nato Clamp to ARRI Rosette<\/p>\n\n\n\n<p>Kiinnike, jonka toiselta puolelta l\u00f6ytyy vakiomallinen ARRI-kiinnitysrosetti ja toiselta pikalukittava puristinkiinnike NATO-kiskoon.<\/p>\n\n\n\n<p>NATO-kiskoon kiinnittyv\u00e4 puristinkiinnite on pikairroitusmallia, ja kiinnittyy helposti ja varmasti kiristysvivun k\u00e4\u00e4nn\u00f6ll\u00e4. Nopean irroituksen ansiosta sen paikkaa on helppo s\u00e4\u00e4t\u00e4\u00e4 pidemm\u00e4ll\u00e4 kiskolla.<\/p>\n\n\n\n<p>Vakiotyyppisen ARRI-rosetin M6-kierteinen ruuvi sopii kaikkiin vakiotyypin ARRI-rosetilla varustetuihin v\u00e4lineisiin, esim.\u00a0SmallRig Wooden Handle 1891\/1941\u00a0tai\u00a0SmallRig Rosette Handle 1810\u00a0ja tarjoaa kuvauskahvoille hy\u00f6dyllisen pikairroitustoiminnon NATO-kiskosta.<\/p>\n\n\n                <\/main>\n            <\/div>\n        <\/div>\n    <\/div>\n<\/section>\n\n\n\n","protected":false},"excerpt":{"rendered":"","protected":false},"featured_media":434811,"template":"","meta":{"_acf_changed":false,"_relevanssi_hide_post":"","_relevanssi_hide_content":"","_relevanssi_pin_for_all":"","_relevanssi_pin_keywords":"","_relevanssi_unpin_keywords":"","_relevanssi_related_keywords":"","_relevanssi_related_include_ids":"","_relevanssi_related_exclude_ids":"","_relevanssi_related_no_append":"","_relevanssi_related_not_related":"","_relevanssi_related_posts":"","_relevanssi_noindex_reason":""},"product_brand":[],"product_cat":[2486,3476,9057,9055,8318,8189,3473],"product_tag":[7469,2385],"brands":[645],"id_product_type":[],"class_list":{"0":"post-401141","1":"product","2":"type-product","3":"status-publish","4":"has-post-thumbnail","6":"product_cat-all-products","7":"product_cat-cameras-and-equipment","8":"product_cat-in-store","9":"product_cat-outlet-en","10":"product_cat-outlet","11":"product_cat-varastossa","12":"product_cat-video","13":"product_tag-2046-nato-clamp-to-arri-rosette","14":"product_tag-smallrig","16":"first","17":"instock","18":"taxable","19":"shipping-taxable","20":"purchasable","21":"product-type-simple"},"bundled_by":[],"bundle_stock_status":"instock","bundle_stock_quantity":3,"bundle_virtual":false,"bundle_layout":"","bundle_add_to_cart_form_location":"","bundle_editable_in_cart":false,"bundle_sold_individually_context":"","bundle_item_grouping":"","bundle_min_size":"","bundle_max_size":"","bundle_price":[],"bundled_items":[],"bundle_sell_ids":[],"acf":[],"yoast_head":"<!-- This site is optimized with the Yoast SEO plugin v27.1.1 - https:\/\/yoast.com\/product\/yoast-seo-wordpress\/ -->\n<title>2046 NATO CLAMP TO ARRI ROSETTE - Mediatrade<\/title>\n<meta name=\"description\" content=\"SMALLRIG 2046 Nato Clamp to ARRI RosetteKiinnike, jonka toiselta puolelta l\u00f6ytyy vakiomallinen ARRI-kiinnitysrosetti ja toiselta pikalukittava puristinkiinnike NATO-kiskoon.NATO-kiskoon kiinnittyv\u00e4 puristinkiinnite on pikairroitusmallia, ja kiinnittyy helposti ja varmasti kiristysvivun k\u00e4\u00e4nn\u00f6ll\u00e4. Nopean irroituksen ansiosta sen paikkaa on helppo s\u00e4\u00e4t\u00e4\u00e4 pidemm\u00e4ll\u00e4 kiskolla.Vakiotyyppisen ARRI-rosetin M6-kierteinen ruuvi sopii kaikkiin vakiotyypin ARRI-rosetilla varustetuihin v\u00e4lineisiin, esim.\u00a0SmallRig Wooden Handle 1891\/1941\u00a0tai\u00a0SmallRig Rosette Handle 1810\u00a0ja tarjoaa kuvauskahvoille hy\u00f6dyllisen pikairroitustoiminnon NATO-kiskosta.\" \/>\n<meta name=\"robots\" content=\"index, follow, max-snippet:-1, max-image-preview:large, max-video-preview:-1\" \/>\n<link rel=\"canonical\" href=\"https:\/\/mediatrade.fi\/en\/product\/2046-nato-clamp-to-arri-rosette-2\/\" \/>\n<meta property=\"og:locale\" content=\"en_US\" \/>\n<meta property=\"og:type\" content=\"article\" \/>\n<meta property=\"og:title\" content=\"2046 NATO CLAMP TO ARRI ROSETTE - Mediatrade\" \/>\n<meta property=\"og:description\" content=\"SMALLRIG 2046 Nato Clamp to ARRI RosetteKiinnike, jonka toiselta puolelta l\u00f6ytyy vakiomallinen ARRI-kiinnitysrosetti ja toiselta pikalukittava puristinkiinnike NATO-kiskoon.NATO-kiskoon kiinnittyv\u00e4 puristinkiinnite on pikairroitusmallia, ja kiinnittyy helposti ja varmasti kiristysvivun k\u00e4\u00e4nn\u00f6ll\u00e4. Nopean irroituksen ansiosta sen paikkaa on helppo s\u00e4\u00e4t\u00e4\u00e4 pidemm\u00e4ll\u00e4 kiskolla.Vakiotyyppisen ARRI-rosetin M6-kierteinen ruuvi sopii kaikkiin vakiotyypin ARRI-rosetilla varustetuihin v\u00e4lineisiin, esim.\u00a0SmallRig Wooden Handle 1891\/1941\u00a0tai\u00a0SmallRig Rosette Handle 1810\u00a0ja tarjoaa kuvauskahvoille hy\u00f6dyllisen pikairroitustoiminnon NATO-kiskosta.\" \/>\n<meta property=\"og:url\" content=\"https:\/\/mediatrade.fi\/en\/product\/2046-nato-clamp-to-arri-rosette-2\/\" \/>\n<meta property=\"og:site_name\" content=\"Mediatrade\" \/>\n<meta property=\"article:modified_time\" content=\"2026-01-23T10:13:36+00:00\" \/>\n<meta property=\"og:image\" content=\"https:\/\/mediatrade.fi\/wp-content\/uploads\/2022\/05\/800q-04_113231.png\" \/>\n\t<meta property=\"og:image:width\" content=\"800\" \/>\n\t<meta property=\"og:image:height\" content=\"669\" \/>\n\t<meta property=\"og:image:type\" content=\"image\/png\" \/>\n<meta name=\"twitter:card\" content=\"summary_large_image\" \/>\n<meta name=\"twitter:label1\" content=\"Est. reading time\" \/>\n\t<meta name=\"twitter:data1\" content=\"2 minutes\" \/>\n<script type=\"application\/ld+json\" class=\"yoast-schema-graph\">{\"@context\":\"https:\/\/schema.org\",\"@graph\":[{\"@type\":\"WebPage\",\"@id\":\"https:\/\/mediatrade.fi\/en\/product\/2046-nato-clamp-to-arri-rosette-2\/\",\"url\":\"https:\/\/mediatrade.fi\/en\/product\/2046-nato-clamp-to-arri-rosette-2\/\",\"name\":\"2046 NATO CLAMP TO ARRI ROSETTE - Mediatrade\",\"isPartOf\":{\"@id\":\"https:\/\/mediatrade.fi\/en\/#website\"},\"primaryImageOfPage\":{\"@id\":\"https:\/\/mediatrade.fi\/en\/product\/2046-nato-clamp-to-arri-rosette-2\/#primaryimage\"},\"image\":{\"@id\":\"https:\/\/mediatrade.fi\/en\/product\/2046-nato-clamp-to-arri-rosette-2\/#primaryimage\"},\"thumbnailUrl\":\"https:\/\/mediatrade.fi\/wp-content\/uploads\/2022\/05\/800q-04_113231.png\",\"datePublished\":\"2025-12-29T14:59:28+00:00\",\"dateModified\":\"2026-01-23T10:13:36+00:00\",\"description\":\"SMALLRIG 2046 Nato Clamp to ARRI RosetteKiinnike, jonka toiselta puolelta l\u00f6ytyy vakiomallinen ARRI-kiinnitysrosetti ja toiselta pikalukittava puristinkiinnike NATO-kiskoon.NATO-kiskoon kiinnittyv\u00e4 puristinkiinnite on pikairroitusmallia, ja kiinnittyy helposti ja varmasti kiristysvivun k\u00e4\u00e4nn\u00f6ll\u00e4. Nopean irroituksen ansiosta sen paikkaa on helppo s\u00e4\u00e4t\u00e4\u00e4 pidemm\u00e4ll\u00e4 kiskolla.Vakiotyyppisen ARRI-rosetin M6-kierteinen ruuvi sopii kaikkiin vakiotyypin ARRI-rosetilla varustetuihin v\u00e4lineisiin, esim.\u00a0SmallRig Wooden Handle 1891\/1941\u00a0tai\u00a0SmallRig Rosette Handle 1810\u00a0ja tarjoaa kuvauskahvoille hy\u00f6dyllisen pikairroitustoiminnon NATO-kiskosta.\",\"breadcrumb\":{\"@id\":\"https:\/\/mediatrade.fi\/en\/product\/2046-nato-clamp-to-arri-rosette-2\/#breadcrumb\"},\"inLanguage\":\"en-US\",\"potentialAction\":[{\"@type\":\"ReadAction\",\"target\":[\"https:\/\/mediatrade.fi\/en\/product\/2046-nato-clamp-to-arri-rosette-2\/\"]}]},{\"@type\":\"ImageObject\",\"inLanguage\":\"en-US\",\"@id\":\"https:\/\/mediatrade.fi\/en\/product\/2046-nato-clamp-to-arri-rosette-2\/#primaryimage\",\"url\":\"https:\/\/mediatrade.fi\/wp-content\/uploads\/2022\/05\/800q-04_113231.png\",\"contentUrl\":\"https:\/\/mediatrade.fi\/wp-content\/uploads\/2022\/05\/800q-04_113231.png\",\"width\":800,\"height\":669},{\"@type\":\"BreadcrumbList\",\"@id\":\"https:\/\/mediatrade.fi\/en\/product\/2046-nato-clamp-to-arri-rosette-2\/#breadcrumb\",\"itemListElement\":[{\"@type\":\"ListItem\",\"position\":1,\"name\":\"Front Page\",\"item\":\"https:\/\/mediatrade.fi\/en\/\"},{\"@type\":\"ListItem\",\"position\":2,\"name\":\"Shop\",\"item\":\"https:\/\/mediatrade.fi\/en\/shop\/\"},{\"@type\":\"ListItem\",\"position\":3,\"name\":\"2046 NATO CLAMP TO ARRI ROSETTE\"}]},{\"@type\":\"WebSite\",\"@id\":\"https:\/\/mediatrade.fi\/en\/#website\",\"url\":\"https:\/\/mediatrade.fi\/en\/\",\"name\":\"Mediatrade\",\"description\":\"\",\"publisher\":{\"@id\":\"https:\/\/mediatrade.fi\/en\/#organization\"},\"potentialAction\":[{\"@type\":\"SearchAction\",\"target\":{\"@type\":\"EntryPoint\",\"urlTemplate\":\"https:\/\/mediatrade.fi\/en\/?s={search_term_string}\"},\"query-input\":{\"@type\":\"PropertyValueSpecification\",\"valueRequired\":true,\"valueName\":\"search_term_string\"}}],\"inLanguage\":\"en-US\"},{\"@type\":\"Organization\",\"@id\":\"https:\/\/mediatrade.fi\/en\/#organization\",\"name\":\"Mediatrade\",\"url\":\"https:\/\/mediatrade.fi\/en\/\",\"logo\":{\"@type\":\"ImageObject\",\"inLanguage\":\"en-US\",\"@id\":\"https:\/\/mediatrade.fi\/en\/#\/schema\/logo\/image\/\",\"url\":\"https:\/\/mediatrade.fi\/wp-content\/uploads\/2022\/04\/Group-640.svg\",\"contentUrl\":\"https:\/\/mediatrade.fi\/wp-content\/uploads\/2022\/04\/Group-640.svg\",\"width\":128,\"height\":43,\"caption\":\"Mediatrade\"},\"image\":{\"@id\":\"https:\/\/mediatrade.fi\/en\/#\/schema\/logo\/image\/\"}}]}<\/script>\n<!-- \/ Yoast SEO plugin. -->","yoast_head_json":{"title":"2046 NATO CLAMP TO ARRI ROSETTE - Mediatrade","description":"SMALLRIG 2046 Nato Clamp to ARRI RosetteKiinnike, jonka toiselta puolelta l\u00f6ytyy vakiomallinen ARRI-kiinnitysrosetti ja toiselta pikalukittava puristinkiinnike NATO-kiskoon.NATO-kiskoon kiinnittyv\u00e4 puristinkiinnite on pikairroitusmallia, ja kiinnittyy helposti ja varmasti kiristysvivun k\u00e4\u00e4nn\u00f6ll\u00e4. Nopean irroituksen ansiosta sen paikkaa on helppo s\u00e4\u00e4t\u00e4\u00e4 pidemm\u00e4ll\u00e4 kiskolla.Vakiotyyppisen ARRI-rosetin M6-kierteinen ruuvi sopii kaikkiin vakiotyypin ARRI-rosetilla varustetuihin v\u00e4lineisiin, esim.\u00a0SmallRig Wooden Handle 1891\/1941\u00a0tai\u00a0SmallRig Rosette Handle 1810\u00a0ja tarjoaa kuvauskahvoille hy\u00f6dyllisen pikairroitustoiminnon NATO-kiskosta.","robots":{"index":"index","follow":"follow","max-snippet":"max-snippet:-1","max-image-preview":"max-image-preview:large","max-video-preview":"max-video-preview:-1"},"canonical":"https:\/\/mediatrade.fi\/en\/product\/2046-nato-clamp-to-arri-rosette-2\/","og_locale":"en_US","og_type":"article","og_title":"2046 NATO CLAMP TO ARRI ROSETTE - Mediatrade","og_description":"SMALLRIG 2046 Nato Clamp to ARRI RosetteKiinnike, jonka toiselta puolelta l\u00f6ytyy vakiomallinen ARRI-kiinnitysrosetti ja toiselta pikalukittava puristinkiinnike NATO-kiskoon.NATO-kiskoon kiinnittyv\u00e4 puristinkiinnite on pikairroitusmallia, ja kiinnittyy helposti ja varmasti kiristysvivun k\u00e4\u00e4nn\u00f6ll\u00e4. Nopean irroituksen ansiosta sen paikkaa on helppo s\u00e4\u00e4t\u00e4\u00e4 pidemm\u00e4ll\u00e4 kiskolla.Vakiotyyppisen ARRI-rosetin M6-kierteinen ruuvi sopii kaikkiin vakiotyypin ARRI-rosetilla varustetuihin v\u00e4lineisiin, esim.\u00a0SmallRig Wooden Handle 1891\/1941\u00a0tai\u00a0SmallRig Rosette Handle 1810\u00a0ja tarjoaa kuvauskahvoille hy\u00f6dyllisen pikairroitustoiminnon NATO-kiskosta.","og_url":"https:\/\/mediatrade.fi\/en\/product\/2046-nato-clamp-to-arri-rosette-2\/","og_site_name":"Mediatrade","article_modified_time":"2026-01-23T10:13:36+00:00","og_image":[{"width":800,"height":669,"url":"https:\/\/mediatrade.fi\/wp-content\/uploads\/2022\/05\/800q-04_113231.png","type":"image\/png"}],"twitter_card":"summary_large_image","twitter_misc":{"Est. reading time":"2 minutes"},"schema":{"@context":"https:\/\/schema.org","@graph":[{"@type":"WebPage","@id":"https:\/\/mediatrade.fi\/en\/product\/2046-nato-clamp-to-arri-rosette-2\/","url":"https:\/\/mediatrade.fi\/en\/product\/2046-nato-clamp-to-arri-rosette-2\/","name":"2046 NATO CLAMP TO ARRI ROSETTE - Mediatrade","isPartOf":{"@id":"https:\/\/mediatrade.fi\/en\/#website"},"primaryImageOfPage":{"@id":"https:\/\/mediatrade.fi\/en\/product\/2046-nato-clamp-to-arri-rosette-2\/#primaryimage"},"image":{"@id":"https:\/\/mediatrade.fi\/en\/product\/2046-nato-clamp-to-arri-rosette-2\/#primaryimage"},"thumbnailUrl":"https:\/\/mediatrade.fi\/wp-content\/uploads\/2022\/05\/800q-04_113231.png","datePublished":"2025-12-29T14:59:28+00:00","dateModified":"2026-01-23T10:13:36+00:00","description":"SMALLRIG 2046 Nato Clamp to ARRI RosetteKiinnike, jonka toiselta puolelta l\u00f6ytyy vakiomallinen ARRI-kiinnitysrosetti ja toiselta pikalukittava puristinkiinnike NATO-kiskoon.NATO-kiskoon kiinnittyv\u00e4 puristinkiinnite on pikairroitusmallia, ja kiinnittyy helposti ja varmasti kiristysvivun k\u00e4\u00e4nn\u00f6ll\u00e4. Nopean irroituksen ansiosta sen paikkaa on helppo s\u00e4\u00e4t\u00e4\u00e4 pidemm\u00e4ll\u00e4 kiskolla.Vakiotyyppisen ARRI-rosetin M6-kierteinen ruuvi sopii kaikkiin vakiotyypin ARRI-rosetilla varustetuihin v\u00e4lineisiin, esim.\u00a0SmallRig Wooden Handle 1891\/1941\u00a0tai\u00a0SmallRig Rosette Handle 1810\u00a0ja tarjoaa kuvauskahvoille hy\u00f6dyllisen pikairroitustoiminnon NATO-kiskosta.","breadcrumb":{"@id":"https:\/\/mediatrade.fi\/en\/product\/2046-nato-clamp-to-arri-rosette-2\/#breadcrumb"},"inLanguage":"en-US","potentialAction":[{"@type":"ReadAction","target":["https:\/\/mediatrade.fi\/en\/product\/2046-nato-clamp-to-arri-rosette-2\/"]}]},{"@type":"ImageObject","inLanguage":"en-US","@id":"https:\/\/mediatrade.fi\/en\/product\/2046-nato-clamp-to-arri-rosette-2\/#primaryimage","url":"https:\/\/mediatrade.fi\/wp-content\/uploads\/2022\/05\/800q-04_113231.png","contentUrl":"https:\/\/mediatrade.fi\/wp-content\/uploads\/2022\/05\/800q-04_113231.png","width":800,"height":669},{"@type":"BreadcrumbList","@id":"https:\/\/mediatrade.fi\/en\/product\/2046-nato-clamp-to-arri-rosette-2\/#breadcrumb","itemListElement":[{"@type":"ListItem","position":1,"name":"Front Page","item":"https:\/\/mediatrade.fi\/en\/"},{"@type":"ListItem","position":2,"name":"Shop","item":"https:\/\/mediatrade.fi\/en\/shop\/"},{"@type":"ListItem","position":3,"name":"2046 NATO CLAMP TO ARRI ROSETTE"}]},{"@type":"WebSite","@id":"https:\/\/mediatrade.fi\/en\/#website","url":"https:\/\/mediatrade.fi\/en\/","name":"Mediatrade","description":"","publisher":{"@id":"https:\/\/mediatrade.fi\/en\/#organization"},"potentialAction":[{"@type":"SearchAction","target":{"@type":"EntryPoint","urlTemplate":"https:\/\/mediatrade.fi\/en\/?s={search_term_string}"},"query-input":{"@type":"PropertyValueSpecification","valueRequired":true,"valueName":"search_term_string"}}],"inLanguage":"en-US"},{"@type":"Organization","@id":"https:\/\/mediatrade.fi\/en\/#organization","name":"Mediatrade","url":"https:\/\/mediatrade.fi\/en\/","logo":{"@type":"ImageObject","inLanguage":"en-US","@id":"https:\/\/mediatrade.fi\/en\/#\/schema\/logo\/image\/","url":"https:\/\/mediatrade.fi\/wp-content\/uploads\/2022\/04\/Group-640.svg","contentUrl":"https:\/\/mediatrade.fi\/wp-content\/uploads\/2022\/04\/Group-640.svg","width":128,"height":43,"caption":"Mediatrade"},"image":{"@id":"https:\/\/mediatrade.fi\/en\/#\/schema\/logo\/image\/"}}]}},"_links":{"self":[{"href":"https:\/\/mediatrade.fi\/en\/wp-json\/wp\/v2\/product\/401141","targetHints":{"allow":["GET"]}}],"collection":[{"href":"https:\/\/mediatrade.fi\/en\/wp-json\/wp\/v2\/product"}],"about":[{"href":"https:\/\/mediatrade.fi\/en\/wp-json\/wp\/v2\/types\/product"}],"wp:featuredmedia":[{"embeddable":true,"href":"https:\/\/mediatrade.fi\/en\/wp-json\/wp\/v2\/media\/434811"}],"wp:attachment":[{"href":"https:\/\/mediatrade.fi\/en\/wp-json\/wp\/v2\/media?parent=401141"}],"wp:term":[{"taxonomy":"product_brand","embeddable":true,"href":"https:\/\/mediatrade.fi\/en\/wp-json\/wp\/v2\/product_brand?post=401141"},{"taxonomy":"product_cat","embeddable":true,"href":"https:\/\/mediatrade.fi\/en\/wp-json\/wp\/v2\/product_cat?post=401141"},{"taxonomy":"product_tag","embeddable":true,"href":"https:\/\/mediatrade.fi\/en\/wp-json\/wp\/v2\/product_tag?post=401141"},{"taxonomy":"brands","embeddable":true,"href":"https:\/\/mediatrade.fi\/en\/wp-json\/wp\/v2\/brands?post=401141"},{"taxonomy":"id_product_type","embeddable":true,"href":"https:\/\/mediatrade.fi\/en\/wp-json\/wp\/v2\/id_product_type?post=401141"}],"curies":[{"name":"wp","href":"https:\/\/api.w.org\/{rel}","templated":true}]}}