{"id":401185,"date":"2022-05-04T01:37:10","date_gmt":"2025-01-21T22:36:45","guid":{"rendered":"https:\/\/mediatrade.fi\/tuote\/safety-nato-accessory-rail-1933\/"},"modified":"2025-02-05T01:49:13","modified_gmt":"2025-02-04T23:49:13","slug":"safety-nato-accessory-rail-1933","status":"publish","type":"product","link":"https:\/\/mediatrade.fi\/en\/product\/safety-nato-accessory-rail-1933\/","title":{"rendered":"Safety NATO Accessory Rail 1933"},"content":{"rendered":"\n<section class=\"block block-woocommerce-product-description container-fluid container-fluid \">\n    <div class=\"container\">\n        <div class=\"row\">\n            <div class=\"col-12 col-md-6 order-2 order-md-1 attachments-col\">\n                                            <\/div>\n\n            <div class=\"col-12 col-md-5 offset-md-1 order-1 order-md-2\">\n                <main class=\"entry-content\">\n                    \n\n<h2 class=\"wp-block-heading\">Tuotetiedot<\/h2>\n\n\n\n<p>SMALLRIG Safety NATO Rail 1933\u00a0is a thin NATO rail for the NATO lock kit. <\/p>\n\n\n\n<p>Tuote on tarkoitettu vain ammattik\u00e4ytt\u00f6\u00f6n. Ei takuuta.<\/p>\n\n\n                <\/main>\n            <\/div>\n        <\/div>\n    <\/div>\n<\/section>\n","protected":false},"excerpt":{"rendered":"","protected":false},"featured_media":434841,"template":"","meta":{"_acf_changed":false,"_relevanssi_hide_post":"","_relevanssi_hide_content":"","_relevanssi_pin_for_all":"","_relevanssi_pin_keywords":"","_relevanssi_unpin_keywords":"","_relevanssi_related_keywords":"","_relevanssi_related_include_ids":"","_relevanssi_related_exclude_ids":"","_relevanssi_related_no_append":"","_relevanssi_related_not_related":"","_relevanssi_related_posts":"","_relevanssi_noindex_reason":""},"product_brand":[],"product_cat":[],"product_tag":[7640,2385],"brands":[645],"id_product_type":[],"class_list":{"0":"post-401185","1":"product","2":"type-product","3":"status-publish","4":"has-post-thumbnail","6":"product_tag-safety-nato-accessory-rail-1933","7":"product_tag-smallrig","9":"first","10":"instock","11":"taxable","12":"shipping-taxable","13":"purchasable","14":"product-type-simple"},"bundled_by":[],"bundle_stock_status":"instock","bundle_stock_quantity":1,"bundle_virtual":false,"bundle_layout":"","bundle_add_to_cart_form_location":"","bundle_editable_in_cart":false,"bundle_sold_individually_context":"","bundle_item_grouping":"","bundle_min_size":"","bundle_max_size":"","bundle_price":[],"bundled_items":[],"bundle_sell_ids":[],"acf":[],"yoast_head":"<!-- This site is optimized with the Yoast SEO plugin v27.1.1 - https:\/\/yoast.com\/product\/yoast-seo-wordpress\/ -->\n<title>Safety NATO Accessory Rail 1933 - Mediatrade<\/title>\n<meta name=\"description\" content=\"SMALLRIG Safety NATO Rail 1933\u00a0is a thin NATO rail for the NATO lock kit. It attaches to your camera cage with 1\/4\u2019\u2019-20 screws, which enables an access to NATO handles, EVF mounts\u00a0or other NATO-Compatible accessories. The spring-loaded safety pin on each end of the rail prevents accidental accessory removal. Moreover, you can also attach a shoe mount directly working with camera shoe mount port.\u00a0\" \/>\n<meta name=\"robots\" content=\"index, follow, max-snippet:-1, max-image-preview:large, max-video-preview:-1\" \/>\n<link rel=\"canonical\" href=\"https:\/\/mediatrade.fi\/en\/product\/safety-nato-accessory-rail-1933\/\" \/>\n<meta property=\"og:locale\" content=\"en_US\" \/>\n<meta property=\"og:type\" content=\"article\" \/>\n<meta property=\"og:title\" content=\"Safety NATO Accessory Rail 1933 - Mediatrade\" \/>\n<meta property=\"og:description\" content=\"SMALLRIG Safety NATO Rail 1933\u00a0is a thin NATO rail for the NATO lock kit. It attaches to your camera cage with 1\/4\u2019\u2019-20 screws, which enables an access to NATO handles, EVF mounts\u00a0or other NATO-Compatible accessories. The spring-loaded safety pin on each end of the rail prevents accidental accessory removal. Moreover, you can also attach a shoe mount directly working with camera shoe mount port.\u00a0\" \/>\n<meta property=\"og:url\" content=\"https:\/\/mediatrade.fi\/en\/product\/safety-nato-accessory-rail-1933\/\" \/>\n<meta property=\"og:site_name\" content=\"Mediatrade\" \/>\n<meta property=\"article:modified_time\" content=\"2025-02-04T23:49:13+00:00\" \/>\n<meta property=\"og:image\" content=\"https:\/\/mediatrade.fi\/wp-content\/uploads\/2022\/05\/smallrig_1933_safety_nato_accessory_rail_1534450987000_1421989_370x370_crop_center.webp\" \/>\n\t<meta property=\"og:image:width\" content=\"370\" \/>\n\t<meta property=\"og:image:height\" content=\"370\" \/>\n\t<meta property=\"og:image:type\" content=\"image\/webp\" \/>\n<meta name=\"twitter:card\" content=\"summary_large_image\" \/>\n<meta name=\"twitter:label1\" content=\"Est. reading time\" \/>\n\t<meta name=\"twitter:data1\" content=\"1 minute\" \/>\n<script type=\"application\/ld+json\" class=\"yoast-schema-graph\">{\"@context\":\"https:\/\/schema.org\",\"@graph\":[{\"@type\":\"WebPage\",\"@id\":\"https:\/\/mediatrade.fi\/en\/product\/safety-nato-accessory-rail-1933\/\",\"url\":\"https:\/\/mediatrade.fi\/en\/product\/safety-nato-accessory-rail-1933\/\",\"name\":\"Safety NATO Accessory Rail 1933 - Mediatrade\",\"isPartOf\":{\"@id\":\"https:\/\/mediatrade.fi\/en\/#website\"},\"primaryImageOfPage\":{\"@id\":\"https:\/\/mediatrade.fi\/en\/product\/safety-nato-accessory-rail-1933\/#primaryimage\"},\"image\":{\"@id\":\"https:\/\/mediatrade.fi\/en\/product\/safety-nato-accessory-rail-1933\/#primaryimage\"},\"thumbnailUrl\":\"https:\/\/mediatrade.fi\/wp-content\/uploads\/2022\/05\/smallrig_1933_safety_nato_accessory_rail_1534450987000_1421989_370x370_crop_center.webp\",\"datePublished\":\"2025-01-21T22:36:45+00:00\",\"dateModified\":\"2025-02-04T23:49:13+00:00\",\"description\":\"SMALLRIG Safety NATO Rail 1933\u00a0is a thin NATO rail for the NATO lock kit. It attaches to your camera cage with 1\/4\u2019\u2019-20 screws, which enables an access to NATO handles, EVF mounts\u00a0or other NATO-Compatible accessories. The spring-loaded safety pin on each end of the rail prevents accidental accessory removal. Moreover, you can also attach a shoe mount directly working with camera shoe mount port.\u00a0\",\"breadcrumb\":{\"@id\":\"https:\/\/mediatrade.fi\/en\/product\/safety-nato-accessory-rail-1933\/#breadcrumb\"},\"inLanguage\":\"en-US\",\"potentialAction\":[{\"@type\":\"ReadAction\",\"target\":[\"https:\/\/mediatrade.fi\/en\/product\/safety-nato-accessory-rail-1933\/\"]}]},{\"@type\":\"ImageObject\",\"inLanguage\":\"en-US\",\"@id\":\"https:\/\/mediatrade.fi\/en\/product\/safety-nato-accessory-rail-1933\/#primaryimage\",\"url\":\"https:\/\/mediatrade.fi\/wp-content\/uploads\/2022\/05\/smallrig_1933_safety_nato_accessory_rail_1534450987000_1421989_370x370_crop_center.webp\",\"contentUrl\":\"https:\/\/mediatrade.fi\/wp-content\/uploads\/2022\/05\/smallrig_1933_safety_nato_accessory_rail_1534450987000_1421989_370x370_crop_center.webp\",\"width\":370,\"height\":370},{\"@type\":\"BreadcrumbList\",\"@id\":\"https:\/\/mediatrade.fi\/en\/product\/safety-nato-accessory-rail-1933\/#breadcrumb\",\"itemListElement\":[{\"@type\":\"ListItem\",\"position\":1,\"name\":\"Front Page\",\"item\":\"https:\/\/mediatrade.fi\/en\/\"},{\"@type\":\"ListItem\",\"position\":2,\"name\":\"Shop\",\"item\":\"https:\/\/mediatrade.fi\/en\/shop\/\"},{\"@type\":\"ListItem\",\"position\":3,\"name\":\"Safety NATO Accessory Rail 1933\"}]},{\"@type\":\"WebSite\",\"@id\":\"https:\/\/mediatrade.fi\/en\/#website\",\"url\":\"https:\/\/mediatrade.fi\/en\/\",\"name\":\"Mediatrade\",\"description\":\"\",\"publisher\":{\"@id\":\"https:\/\/mediatrade.fi\/en\/#organization\"},\"potentialAction\":[{\"@type\":\"SearchAction\",\"target\":{\"@type\":\"EntryPoint\",\"urlTemplate\":\"https:\/\/mediatrade.fi\/en\/?s={search_term_string}\"},\"query-input\":{\"@type\":\"PropertyValueSpecification\",\"valueRequired\":true,\"valueName\":\"search_term_string\"}}],\"inLanguage\":\"en-US\"},{\"@type\":\"Organization\",\"@id\":\"https:\/\/mediatrade.fi\/en\/#organization\",\"name\":\"Mediatrade\",\"url\":\"https:\/\/mediatrade.fi\/en\/\",\"logo\":{\"@type\":\"ImageObject\",\"inLanguage\":\"en-US\",\"@id\":\"https:\/\/mediatrade.fi\/en\/#\/schema\/logo\/image\/\",\"url\":\"https:\/\/mediatrade.fi\/wp-content\/uploads\/2022\/04\/Group-640.svg\",\"contentUrl\":\"https:\/\/mediatrade.fi\/wp-content\/uploads\/2022\/04\/Group-640.svg\",\"width\":128,\"height\":43,\"caption\":\"Mediatrade\"},\"image\":{\"@id\":\"https:\/\/mediatrade.fi\/en\/#\/schema\/logo\/image\/\"}}]}<\/script>\n<!-- \/ Yoast SEO plugin. -->","yoast_head_json":{"title":"Safety NATO Accessory Rail 1933 - Mediatrade","description":"SMALLRIG Safety NATO Rail 1933\u00a0is a thin NATO rail for the NATO lock kit. It attaches to your camera cage with 1\/4\u2019\u2019-20 screws, which enables an access to NATO handles, EVF mounts\u00a0or other NATO-Compatible accessories. The spring-loaded safety pin on each end of the rail prevents accidental accessory removal. Moreover, you can also attach a shoe mount directly working with camera shoe mount port.\u00a0","robots":{"index":"index","follow":"follow","max-snippet":"max-snippet:-1","max-image-preview":"max-image-preview:large","max-video-preview":"max-video-preview:-1"},"canonical":"https:\/\/mediatrade.fi\/en\/product\/safety-nato-accessory-rail-1933\/","og_locale":"en_US","og_type":"article","og_title":"Safety NATO Accessory Rail 1933 - Mediatrade","og_description":"SMALLRIG Safety NATO Rail 1933\u00a0is a thin NATO rail for the NATO lock kit. It attaches to your camera cage with 1\/4\u2019\u2019-20 screws, which enables an access to NATO handles, EVF mounts\u00a0or other NATO-Compatible accessories. The spring-loaded safety pin on each end of the rail prevents accidental accessory removal. Moreover, you can also attach a shoe mount directly working with camera shoe mount port.\u00a0","og_url":"https:\/\/mediatrade.fi\/en\/product\/safety-nato-accessory-rail-1933\/","og_site_name":"Mediatrade","article_modified_time":"2025-02-04T23:49:13+00:00","og_image":[{"width":370,"height":370,"url":"https:\/\/mediatrade.fi\/wp-content\/uploads\/2022\/05\/smallrig_1933_safety_nato_accessory_rail_1534450987000_1421989_370x370_crop_center.webp","type":"image\/webp"}],"twitter_card":"summary_large_image","twitter_misc":{"Est. reading time":"1 minute"},"schema":{"@context":"https:\/\/schema.org","@graph":[{"@type":"WebPage","@id":"https:\/\/mediatrade.fi\/en\/product\/safety-nato-accessory-rail-1933\/","url":"https:\/\/mediatrade.fi\/en\/product\/safety-nato-accessory-rail-1933\/","name":"Safety NATO Accessory Rail 1933 - Mediatrade","isPartOf":{"@id":"https:\/\/mediatrade.fi\/en\/#website"},"primaryImageOfPage":{"@id":"https:\/\/mediatrade.fi\/en\/product\/safety-nato-accessory-rail-1933\/#primaryimage"},"image":{"@id":"https:\/\/mediatrade.fi\/en\/product\/safety-nato-accessory-rail-1933\/#primaryimage"},"thumbnailUrl":"https:\/\/mediatrade.fi\/wp-content\/uploads\/2022\/05\/smallrig_1933_safety_nato_accessory_rail_1534450987000_1421989_370x370_crop_center.webp","datePublished":"2025-01-21T22:36:45+00:00","dateModified":"2025-02-04T23:49:13+00:00","description":"SMALLRIG Safety NATO Rail 1933\u00a0is a thin NATO rail for the NATO lock kit. It attaches to your camera cage with 1\/4\u2019\u2019-20 screws, which enables an access to NATO handles, EVF mounts\u00a0or other NATO-Compatible accessories. The spring-loaded safety pin on each end of the rail prevents accidental accessory removal. Moreover, you can also attach a shoe mount directly working with camera shoe mount port.\u00a0","breadcrumb":{"@id":"https:\/\/mediatrade.fi\/en\/product\/safety-nato-accessory-rail-1933\/#breadcrumb"},"inLanguage":"en-US","potentialAction":[{"@type":"ReadAction","target":["https:\/\/mediatrade.fi\/en\/product\/safety-nato-accessory-rail-1933\/"]}]},{"@type":"ImageObject","inLanguage":"en-US","@id":"https:\/\/mediatrade.fi\/en\/product\/safety-nato-accessory-rail-1933\/#primaryimage","url":"https:\/\/mediatrade.fi\/wp-content\/uploads\/2022\/05\/smallrig_1933_safety_nato_accessory_rail_1534450987000_1421989_370x370_crop_center.webp","contentUrl":"https:\/\/mediatrade.fi\/wp-content\/uploads\/2022\/05\/smallrig_1933_safety_nato_accessory_rail_1534450987000_1421989_370x370_crop_center.webp","width":370,"height":370},{"@type":"BreadcrumbList","@id":"https:\/\/mediatrade.fi\/en\/product\/safety-nato-accessory-rail-1933\/#breadcrumb","itemListElement":[{"@type":"ListItem","position":1,"name":"Front Page","item":"https:\/\/mediatrade.fi\/en\/"},{"@type":"ListItem","position":2,"name":"Shop","item":"https:\/\/mediatrade.fi\/en\/shop\/"},{"@type":"ListItem","position":3,"name":"Safety NATO Accessory Rail 1933"}]},{"@type":"WebSite","@id":"https:\/\/mediatrade.fi\/en\/#website","url":"https:\/\/mediatrade.fi\/en\/","name":"Mediatrade","description":"","publisher":{"@id":"https:\/\/mediatrade.fi\/en\/#organization"},"potentialAction":[{"@type":"SearchAction","target":{"@type":"EntryPoint","urlTemplate":"https:\/\/mediatrade.fi\/en\/?s={search_term_string}"},"query-input":{"@type":"PropertyValueSpecification","valueRequired":true,"valueName":"search_term_string"}}],"inLanguage":"en-US"},{"@type":"Organization","@id":"https:\/\/mediatrade.fi\/en\/#organization","name":"Mediatrade","url":"https:\/\/mediatrade.fi\/en\/","logo":{"@type":"ImageObject","inLanguage":"en-US","@id":"https:\/\/mediatrade.fi\/en\/#\/schema\/logo\/image\/","url":"https:\/\/mediatrade.fi\/wp-content\/uploads\/2022\/04\/Group-640.svg","contentUrl":"https:\/\/mediatrade.fi\/wp-content\/uploads\/2022\/04\/Group-640.svg","width":128,"height":43,"caption":"Mediatrade"},"image":{"@id":"https:\/\/mediatrade.fi\/en\/#\/schema\/logo\/image\/"}}]}},"_links":{"self":[{"href":"https:\/\/mediatrade.fi\/en\/wp-json\/wp\/v2\/product\/401185","targetHints":{"allow":["GET"]}}],"collection":[{"href":"https:\/\/mediatrade.fi\/en\/wp-json\/wp\/v2\/product"}],"about":[{"href":"https:\/\/mediatrade.fi\/en\/wp-json\/wp\/v2\/types\/product"}],"wp:featuredmedia":[{"embeddable":true,"href":"https:\/\/mediatrade.fi\/en\/wp-json\/wp\/v2\/media\/434841"}],"wp:attachment":[{"href":"https:\/\/mediatrade.fi\/en\/wp-json\/wp\/v2\/media?parent=401185"}],"wp:term":[{"taxonomy":"product_brand","embeddable":true,"href":"https:\/\/mediatrade.fi\/en\/wp-json\/wp\/v2\/product_brand?post=401185"},{"taxonomy":"product_cat","embeddable":true,"href":"https:\/\/mediatrade.fi\/en\/wp-json\/wp\/v2\/product_cat?post=401185"},{"taxonomy":"product_tag","embeddable":true,"href":"https:\/\/mediatrade.fi\/en\/wp-json\/wp\/v2\/product_tag?post=401185"},{"taxonomy":"brands","embeddable":true,"href":"https:\/\/mediatrade.fi\/en\/wp-json\/wp\/v2\/brands?post=401185"},{"taxonomy":"id_product_type","embeddable":true,"href":"https:\/\/mediatrade.fi\/en\/wp-json\/wp\/v2\/id_product_type?post=401185"}],"curies":[{"name":"wp","href":"https:\/\/api.w.org\/{rel}","templated":true}]}}