{"id":401281,"date":"2022-05-04T01:36:42","date_gmt":"2025-01-21T22:38:45","guid":{"rendered":"https:\/\/mediatrade.fi\/tuote\/1053-15mm-alu-alloy-rods-m12-30cm-2\/"},"modified":"2025-02-05T01:50:29","modified_gmt":"2025-02-04T23:50:29","slug":"1053-15mm-alu-alloy-rods-m12-30cm-2","status":"publish","type":"product","link":"https:\/\/mediatrade.fi\/en\/product\/1053-15mm-alu-alloy-rods-m12-30cm-2\/","title":{"rendered":"1053 15MM ALU ALLOY RODS M12 30CM"},"content":{"rendered":"\n<section class=\"block block-woocommerce-product-description container-fluid container-fluid \">\n    <div class=\"container\">\n        <div class=\"row\">\n            <div class=\"col-12 col-md-6 order-2 order-md-1 attachments-col\">\n                                            <\/div>\n\n            <div class=\"col-12 col-md-5 offset-md-1 order-1 order-md-2\">\n                <main class=\"entry-content\">\n                    \n\n<h2 class=\"wp-block-heading\">Tuotetiedot<\/h2>\n\n\n\n<p><strong>SMALLRIG 1053 15mm Alu Alloy Rods M12 30cm<\/strong><\/p>\n\n\n\n<p>30cm pitk\u00e4 15mm LWS rigitankopari erilaisten 15mm-yhteensopivien lis\u00e4varusteiden kiinnitt\u00e4miseen. Tankojen p\u00e4\u00e4st\u00e4 l\u00f6ytyv\u00e4t M12-kierrerei\u00e4t mahdollistavat j\u00e4rjestelm\u00e4n laajentamisen.<\/p>\n\n\n\n<p>Tangot ovat j\u00e4m\u00e4kk\u00e4\u00e4 alumiiniseosta, joka on j\u00e4ykemp\u00e4\u00e4 ja vahvempaa kuin perinteisesti 15mm LWS-j\u00e4rjestelmiss\u00e4 k\u00e4ytetyt tangot. Tangon pintak\u00e4sittely vastustaa hioutumista ja sy\u00f6pymist\u00e4.<\/p>\n\n\n                <\/main>\n            <\/div>\n        <\/div>\n    <\/div>\n<\/section>\n","protected":false},"excerpt":{"rendered":"","protected":false},"featured_media":434861,"template":"","meta":{"_acf_changed":false,"_relevanssi_hide_post":"","_relevanssi_hide_content":"","_relevanssi_pin_for_all":"","_relevanssi_pin_keywords":"","_relevanssi_unpin_keywords":"","_relevanssi_related_keywords":"","_relevanssi_related_include_ids":"","_relevanssi_related_exclude_ids":"","_relevanssi_related_no_append":"","_relevanssi_related_not_related":"","_relevanssi_related_posts":"","_relevanssi_noindex_reason":""},"product_brand":[],"product_cat":[],"product_tag":[1159,2385,7653],"brands":[645],"id_product_type":[],"class_list":{"0":"post-401281","1":"product","2":"type-product","3":"status-publish","4":"has-post-thumbnail","6":"product_tag-15mm","7":"product_tag-smallrig","8":"product_tag-smallrig-1053-15mm-alu-alloy-rods-m12-30cm","10":"first","11":"instock","12":"taxable","13":"shipping-taxable","14":"purchasable","15":"product-type-simple"},"bundled_by":[],"bundle_stock_status":"instock","bundle_stock_quantity":2,"bundle_virtual":false,"bundle_layout":"","bundle_add_to_cart_form_location":"","bundle_editable_in_cart":false,"bundle_sold_individually_context":"","bundle_item_grouping":"","bundle_min_size":"","bundle_max_size":"","bundle_price":[],"bundled_items":[],"bundle_sell_ids":[],"acf":[],"yoast_head":"<!-- This site is optimized with the Yoast SEO plugin v27.1.1 - https:\/\/yoast.com\/product\/yoast-seo-wordpress\/ -->\n<title>1053 15MM ALU ALLOY RODS M12 30CM - Mediatrade<\/title>\n<meta name=\"description\" content=\"SMALLRIG 1053 15mm Alu Alloy Rods M12 30cm30cm pitk\u00e4 15mm LWS rigitankopari erilaisten 15mm-yhteensopivien lis\u00e4varusteiden kiinnitt\u00e4miseen. Tankojen p\u00e4\u00e4st\u00e4 l\u00f6ytyv\u00e4t M12-kierrerei\u00e4t mahdollistavat j\u00e4rjestelm\u00e4n laajentamisen.Tangot ovat j\u00e4m\u00e4kk\u00e4\u00e4 alumiiniseosta, joka on j\u00e4ykemp\u00e4\u00e4 ja vahvempaa kuin perinteisesti 15mm LWS-j\u00e4rjestelmiss\u00e4 k\u00e4ytetyt tangot. Tangon pintak\u00e4sittely vastustaa hioutumista ja sy\u00f6pymist\u00e4.\" \/>\n<meta name=\"robots\" content=\"index, follow, max-snippet:-1, max-image-preview:large, max-video-preview:-1\" \/>\n<link rel=\"canonical\" href=\"https:\/\/mediatrade.fi\/en\/product\/1053-15mm-alu-alloy-rods-m12-30cm-2\/\" \/>\n<meta property=\"og:locale\" content=\"en_US\" \/>\n<meta property=\"og:type\" content=\"article\" \/>\n<meta property=\"og:title\" content=\"1053 15MM ALU ALLOY RODS M12 30CM - Mediatrade\" \/>\n<meta property=\"og:description\" content=\"SMALLRIG 1053 15mm Alu Alloy Rods M12 30cm30cm pitk\u00e4 15mm LWS rigitankopari erilaisten 15mm-yhteensopivien lis\u00e4varusteiden kiinnitt\u00e4miseen. Tankojen p\u00e4\u00e4st\u00e4 l\u00f6ytyv\u00e4t M12-kierrerei\u00e4t mahdollistavat j\u00e4rjestelm\u00e4n laajentamisen.Tangot ovat j\u00e4m\u00e4kk\u00e4\u00e4 alumiiniseosta, joka on j\u00e4ykemp\u00e4\u00e4 ja vahvempaa kuin perinteisesti 15mm LWS-j\u00e4rjestelmiss\u00e4 k\u00e4ytetyt tangot. Tangon pintak\u00e4sittely vastustaa hioutumista ja sy\u00f6pymist\u00e4.\" \/>\n<meta property=\"og:url\" content=\"https:\/\/mediatrade.fi\/en\/product\/1053-15mm-alu-alloy-rods-m12-30cm-2\/\" \/>\n<meta property=\"og:site_name\" content=\"Mediatrade\" \/>\n<meta property=\"article:modified_time\" content=\"2025-02-04T23:50:29+00:00\" \/>\n<meta property=\"og:image\" content=\"https:\/\/mediatrade.fi\/wp-content\/uploads\/2022\/05\/800q-01_112906.png\" \/>\n\t<meta property=\"og:image:width\" content=\"800\" \/>\n\t<meta property=\"og:image:height\" content=\"242\" \/>\n\t<meta property=\"og:image:type\" content=\"image\/png\" \/>\n<meta name=\"twitter:card\" content=\"summary_large_image\" \/>\n<meta name=\"twitter:label1\" content=\"Est. reading time\" \/>\n\t<meta name=\"twitter:data1\" content=\"1 minute\" \/>\n<script type=\"application\/ld+json\" class=\"yoast-schema-graph\">{\"@context\":\"https:\/\/schema.org\",\"@graph\":[{\"@type\":\"WebPage\",\"@id\":\"https:\/\/mediatrade.fi\/en\/product\/1053-15mm-alu-alloy-rods-m12-30cm-2\/\",\"url\":\"https:\/\/mediatrade.fi\/en\/product\/1053-15mm-alu-alloy-rods-m12-30cm-2\/\",\"name\":\"1053 15MM ALU ALLOY RODS M12 30CM - Mediatrade\",\"isPartOf\":{\"@id\":\"https:\/\/mediatrade.fi\/en\/#website\"},\"primaryImageOfPage\":{\"@id\":\"https:\/\/mediatrade.fi\/en\/product\/1053-15mm-alu-alloy-rods-m12-30cm-2\/#primaryimage\"},\"image\":{\"@id\":\"https:\/\/mediatrade.fi\/en\/product\/1053-15mm-alu-alloy-rods-m12-30cm-2\/#primaryimage\"},\"thumbnailUrl\":\"https:\/\/mediatrade.fi\/wp-content\/uploads\/2022\/05\/800q-01_112906.png\",\"datePublished\":\"2025-01-21T22:38:45+00:00\",\"dateModified\":\"2025-02-04T23:50:29+00:00\",\"description\":\"SMALLRIG 1053 15mm Alu Alloy Rods M12 30cm30cm pitk\u00e4 15mm LWS rigitankopari erilaisten 15mm-yhteensopivien lis\u00e4varusteiden kiinnitt\u00e4miseen. Tankojen p\u00e4\u00e4st\u00e4 l\u00f6ytyv\u00e4t M12-kierrerei\u00e4t mahdollistavat j\u00e4rjestelm\u00e4n laajentamisen.Tangot ovat j\u00e4m\u00e4kk\u00e4\u00e4 alumiiniseosta, joka on j\u00e4ykemp\u00e4\u00e4 ja vahvempaa kuin perinteisesti 15mm LWS-j\u00e4rjestelmiss\u00e4 k\u00e4ytetyt tangot. Tangon pintak\u00e4sittely vastustaa hioutumista ja sy\u00f6pymist\u00e4.\",\"breadcrumb\":{\"@id\":\"https:\/\/mediatrade.fi\/en\/product\/1053-15mm-alu-alloy-rods-m12-30cm-2\/#breadcrumb\"},\"inLanguage\":\"en-US\",\"potentialAction\":[{\"@type\":\"ReadAction\",\"target\":[\"https:\/\/mediatrade.fi\/en\/product\/1053-15mm-alu-alloy-rods-m12-30cm-2\/\"]}]},{\"@type\":\"ImageObject\",\"inLanguage\":\"en-US\",\"@id\":\"https:\/\/mediatrade.fi\/en\/product\/1053-15mm-alu-alloy-rods-m12-30cm-2\/#primaryimage\",\"url\":\"https:\/\/mediatrade.fi\/wp-content\/uploads\/2022\/05\/800q-01_112906.png\",\"contentUrl\":\"https:\/\/mediatrade.fi\/wp-content\/uploads\/2022\/05\/800q-01_112906.png\",\"width\":800,\"height\":242},{\"@type\":\"BreadcrumbList\",\"@id\":\"https:\/\/mediatrade.fi\/en\/product\/1053-15mm-alu-alloy-rods-m12-30cm-2\/#breadcrumb\",\"itemListElement\":[{\"@type\":\"ListItem\",\"position\":1,\"name\":\"Front Page\",\"item\":\"https:\/\/mediatrade.fi\/en\/\"},{\"@type\":\"ListItem\",\"position\":2,\"name\":\"Shop\",\"item\":\"https:\/\/mediatrade.fi\/en\/shop\/\"},{\"@type\":\"ListItem\",\"position\":3,\"name\":\"1053 15MM ALU ALLOY RODS M12 30CM\"}]},{\"@type\":\"WebSite\",\"@id\":\"https:\/\/mediatrade.fi\/en\/#website\",\"url\":\"https:\/\/mediatrade.fi\/en\/\",\"name\":\"Mediatrade\",\"description\":\"\",\"publisher\":{\"@id\":\"https:\/\/mediatrade.fi\/en\/#organization\"},\"potentialAction\":[{\"@type\":\"SearchAction\",\"target\":{\"@type\":\"EntryPoint\",\"urlTemplate\":\"https:\/\/mediatrade.fi\/en\/?s={search_term_string}\"},\"query-input\":{\"@type\":\"PropertyValueSpecification\",\"valueRequired\":true,\"valueName\":\"search_term_string\"}}],\"inLanguage\":\"en-US\"},{\"@type\":\"Organization\",\"@id\":\"https:\/\/mediatrade.fi\/en\/#organization\",\"name\":\"Mediatrade\",\"url\":\"https:\/\/mediatrade.fi\/en\/\",\"logo\":{\"@type\":\"ImageObject\",\"inLanguage\":\"en-US\",\"@id\":\"https:\/\/mediatrade.fi\/en\/#\/schema\/logo\/image\/\",\"url\":\"https:\/\/mediatrade.fi\/wp-content\/uploads\/2022\/04\/Group-640.svg\",\"contentUrl\":\"https:\/\/mediatrade.fi\/wp-content\/uploads\/2022\/04\/Group-640.svg\",\"width\":128,\"height\":43,\"caption\":\"Mediatrade\"},\"image\":{\"@id\":\"https:\/\/mediatrade.fi\/en\/#\/schema\/logo\/image\/\"}}]}<\/script>\n<!-- \/ Yoast SEO plugin. -->","yoast_head_json":{"title":"1053 15MM ALU ALLOY RODS M12 30CM - Mediatrade","description":"SMALLRIG 1053 15mm Alu Alloy Rods M12 30cm30cm pitk\u00e4 15mm LWS rigitankopari erilaisten 15mm-yhteensopivien lis\u00e4varusteiden kiinnitt\u00e4miseen. Tankojen p\u00e4\u00e4st\u00e4 l\u00f6ytyv\u00e4t M12-kierrerei\u00e4t mahdollistavat j\u00e4rjestelm\u00e4n laajentamisen.Tangot ovat j\u00e4m\u00e4kk\u00e4\u00e4 alumiiniseosta, joka on j\u00e4ykemp\u00e4\u00e4 ja vahvempaa kuin perinteisesti 15mm LWS-j\u00e4rjestelmiss\u00e4 k\u00e4ytetyt tangot. Tangon pintak\u00e4sittely vastustaa hioutumista ja sy\u00f6pymist\u00e4.","robots":{"index":"index","follow":"follow","max-snippet":"max-snippet:-1","max-image-preview":"max-image-preview:large","max-video-preview":"max-video-preview:-1"},"canonical":"https:\/\/mediatrade.fi\/en\/product\/1053-15mm-alu-alloy-rods-m12-30cm-2\/","og_locale":"en_US","og_type":"article","og_title":"1053 15MM ALU ALLOY RODS M12 30CM - Mediatrade","og_description":"SMALLRIG 1053 15mm Alu Alloy Rods M12 30cm30cm pitk\u00e4 15mm LWS rigitankopari erilaisten 15mm-yhteensopivien lis\u00e4varusteiden kiinnitt\u00e4miseen. Tankojen p\u00e4\u00e4st\u00e4 l\u00f6ytyv\u00e4t M12-kierrerei\u00e4t mahdollistavat j\u00e4rjestelm\u00e4n laajentamisen.Tangot ovat j\u00e4m\u00e4kk\u00e4\u00e4 alumiiniseosta, joka on j\u00e4ykemp\u00e4\u00e4 ja vahvempaa kuin perinteisesti 15mm LWS-j\u00e4rjestelmiss\u00e4 k\u00e4ytetyt tangot. Tangon pintak\u00e4sittely vastustaa hioutumista ja sy\u00f6pymist\u00e4.","og_url":"https:\/\/mediatrade.fi\/en\/product\/1053-15mm-alu-alloy-rods-m12-30cm-2\/","og_site_name":"Mediatrade","article_modified_time":"2025-02-04T23:50:29+00:00","og_image":[{"width":800,"height":242,"url":"https:\/\/mediatrade.fi\/wp-content\/uploads\/2022\/05\/800q-01_112906.png","type":"image\/png"}],"twitter_card":"summary_large_image","twitter_misc":{"Est. reading time":"1 minute"},"schema":{"@context":"https:\/\/schema.org","@graph":[{"@type":"WebPage","@id":"https:\/\/mediatrade.fi\/en\/product\/1053-15mm-alu-alloy-rods-m12-30cm-2\/","url":"https:\/\/mediatrade.fi\/en\/product\/1053-15mm-alu-alloy-rods-m12-30cm-2\/","name":"1053 15MM ALU ALLOY RODS M12 30CM - Mediatrade","isPartOf":{"@id":"https:\/\/mediatrade.fi\/en\/#website"},"primaryImageOfPage":{"@id":"https:\/\/mediatrade.fi\/en\/product\/1053-15mm-alu-alloy-rods-m12-30cm-2\/#primaryimage"},"image":{"@id":"https:\/\/mediatrade.fi\/en\/product\/1053-15mm-alu-alloy-rods-m12-30cm-2\/#primaryimage"},"thumbnailUrl":"https:\/\/mediatrade.fi\/wp-content\/uploads\/2022\/05\/800q-01_112906.png","datePublished":"2025-01-21T22:38:45+00:00","dateModified":"2025-02-04T23:50:29+00:00","description":"SMALLRIG 1053 15mm Alu Alloy Rods M12 30cm30cm pitk\u00e4 15mm LWS rigitankopari erilaisten 15mm-yhteensopivien lis\u00e4varusteiden kiinnitt\u00e4miseen. Tankojen p\u00e4\u00e4st\u00e4 l\u00f6ytyv\u00e4t M12-kierrerei\u00e4t mahdollistavat j\u00e4rjestelm\u00e4n laajentamisen.Tangot ovat j\u00e4m\u00e4kk\u00e4\u00e4 alumiiniseosta, joka on j\u00e4ykemp\u00e4\u00e4 ja vahvempaa kuin perinteisesti 15mm LWS-j\u00e4rjestelmiss\u00e4 k\u00e4ytetyt tangot. Tangon pintak\u00e4sittely vastustaa hioutumista ja sy\u00f6pymist\u00e4.","breadcrumb":{"@id":"https:\/\/mediatrade.fi\/en\/product\/1053-15mm-alu-alloy-rods-m12-30cm-2\/#breadcrumb"},"inLanguage":"en-US","potentialAction":[{"@type":"ReadAction","target":["https:\/\/mediatrade.fi\/en\/product\/1053-15mm-alu-alloy-rods-m12-30cm-2\/"]}]},{"@type":"ImageObject","inLanguage":"en-US","@id":"https:\/\/mediatrade.fi\/en\/product\/1053-15mm-alu-alloy-rods-m12-30cm-2\/#primaryimage","url":"https:\/\/mediatrade.fi\/wp-content\/uploads\/2022\/05\/800q-01_112906.png","contentUrl":"https:\/\/mediatrade.fi\/wp-content\/uploads\/2022\/05\/800q-01_112906.png","width":800,"height":242},{"@type":"BreadcrumbList","@id":"https:\/\/mediatrade.fi\/en\/product\/1053-15mm-alu-alloy-rods-m12-30cm-2\/#breadcrumb","itemListElement":[{"@type":"ListItem","position":1,"name":"Front Page","item":"https:\/\/mediatrade.fi\/en\/"},{"@type":"ListItem","position":2,"name":"Shop","item":"https:\/\/mediatrade.fi\/en\/shop\/"},{"@type":"ListItem","position":3,"name":"1053 15MM ALU ALLOY RODS M12 30CM"}]},{"@type":"WebSite","@id":"https:\/\/mediatrade.fi\/en\/#website","url":"https:\/\/mediatrade.fi\/en\/","name":"Mediatrade","description":"","publisher":{"@id":"https:\/\/mediatrade.fi\/en\/#organization"},"potentialAction":[{"@type":"SearchAction","target":{"@type":"EntryPoint","urlTemplate":"https:\/\/mediatrade.fi\/en\/?s={search_term_string}"},"query-input":{"@type":"PropertyValueSpecification","valueRequired":true,"valueName":"search_term_string"}}],"inLanguage":"en-US"},{"@type":"Organization","@id":"https:\/\/mediatrade.fi\/en\/#organization","name":"Mediatrade","url":"https:\/\/mediatrade.fi\/en\/","logo":{"@type":"ImageObject","inLanguage":"en-US","@id":"https:\/\/mediatrade.fi\/en\/#\/schema\/logo\/image\/","url":"https:\/\/mediatrade.fi\/wp-content\/uploads\/2022\/04\/Group-640.svg","contentUrl":"https:\/\/mediatrade.fi\/wp-content\/uploads\/2022\/04\/Group-640.svg","width":128,"height":43,"caption":"Mediatrade"},"image":{"@id":"https:\/\/mediatrade.fi\/en\/#\/schema\/logo\/image\/"}}]}},"_links":{"self":[{"href":"https:\/\/mediatrade.fi\/en\/wp-json\/wp\/v2\/product\/401281","targetHints":{"allow":["GET"]}}],"collection":[{"href":"https:\/\/mediatrade.fi\/en\/wp-json\/wp\/v2\/product"}],"about":[{"href":"https:\/\/mediatrade.fi\/en\/wp-json\/wp\/v2\/types\/product"}],"wp:featuredmedia":[{"embeddable":true,"href":"https:\/\/mediatrade.fi\/en\/wp-json\/wp\/v2\/media\/434861"}],"wp:attachment":[{"href":"https:\/\/mediatrade.fi\/en\/wp-json\/wp\/v2\/media?parent=401281"}],"wp:term":[{"taxonomy":"product_brand","embeddable":true,"href":"https:\/\/mediatrade.fi\/en\/wp-json\/wp\/v2\/product_brand?post=401281"},{"taxonomy":"product_cat","embeddable":true,"href":"https:\/\/mediatrade.fi\/en\/wp-json\/wp\/v2\/product_cat?post=401281"},{"taxonomy":"product_tag","embeddable":true,"href":"https:\/\/mediatrade.fi\/en\/wp-json\/wp\/v2\/product_tag?post=401281"},{"taxonomy":"brands","embeddable":true,"href":"https:\/\/mediatrade.fi\/en\/wp-json\/wp\/v2\/brands?post=401281"},{"taxonomy":"id_product_type","embeddable":true,"href":"https:\/\/mediatrade.fi\/en\/wp-json\/wp\/v2\/id_product_type?post=401281"}],"curies":[{"name":"wp","href":"https:\/\/api.w.org\/{rel}","templated":true}]}}