{"id":435345,"date":"2022-07-07T14:06:32","date_gmt":"2022-07-07T11:06:32","guid":{"rendered":"https:\/\/mediatrade.fi\/?post_type=product&#038;p=435345"},"modified":"2026-02-16T11:06:50","modified_gmt":"2026-02-16T09:06:50","slug":"blackmagic-pocket-cinema-camera-6k-g2","status":"publish","type":"product","link":"https:\/\/mediatrade.fi\/en\/product\/blackmagic-pocket-cinema-camera-6k-g2\/","title":{"rendered":"Blackmagic Pocket Cinema Camera 6K G2"},"content":{"rendered":"\n<section class=\"block block-woocommerce-product-description container-fluid container-fluid \">\n    <div class=\"container\">\n        <div class=\"row\">\n            <div class=\"col-12 col-md-6 order-2 order-md-1 attachments-col\">\n                                <div style=\"height: 100%;\" class=\"oembed oembed-youtube\">        <div class=\"cookieconsent-optout-marketing\">            <a href=\"javascript:Cookiebot.renew()\">Hyv\u00e4ksy markkinointiev\u00e4steet<\/a>            katsoaksesi videon.        <\/div><iframe title=\"Introducing Blackmagic Pocket Cinema Camera 6K G2\" width=\"840\" height=\"473\" src=\"https:\/\/www.youtube.com\/embed\/xnEFUHm4mvc?feature=oembed\" frameborder=\"0\" allow=\"accelerometer; autoplay; clipboard-write; encrypted-media; gyroscope; picture-in-picture\" allowfullscreen><\/iframe><\/div>            <\/div>\n\n            <div class=\"col-12 col-md-5 offset-md-1 order-1 order-md-2\">\n                <main class=\"entry-content\">\n                    \n\n<h2 class=\"wp-block-heading\">Blackmagic Pocket Cinema Camera 6K G2<\/h2>\n\n\n\n<p><strong>Pocket Cinema Camera Pro&nbsp;EVF<\/strong> kaupan p\u00e4\u00e4lle, niin pitk\u00e4\u00e4n kuin varastoa riitt\u00e4\u00e4!<\/p>\n\n\n\n<p><strong>The Blackmagic Pocket Cinema Camera 6K G2<\/strong> is an advanced technology, handheld 6K digital film camera with 6144 x 3456 Super 35 high resolution HDR sensor, dual native ISO, EF lens mount and direct recording to USB-C disks This powerful model adds an adjustable touchscreen, and a larger battery for longer run time. You can also add an optional OLED viewfinder.<\/p>\n\n\n\n<p><a href=\"https:\/\/www.blackmagicdesign.com\/fi\/products\/blackmagicpocketcinemacamera\/techspecs\/W-CIN-19\" target=\"_blank\" rel=\"noreferrer noopener\">READ MORE<\/a><\/p>\n\n\n                <\/main>\n            <\/div>\n        <\/div>\n    <\/div>\n<\/section>\n\n\n\n","protected":false},"excerpt":{"rendered":"","protected":false},"featured_media":93325,"template":"","meta":{"_acf_changed":false,"_relevanssi_hide_post":"","_relevanssi_hide_content":"","_relevanssi_pin_for_all":"","_relevanssi_pin_keywords":"","_relevanssi_unpin_keywords":"","_relevanssi_related_keywords":"","_relevanssi_related_include_ids":"","_relevanssi_related_exclude_ids":"","_relevanssi_related_no_append":"","_relevanssi_related_not_related":"","_relevanssi_related_posts":"","_relevanssi_noindex_reason":""},"product_brand":[],"product_cat":[2486,3476,9057,9057,3473],"product_tag":[],"brands":[],"id_product_type":[],"class_list":{"0":"post-435345","1":"product","2":"type-product","3":"status-publish","4":"has-post-thumbnail","6":"product_cat-all-products","7":"product_cat-cameras-and-equipment","8":"product_cat-in-store","10":"product_cat-video","12":"first","13":"instock","14":"taxable","15":"shipping-taxable","16":"purchasable","17":"product-type-simple"},"bundled_by":[],"bundle_stock_status":"instock","bundle_stock_quantity":3,"bundle_virtual":false,"bundle_layout":"","bundle_add_to_cart_form_location":"","bundle_editable_in_cart":false,"bundle_sold_individually_context":"","bundle_item_grouping":"","bundle_min_size":"","bundle_max_size":"","bundle_price":[],"bundled_items":[],"bundle_sell_ids":[],"acf":[],"yoast_head":"<!-- This site is optimized with the Yoast SEO plugin v27.1.1 - https:\/\/yoast.com\/product\/yoast-seo-wordpress\/ -->\n<title>Blackmagic Pocket Cinema Camera 6K G2 - Mediatrade<\/title>\n<meta name=\"description\" content=\"The Blackmagic Pocket Cinema Camera 6K G2 is an advanced technology, handheld 6K digital film camera with 6144 x 3456 Super 35 high resolution HDR sensor.\" \/>\n<meta name=\"robots\" content=\"index, follow, max-snippet:-1, max-image-preview:large, max-video-preview:-1\" \/>\n<link rel=\"canonical\" href=\"https:\/\/mediatrade.fi\/en\/product\/blackmagic-pocket-cinema-camera-6k-g2\/\" \/>\n<meta property=\"og:locale\" content=\"en_US\" \/>\n<meta property=\"og:type\" content=\"article\" \/>\n<meta property=\"og:title\" content=\"Blackmagic Pocket Cinema Camera 6K G2 - Mediatrade\" \/>\n<meta property=\"og:description\" content=\"The Blackmagic Pocket Cinema Camera 6K G2 is an advanced technology, handheld 6K digital film camera with 6144 x 3456 Super 35 high resolution HDR sensor.\" \/>\n<meta property=\"og:url\" content=\"https:\/\/mediatrade.fi\/en\/product\/blackmagic-pocket-cinema-camera-6k-g2\/\" \/>\n<meta property=\"og:site_name\" content=\"Mediatrade\" \/>\n<meta property=\"article:modified_time\" content=\"2026-02-16T09:06:50+00:00\" \/>\n<meta property=\"og:image\" content=\"https:\/\/mediatrade.fi\/wp-content\/uploads\/2022\/06\/Blackmagic-Pocket-Cinema-Camera-6K-G2-Front-scaled.jpg\" \/>\n\t<meta property=\"og:image:width\" content=\"2560\" \/>\n\t<meta property=\"og:image:height\" content=\"1825\" \/>\n\t<meta property=\"og:image:type\" content=\"image\/jpeg\" \/>\n<meta name=\"twitter:card\" content=\"summary_large_image\" \/>\n<meta name=\"twitter:label1\" content=\"Est. reading time\" \/>\n\t<meta name=\"twitter:data1\" content=\"1 minute\" \/>\n<script type=\"application\/ld+json\" class=\"yoast-schema-graph\">{\"@context\":\"https:\/\/schema.org\",\"@graph\":[{\"@type\":\"WebPage\",\"@id\":\"https:\/\/mediatrade.fi\/en\/product\/blackmagic-pocket-cinema-camera-6k-g2\/\",\"url\":\"https:\/\/mediatrade.fi\/en\/product\/blackmagic-pocket-cinema-camera-6k-g2\/\",\"name\":\"Blackmagic Pocket Cinema Camera 6K G2 - Mediatrade\",\"isPartOf\":{\"@id\":\"https:\/\/mediatrade.fi\/en\/#website\"},\"primaryImageOfPage\":{\"@id\":\"https:\/\/mediatrade.fi\/en\/product\/blackmagic-pocket-cinema-camera-6k-g2\/#primaryimage\"},\"image\":{\"@id\":\"https:\/\/mediatrade.fi\/en\/product\/blackmagic-pocket-cinema-camera-6k-g2\/#primaryimage\"},\"thumbnailUrl\":\"https:\/\/mediatrade.fi\/wp-content\/uploads\/2022\/06\/Blackmagic-Pocket-Cinema-Camera-6K-G2-Front-scaled.jpg\",\"datePublished\":\"2022-07-07T11:06:32+00:00\",\"dateModified\":\"2026-02-16T09:06:50+00:00\",\"description\":\"The Blackmagic Pocket Cinema Camera 6K G2 is an advanced technology, handheld 6K digital film camera with 6144 x 3456 Super 35 high resolution HDR sensor.\",\"breadcrumb\":{\"@id\":\"https:\/\/mediatrade.fi\/en\/product\/blackmagic-pocket-cinema-camera-6k-g2\/#breadcrumb\"},\"inLanguage\":\"en-US\",\"potentialAction\":[{\"@type\":\"ReadAction\",\"target\":[\"https:\/\/mediatrade.fi\/en\/product\/blackmagic-pocket-cinema-camera-6k-g2\/\"]}]},{\"@type\":\"ImageObject\",\"inLanguage\":\"en-US\",\"@id\":\"https:\/\/mediatrade.fi\/en\/product\/blackmagic-pocket-cinema-camera-6k-g2\/#primaryimage\",\"url\":\"https:\/\/mediatrade.fi\/wp-content\/uploads\/2022\/06\/Blackmagic-Pocket-Cinema-Camera-6K-G2-Front-scaled.jpg\",\"contentUrl\":\"https:\/\/mediatrade.fi\/wp-content\/uploads\/2022\/06\/Blackmagic-Pocket-Cinema-Camera-6K-G2-Front-scaled.jpg\",\"width\":2560,\"height\":1825,\"caption\":\"VRimg File Description =Attributes= Version: 1.3 Compressed: true Resolution { width: 5000 height: 3564 pixelAspectRatio: 1 } Render Region { renderRegion: false xmin: 0 ymin: 0 width: 5000 height: 3564 } Regions Info { regWidth: 5000 regHeight: 3564 whatsXY: MaxSize } Camera Info { transform: matrix projection: perspective aperture: 36 fov: 13.9106 targetDistance: 2.21183 nearRange: 0 nearClip: 0 farClip: 1e+030 focalLength: 40 fNumber: 8 } Scene { renderTime: 796531 name: \\\"\\\" } =Channels= Alpha (float3) Ambient Occlusion Output (float3) Audio Jack Black Metal Alpha (2) (float3) Battery Black Plastic Alpha (float3) Battery Black Plastic Gloss Alpha (float3) Battery Black Plastic Rough Alpha (float3) Black Anodised Alpha (2) (float3) Black Anodised Glossier Alpha (2) (float3) Black Anodised Inner Alpha (2) (float3) Black Metal Grain Alpha (2) (float3) Black Perforated Alpha (2) (float3) Black Plastic Alpha (3) (float3) Black Plastic Gloss Alpha (2) (float3) Black Screw Alpha (2) (float3) Brass Alpha (float3) Button Black Gloss Alpha (2) (float3) Button Black Satin Alpha (2) (float3) Clear Plastic Alpha (float3) Connector Black Plastic Alpha (2) (float3) Connector Chrome Alpha (2) (float3) Connector Gold Alpha (2) (float3) Depth Output (float) Diffuse Shading (Total) Output (float3) EVF Sensor Window Plastic Alpha (float3) GP (2) (float3) Glass Alpha (float3) Hero Black Rubber Alpha (2) (float3) IR Filter Glass Alpha (2) (float3) Lens Mount SSteel Alpha (2) (float3) ND Filter Glass Alpha (float3) Nickel Alpha (float3) RGB color (float3) RGB color denoised (float3) Red Paint PMS186 Alpha (2) (float3) Reflection Shading Output (float3) Screen Alpha (2) (float3) Screenprint Grey PMS429 Alpha (2) (float3) Screenprint Orange PMS137 Alpha (2) (float3) Screenprint Red PMS186 Alpha (2) (float3) Screenprint White Alpha (float3) Silicone Alpha (2) (float3) Specular Shading Output (float3) Stainless Steel Alpha (2) (float3) Surface ID Output (float3) Tally Cl\"},{\"@type\":\"BreadcrumbList\",\"@id\":\"https:\/\/mediatrade.fi\/en\/product\/blackmagic-pocket-cinema-camera-6k-g2\/#breadcrumb\",\"itemListElement\":[{\"@type\":\"ListItem\",\"position\":1,\"name\":\"Front Page\",\"item\":\"https:\/\/mediatrade.fi\/en\/\"},{\"@type\":\"ListItem\",\"position\":2,\"name\":\"Shop\",\"item\":\"https:\/\/mediatrade.fi\/en\/shop\/\"},{\"@type\":\"ListItem\",\"position\":3,\"name\":\"Blackmagic Pocket Cinema Camera 6K G2\"}]},{\"@type\":\"WebSite\",\"@id\":\"https:\/\/mediatrade.fi\/en\/#website\",\"url\":\"https:\/\/mediatrade.fi\/en\/\",\"name\":\"Mediatrade\",\"description\":\"\",\"publisher\":{\"@id\":\"https:\/\/mediatrade.fi\/en\/#organization\"},\"potentialAction\":[{\"@type\":\"SearchAction\",\"target\":{\"@type\":\"EntryPoint\",\"urlTemplate\":\"https:\/\/mediatrade.fi\/en\/?s={search_term_string}\"},\"query-input\":{\"@type\":\"PropertyValueSpecification\",\"valueRequired\":true,\"valueName\":\"search_term_string\"}}],\"inLanguage\":\"en-US\"},{\"@type\":\"Organization\",\"@id\":\"https:\/\/mediatrade.fi\/en\/#organization\",\"name\":\"Mediatrade\",\"url\":\"https:\/\/mediatrade.fi\/en\/\",\"logo\":{\"@type\":\"ImageObject\",\"inLanguage\":\"en-US\",\"@id\":\"https:\/\/mediatrade.fi\/en\/#\/schema\/logo\/image\/\",\"url\":\"https:\/\/mediatrade.fi\/wp-content\/uploads\/2022\/04\/Group-640.svg\",\"contentUrl\":\"https:\/\/mediatrade.fi\/wp-content\/uploads\/2022\/04\/Group-640.svg\",\"width\":128,\"height\":43,\"caption\":\"Mediatrade\"},\"image\":{\"@id\":\"https:\/\/mediatrade.fi\/en\/#\/schema\/logo\/image\/\"}}]}<\/script>\n<!-- \/ Yoast SEO plugin. -->","yoast_head_json":{"title":"Blackmagic Pocket Cinema Camera 6K G2 - Mediatrade","description":"The Blackmagic Pocket Cinema Camera 6K G2 is an advanced technology, handheld 6K digital film camera with 6144 x 3456 Super 35 high resolution HDR sensor.","robots":{"index":"index","follow":"follow","max-snippet":"max-snippet:-1","max-image-preview":"max-image-preview:large","max-video-preview":"max-video-preview:-1"},"canonical":"https:\/\/mediatrade.fi\/en\/product\/blackmagic-pocket-cinema-camera-6k-g2\/","og_locale":"en_US","og_type":"article","og_title":"Blackmagic Pocket Cinema Camera 6K G2 - Mediatrade","og_description":"The Blackmagic Pocket Cinema Camera 6K G2 is an advanced technology, handheld 6K digital film camera with 6144 x 3456 Super 35 high resolution HDR sensor.","og_url":"https:\/\/mediatrade.fi\/en\/product\/blackmagic-pocket-cinema-camera-6k-g2\/","og_site_name":"Mediatrade","article_modified_time":"2026-02-16T09:06:50+00:00","og_image":[{"width":2560,"height":1825,"url":"https:\/\/mediatrade.fi\/wp-content\/uploads\/2022\/06\/Blackmagic-Pocket-Cinema-Camera-6K-G2-Front-scaled.jpg","type":"image\/jpeg"}],"twitter_card":"summary_large_image","twitter_misc":{"Est. reading time":"1 minute"},"schema":{"@context":"https:\/\/schema.org","@graph":[{"@type":"WebPage","@id":"https:\/\/mediatrade.fi\/en\/product\/blackmagic-pocket-cinema-camera-6k-g2\/","url":"https:\/\/mediatrade.fi\/en\/product\/blackmagic-pocket-cinema-camera-6k-g2\/","name":"Blackmagic Pocket Cinema Camera 6K G2 - Mediatrade","isPartOf":{"@id":"https:\/\/mediatrade.fi\/en\/#website"},"primaryImageOfPage":{"@id":"https:\/\/mediatrade.fi\/en\/product\/blackmagic-pocket-cinema-camera-6k-g2\/#primaryimage"},"image":{"@id":"https:\/\/mediatrade.fi\/en\/product\/blackmagic-pocket-cinema-camera-6k-g2\/#primaryimage"},"thumbnailUrl":"https:\/\/mediatrade.fi\/wp-content\/uploads\/2022\/06\/Blackmagic-Pocket-Cinema-Camera-6K-G2-Front-scaled.jpg","datePublished":"2022-07-07T11:06:32+00:00","dateModified":"2026-02-16T09:06:50+00:00","description":"The Blackmagic Pocket Cinema Camera 6K G2 is an advanced technology, handheld 6K digital film camera with 6144 x 3456 Super 35 high resolution HDR sensor.","breadcrumb":{"@id":"https:\/\/mediatrade.fi\/en\/product\/blackmagic-pocket-cinema-camera-6k-g2\/#breadcrumb"},"inLanguage":"en-US","potentialAction":[{"@type":"ReadAction","target":["https:\/\/mediatrade.fi\/en\/product\/blackmagic-pocket-cinema-camera-6k-g2\/"]}]},{"@type":"ImageObject","inLanguage":"en-US","@id":"https:\/\/mediatrade.fi\/en\/product\/blackmagic-pocket-cinema-camera-6k-g2\/#primaryimage","url":"https:\/\/mediatrade.fi\/wp-content\/uploads\/2022\/06\/Blackmagic-Pocket-Cinema-Camera-6K-G2-Front-scaled.jpg","contentUrl":"https:\/\/mediatrade.fi\/wp-content\/uploads\/2022\/06\/Blackmagic-Pocket-Cinema-Camera-6K-G2-Front-scaled.jpg","width":2560,"height":1825,"caption":"VRimg File Description =Attributes= Version: 1.3 Compressed: true Resolution { width: 5000 height: 3564 pixelAspectRatio: 1 } Render Region { renderRegion: false xmin: 0 ymin: 0 width: 5000 height: 3564 } Regions Info { regWidth: 5000 regHeight: 3564 whatsXY: MaxSize } Camera Info { transform: matrix projection: perspective aperture: 36 fov: 13.9106 targetDistance: 2.21183 nearRange: 0 nearClip: 0 farClip: 1e+030 focalLength: 40 fNumber: 8 } Scene { renderTime: 796531 name: \"\" } =Channels= Alpha (float3) Ambient Occlusion Output (float3) Audio Jack Black Metal Alpha (2) (float3) Battery Black Plastic Alpha (float3) Battery Black Plastic Gloss Alpha (float3) Battery Black Plastic Rough Alpha (float3) Black Anodised Alpha (2) (float3) Black Anodised Glossier Alpha (2) (float3) Black Anodised Inner Alpha (2) (float3) Black Metal Grain Alpha (2) (float3) Black Perforated Alpha (2) (float3) Black Plastic Alpha (3) (float3) Black Plastic Gloss Alpha (2) (float3) Black Screw Alpha (2) (float3) Brass Alpha (float3) Button Black Gloss Alpha (2) (float3) Button Black Satin Alpha (2) (float3) Clear Plastic Alpha (float3) Connector Black Plastic Alpha (2) (float3) Connector Chrome Alpha (2) (float3) Connector Gold Alpha (2) (float3) Depth Output (float) Diffuse Shading (Total) Output (float3) EVF Sensor Window Plastic Alpha (float3) GP (2) (float3) Glass Alpha (float3) Hero Black Rubber Alpha (2) (float3) IR Filter Glass Alpha (2) (float3) Lens Mount SSteel Alpha (2) (float3) ND Filter Glass Alpha (float3) Nickel Alpha (float3) RGB color (float3) RGB color denoised (float3) Red Paint PMS186 Alpha (2) (float3) Reflection Shading Output (float3) Screen Alpha (2) (float3) Screenprint Grey PMS429 Alpha (2) (float3) Screenprint Orange PMS137 Alpha (2) (float3) Screenprint Red PMS186 Alpha (2) (float3) Screenprint White Alpha (float3) Silicone Alpha (2) (float3) Specular Shading Output (float3) Stainless Steel Alpha (2) (float3) Surface ID Output (float3) Tally Cl"},{"@type":"BreadcrumbList","@id":"https:\/\/mediatrade.fi\/en\/product\/blackmagic-pocket-cinema-camera-6k-g2\/#breadcrumb","itemListElement":[{"@type":"ListItem","position":1,"name":"Front Page","item":"https:\/\/mediatrade.fi\/en\/"},{"@type":"ListItem","position":2,"name":"Shop","item":"https:\/\/mediatrade.fi\/en\/shop\/"},{"@type":"ListItem","position":3,"name":"Blackmagic Pocket Cinema Camera 6K G2"}]},{"@type":"WebSite","@id":"https:\/\/mediatrade.fi\/en\/#website","url":"https:\/\/mediatrade.fi\/en\/","name":"Mediatrade","description":"","publisher":{"@id":"https:\/\/mediatrade.fi\/en\/#organization"},"potentialAction":[{"@type":"SearchAction","target":{"@type":"EntryPoint","urlTemplate":"https:\/\/mediatrade.fi\/en\/?s={search_term_string}"},"query-input":{"@type":"PropertyValueSpecification","valueRequired":true,"valueName":"search_term_string"}}],"inLanguage":"en-US"},{"@type":"Organization","@id":"https:\/\/mediatrade.fi\/en\/#organization","name":"Mediatrade","url":"https:\/\/mediatrade.fi\/en\/","logo":{"@type":"ImageObject","inLanguage":"en-US","@id":"https:\/\/mediatrade.fi\/en\/#\/schema\/logo\/image\/","url":"https:\/\/mediatrade.fi\/wp-content\/uploads\/2022\/04\/Group-640.svg","contentUrl":"https:\/\/mediatrade.fi\/wp-content\/uploads\/2022\/04\/Group-640.svg","width":128,"height":43,"caption":"Mediatrade"},"image":{"@id":"https:\/\/mediatrade.fi\/en\/#\/schema\/logo\/image\/"}}]}},"_links":{"self":[{"href":"https:\/\/mediatrade.fi\/en\/wp-json\/wp\/v2\/product\/435345","targetHints":{"allow":["GET"]}}],"collection":[{"href":"https:\/\/mediatrade.fi\/en\/wp-json\/wp\/v2\/product"}],"about":[{"href":"https:\/\/mediatrade.fi\/en\/wp-json\/wp\/v2\/types\/product"}],"wp:featuredmedia":[{"embeddable":true,"href":"https:\/\/mediatrade.fi\/en\/wp-json\/wp\/v2\/media\/93325"}],"wp:attachment":[{"href":"https:\/\/mediatrade.fi\/en\/wp-json\/wp\/v2\/media?parent=435345"}],"wp:term":[{"taxonomy":"product_brand","embeddable":true,"href":"https:\/\/mediatrade.fi\/en\/wp-json\/wp\/v2\/product_brand?post=435345"},{"taxonomy":"product_cat","embeddable":true,"href":"https:\/\/mediatrade.fi\/en\/wp-json\/wp\/v2\/product_cat?post=435345"},{"taxonomy":"product_tag","embeddable":true,"href":"https:\/\/mediatrade.fi\/en\/wp-json\/wp\/v2\/product_tag?post=435345"},{"taxonomy":"brands","embeddable":true,"href":"https:\/\/mediatrade.fi\/en\/wp-json\/wp\/v2\/brands?post=435345"},{"taxonomy":"id_product_type","embeddable":true,"href":"https:\/\/mediatrade.fi\/en\/wp-json\/wp\/v2\/id_product_type?post=435345"}],"curies":[{"name":"wp","href":"https:\/\/api.w.org\/{rel}","templated":true}]}}