{"id":458378,"date":"2025-10-08T09:36:37","date_gmt":"2025-10-08T06:36:37","guid":{"rendered":"https:\/\/mediatrade.fi\/tuote\/annuncicom-60\/"},"modified":"2026-03-17T12:16:20","modified_gmt":"2026-03-17T10:16:20","slug":"annuncicom-60","status":"publish","type":"product","link":"https:\/\/mediatrade.fi\/en\/product\/annuncicom-60\/","title":{"rendered":"Annuncicom 60"},"content":{"rendered":"\n<section class=\"block block-woocommerce-product-description container-fluid container-fluid \">\n    <div class=\"container\">\n        <div class=\"row\">\n            <div class=\"col-12 col-md-6 order-2 order-md-1 attachments-col\">\n                                            <\/div>\n\n            <div class=\"col-12 col-md-5 offset-md-1 order-1 order-md-2\">\n                <main class=\"entry-content\">\n                    \n\n<h2 class=\"wp-block-heading\">Tuote<\/h2>\n\n\n\n<p>The Annuncicom 60 is a generic IP Audio device designed to serve as a gateway between IP based VoIP, Paging, Intercom systems and traditional systems or call boxes, loudspeakers and microphones.<\/p>\n\n\n\n<p>Based on reliable, embedded, low power, solid state technology, the devices are ideally suited for 24\/7 operations, do not need cooling or maintenance, and are not prone to usual issues caused by computer operating systems.<\/p>\n\n\n\n<p>The Annuncicom 60 can be operated with standard IP Audio firmware or a SIP application firmware from Barix. Custom applications can be loaded as well. The Annuncicom 60 allows direct connection of a typical ceiling speaker, an amplifier (balanced interface), microphone or line input and a dry contact. A serial port allows control of RS-232 devices, locally or via the network.<\/p>\n\n\n\n<p>PoE powered<\/p>\n\n\n\n<p>Laite tarkoitettu vain ammattik\u00e4ytt\u00f6\u00f6n. Ei takuuta.<\/p>\n\n\n\n<p>Product intended for professional use only. Warranty unavailable.<\/p>\n\n\n                <\/main>\n            <\/div>\n        <\/div>\n    <\/div>\n<\/section>\n\n\n\n    \n\n\n\n<section class=\"block block-profile-listing container-fluid \">\n    <div class=\"container\">\n        <div class=\"row\">\n            <main class=\"entry-content col-12\">\n                \n\n<h2 class=\"wp-block-heading\">Asiantuntijamme<\/h2>\n\n\n            <\/main>\n                        <div class=\"col-12 col-lg-6\">\n                <div class=\"person-wrapper\">\n                    <div class=\"image-wrapper\">\n                        <img decoding=\"async\" width=\"576\" height=\"1024\" src=\"https:\/\/mediatrade.fi\/wp-content\/uploads\/2022\/04\/Esa_Lo\u0308tjo\u0308nen-576x1024-1.jpg\" class=\"attachment-post-thumbnail size-post-thumbnail wp-post-image\" alt=\"\" srcset=\"https:\/\/mediatrade.fi\/wp-content\/uploads\/2022\/04\/Esa_Lo\u0308tjo\u0308nen-576x1024-1.jpg 576w, https:\/\/mediatrade.fi\/wp-content\/uploads\/2022\/04\/Esa_Lo\u0308tjo\u0308nen-576x1024-1-169x300.jpg 169w\" sizes=\"(max-width: 575px) 100vw, (max-width: 767px) 570, (max-width: 991px) 830, (max-width: 1199px) 930, 994px\" \/>                    <\/div>\n                    <div class=\"content-wrapper\">\n                        <h4 class=\"name\">Esa L\u00f6tj\u00f6nen<\/h4>\n                        <p class=\"title\">Senior Specialist, Audio<\/p>\n                        <p class=\"summary\">I manage radio content production and the technical operating environment. I also specialize in complete audio production solutions, from podcast studios to national radio channels.<\/p>\n                                                <span class=\"knowledge-title\">Area of expertise<\/span>\n                        <p class=\"knowledge\">Audio, Broadcasting and transmission, program production<\/p>\n                                                <p class=\"phone\">+358201557722<\/p>\n                        <p class=\"email\">esa.lotjonen@mediatrade.fi<\/p>\n                    <\/div>\n                <\/div>\n            <\/div>\n                        <div class=\"col-12 col-lg-6\">\n                <div class=\"person-wrapper\">\n                    <div class=\"image-wrapper\">\n                        <img decoding=\"async\" width=\"1152\" height=\"2048\" src=\"https:\/\/mediatrade.fi\/wp-content\/uploads\/2022\/04\/I82A6513.jpg\" class=\"attachment-post-thumbnail size-post-thumbnail wp-post-image\" alt=\"\" srcset=\"https:\/\/mediatrade.fi\/wp-content\/uploads\/2022\/04\/I82A6513.jpg 1152w, https:\/\/mediatrade.fi\/wp-content\/uploads\/2022\/04\/I82A6513-169x300.jpg 169w, https:\/\/mediatrade.fi\/wp-content\/uploads\/2022\/04\/I82A6513-576x1024.jpg 576w, https:\/\/mediatrade.fi\/wp-content\/uploads\/2022\/04\/I82A6513-768x1365.jpg 768w, https:\/\/mediatrade.fi\/wp-content\/uploads\/2022\/04\/I82A6513-864x1536.jpg 864w, https:\/\/mediatrade.fi\/wp-content\/uploads\/2022\/04\/I82A6513-600x1067.jpg 600w\" sizes=\"(max-width: 575px) 100vw, (max-width: 767px) 570, (max-width: 991px) 830, (max-width: 1199px) 930, 994px\" \/>                    <\/div>\n                    <div class=\"content-wrapper\">\n                        <h4 class=\"name\">Janne Trogen<\/h4>\n                        <p class=\"title\">Product Manager<\/p>\n                        <p class=\"summary\">With 30 years of experience in broadcast and transmission installations, I handle audio and intercom equipment, as well as projects and installations, at Mediatrade.\r\n<\/p>\n                                                <span class=\"knowledge-title\">Area of expertise<\/span>\n                        <p class=\"knowledge\">Audio, Broadcast and Transmission, Events<\/p>\n                                                <p class=\"phone\">+358201557721<\/p>\n                        <p class=\"email\">janne.trogen@mediatrade.fi<\/p>\n                    <\/div>\n                <\/div>\n            <\/div>\n                                <\/div>\n    <\/div>\n<\/section>\n","protected":false},"excerpt":{"rendered":"","protected":false},"featured_media":117466,"template":"","meta":{"_acf_changed":false,"_relevanssi_hide_post":"","_relevanssi_hide_content":"","_relevanssi_pin_for_all":"","_relevanssi_pin_keywords":"","_relevanssi_unpin_keywords":"","_relevanssi_related_keywords":"","_relevanssi_related_include_ids":"","_relevanssi_related_exclude_ids":"","_relevanssi_related_no_append":"","_relevanssi_related_not_related":"","_relevanssi_related_posts":"","_relevanssi_noindex_reason":""},"product_brand":[],"product_cat":[2486,2500,3488,9057,15,8318,9055,3491,8189],"product_tag":[],"brands":[],"id_product_type":[],"class_list":{"0":"post-458378","1":"product","2":"type-product","3":"status-publish","4":"has-post-thumbnail","6":"product_cat-all-products","7":"product_cat-audio","8":"product_cat-command-control-and-equipment","9":"product_cat-in-store","10":"product_cat-kaikki","11":"product_cat-outlet","12":"product_cat-outlet-en","13":"product_cat-streaming-en","14":"product_cat-varastossa","16":"first","17":"instock","18":"taxable","19":"shipping-taxable","20":"purchasable","21":"product-type-simple"},"bundled_by":[],"bundle_stock_status":"instock","bundle_stock_quantity":1,"bundle_virtual":false,"bundle_layout":"","bundle_add_to_cart_form_location":"","bundle_editable_in_cart":false,"bundle_sold_individually_context":"","bundle_item_grouping":"","bundle_min_size":"","bundle_max_size":"","bundle_price":[],"bundled_items":[],"bundle_sell_ids":[],"acf":[],"yoast_head":"<!-- This site is optimized with the Yoast SEO plugin v27.1.1 - https:\/\/yoast.com\/product\/yoast-seo-wordpress\/ -->\n<title>Annuncicom 60 - Mediatrade<\/title>\n<meta name=\"description\" content=\"The Annuncicom 60 is a generic IP Audio device designed to serve as a gateway between IP based VoIP, Paging, Intercom systems &amp; traditional systems and more\" \/>\n<meta name=\"robots\" content=\"index, follow, max-snippet:-1, max-image-preview:large, max-video-preview:-1\" \/>\n<link rel=\"canonical\" href=\"https:\/\/mediatrade.fi\/en\/product\/annuncicom-60\/\" \/>\n<meta property=\"og:locale\" content=\"en_US\" \/>\n<meta property=\"og:type\" content=\"article\" \/>\n<meta property=\"og:title\" content=\"Annuncicom 60 - Mediatrade\" \/>\n<meta property=\"og:description\" content=\"The Annuncicom 60 is a generic IP Audio device designed to serve as a gateway between IP based VoIP, Paging, Intercom systems &amp; traditional systems and more\" \/>\n<meta property=\"og:url\" content=\"https:\/\/mediatrade.fi\/en\/product\/annuncicom-60\/\" \/>\n<meta property=\"og:site_name\" content=\"Mediatrade\" \/>\n<meta property=\"article:modified_time\" content=\"2026-03-17T10:16:20+00:00\" \/>\n<meta property=\"og:image\" content=\"https:\/\/mediatrade.fi\/wp-content\/uploads\/2022\/05\/Annuncicom60.png\" \/>\n\t<meta property=\"og:image:width\" content=\"800\" \/>\n\t<meta property=\"og:image:height\" content=\"452\" \/>\n\t<meta property=\"og:image:type\" content=\"image\/png\" \/>\n<meta name=\"twitter:card\" content=\"summary_large_image\" \/>\n<meta name=\"twitter:label1\" content=\"Est. reading time\" \/>\n\t<meta name=\"twitter:data1\" content=\"1 minute\" \/>\n<script type=\"application\/ld+json\" class=\"yoast-schema-graph\">{\"@context\":\"https:\/\/schema.org\",\"@graph\":[{\"@type\":\"WebPage\",\"@id\":\"https:\/\/mediatrade.fi\/en\/product\/annuncicom-60\/\",\"url\":\"https:\/\/mediatrade.fi\/en\/product\/annuncicom-60\/\",\"name\":\"Annuncicom 60 - Mediatrade\",\"isPartOf\":{\"@id\":\"https:\/\/mediatrade.fi\/en\/#website\"},\"primaryImageOfPage\":{\"@id\":\"https:\/\/mediatrade.fi\/en\/product\/annuncicom-60\/#primaryimage\"},\"image\":{\"@id\":\"https:\/\/mediatrade.fi\/en\/product\/annuncicom-60\/#primaryimage\"},\"thumbnailUrl\":\"https:\/\/mediatrade.fi\/wp-content\/uploads\/2022\/05\/Annuncicom60.png\",\"datePublished\":\"2025-10-08T06:36:37+00:00\",\"dateModified\":\"2026-03-17T10:16:20+00:00\",\"description\":\"The Annuncicom 60 is a generic IP Audio device designed to serve as a gateway between IP based VoIP, Paging, Intercom systems & traditional systems and more\",\"breadcrumb\":{\"@id\":\"https:\/\/mediatrade.fi\/en\/product\/annuncicom-60\/#breadcrumb\"},\"inLanguage\":\"en-US\",\"potentialAction\":[{\"@type\":\"ReadAction\",\"target\":[\"https:\/\/mediatrade.fi\/en\/product\/annuncicom-60\/\"]}]},{\"@type\":\"ImageObject\",\"inLanguage\":\"en-US\",\"@id\":\"https:\/\/mediatrade.fi\/en\/product\/annuncicom-60\/#primaryimage\",\"url\":\"https:\/\/mediatrade.fi\/wp-content\/uploads\/2022\/05\/Annuncicom60.png\",\"contentUrl\":\"https:\/\/mediatrade.fi\/wp-content\/uploads\/2022\/05\/Annuncicom60.png\",\"width\":800,\"height\":452},{\"@type\":\"BreadcrumbList\",\"@id\":\"https:\/\/mediatrade.fi\/en\/product\/annuncicom-60\/#breadcrumb\",\"itemListElement\":[{\"@type\":\"ListItem\",\"position\":1,\"name\":\"Front Page\",\"item\":\"https:\/\/mediatrade.fi\/en\/\"},{\"@type\":\"ListItem\",\"position\":2,\"name\":\"Shop\",\"item\":\"https:\/\/mediatrade.fi\/en\/shop\/\"},{\"@type\":\"ListItem\",\"position\":3,\"name\":\"Annuncicom 60\"}]},{\"@type\":\"WebSite\",\"@id\":\"https:\/\/mediatrade.fi\/en\/#website\",\"url\":\"https:\/\/mediatrade.fi\/en\/\",\"name\":\"Mediatrade\",\"description\":\"\",\"publisher\":{\"@id\":\"https:\/\/mediatrade.fi\/en\/#organization\"},\"potentialAction\":[{\"@type\":\"SearchAction\",\"target\":{\"@type\":\"EntryPoint\",\"urlTemplate\":\"https:\/\/mediatrade.fi\/en\/?s={search_term_string}\"},\"query-input\":{\"@type\":\"PropertyValueSpecification\",\"valueRequired\":true,\"valueName\":\"search_term_string\"}}],\"inLanguage\":\"en-US\"},{\"@type\":\"Organization\",\"@id\":\"https:\/\/mediatrade.fi\/en\/#organization\",\"name\":\"Mediatrade\",\"url\":\"https:\/\/mediatrade.fi\/en\/\",\"logo\":{\"@type\":\"ImageObject\",\"inLanguage\":\"en-US\",\"@id\":\"https:\/\/mediatrade.fi\/en\/#\/schema\/logo\/image\/\",\"url\":\"https:\/\/mediatrade.fi\/wp-content\/uploads\/2022\/04\/Group-640.svg\",\"contentUrl\":\"https:\/\/mediatrade.fi\/wp-content\/uploads\/2022\/04\/Group-640.svg\",\"width\":128,\"height\":43,\"caption\":\"Mediatrade\"},\"image\":{\"@id\":\"https:\/\/mediatrade.fi\/en\/#\/schema\/logo\/image\/\"}}]}<\/script>\n<!-- \/ Yoast SEO plugin. -->","yoast_head_json":{"title":"Annuncicom 60 - Mediatrade","description":"The Annuncicom 60 is a generic IP Audio device designed to serve as a gateway between IP based VoIP, Paging, Intercom systems & traditional systems and more","robots":{"index":"index","follow":"follow","max-snippet":"max-snippet:-1","max-image-preview":"max-image-preview:large","max-video-preview":"max-video-preview:-1"},"canonical":"https:\/\/mediatrade.fi\/en\/product\/annuncicom-60\/","og_locale":"en_US","og_type":"article","og_title":"Annuncicom 60 - Mediatrade","og_description":"The Annuncicom 60 is a generic IP Audio device designed to serve as a gateway between IP based VoIP, Paging, Intercom systems & traditional systems and more","og_url":"https:\/\/mediatrade.fi\/en\/product\/annuncicom-60\/","og_site_name":"Mediatrade","article_modified_time":"2026-03-17T10:16:20+00:00","og_image":[{"width":800,"height":452,"url":"https:\/\/mediatrade.fi\/wp-content\/uploads\/2022\/05\/Annuncicom60.png","type":"image\/png"}],"twitter_card":"summary_large_image","twitter_misc":{"Est. reading time":"1 minute"},"schema":{"@context":"https:\/\/schema.org","@graph":[{"@type":"WebPage","@id":"https:\/\/mediatrade.fi\/en\/product\/annuncicom-60\/","url":"https:\/\/mediatrade.fi\/en\/product\/annuncicom-60\/","name":"Annuncicom 60 - Mediatrade","isPartOf":{"@id":"https:\/\/mediatrade.fi\/en\/#website"},"primaryImageOfPage":{"@id":"https:\/\/mediatrade.fi\/en\/product\/annuncicom-60\/#primaryimage"},"image":{"@id":"https:\/\/mediatrade.fi\/en\/product\/annuncicom-60\/#primaryimage"},"thumbnailUrl":"https:\/\/mediatrade.fi\/wp-content\/uploads\/2022\/05\/Annuncicom60.png","datePublished":"2025-10-08T06:36:37+00:00","dateModified":"2026-03-17T10:16:20+00:00","description":"The Annuncicom 60 is a generic IP Audio device designed to serve as a gateway between IP based VoIP, Paging, Intercom systems & traditional systems and more","breadcrumb":{"@id":"https:\/\/mediatrade.fi\/en\/product\/annuncicom-60\/#breadcrumb"},"inLanguage":"en-US","potentialAction":[{"@type":"ReadAction","target":["https:\/\/mediatrade.fi\/en\/product\/annuncicom-60\/"]}]},{"@type":"ImageObject","inLanguage":"en-US","@id":"https:\/\/mediatrade.fi\/en\/product\/annuncicom-60\/#primaryimage","url":"https:\/\/mediatrade.fi\/wp-content\/uploads\/2022\/05\/Annuncicom60.png","contentUrl":"https:\/\/mediatrade.fi\/wp-content\/uploads\/2022\/05\/Annuncicom60.png","width":800,"height":452},{"@type":"BreadcrumbList","@id":"https:\/\/mediatrade.fi\/en\/product\/annuncicom-60\/#breadcrumb","itemListElement":[{"@type":"ListItem","position":1,"name":"Front Page","item":"https:\/\/mediatrade.fi\/en\/"},{"@type":"ListItem","position":2,"name":"Shop","item":"https:\/\/mediatrade.fi\/en\/shop\/"},{"@type":"ListItem","position":3,"name":"Annuncicom 60"}]},{"@type":"WebSite","@id":"https:\/\/mediatrade.fi\/en\/#website","url":"https:\/\/mediatrade.fi\/en\/","name":"Mediatrade","description":"","publisher":{"@id":"https:\/\/mediatrade.fi\/en\/#organization"},"potentialAction":[{"@type":"SearchAction","target":{"@type":"EntryPoint","urlTemplate":"https:\/\/mediatrade.fi\/en\/?s={search_term_string}"},"query-input":{"@type":"PropertyValueSpecification","valueRequired":true,"valueName":"search_term_string"}}],"inLanguage":"en-US"},{"@type":"Organization","@id":"https:\/\/mediatrade.fi\/en\/#organization","name":"Mediatrade","url":"https:\/\/mediatrade.fi\/en\/","logo":{"@type":"ImageObject","inLanguage":"en-US","@id":"https:\/\/mediatrade.fi\/en\/#\/schema\/logo\/image\/","url":"https:\/\/mediatrade.fi\/wp-content\/uploads\/2022\/04\/Group-640.svg","contentUrl":"https:\/\/mediatrade.fi\/wp-content\/uploads\/2022\/04\/Group-640.svg","width":128,"height":43,"caption":"Mediatrade"},"image":{"@id":"https:\/\/mediatrade.fi\/en\/#\/schema\/logo\/image\/"}}]}},"_links":{"self":[{"href":"https:\/\/mediatrade.fi\/en\/wp-json\/wp\/v2\/product\/458378","targetHints":{"allow":["GET"]}}],"collection":[{"href":"https:\/\/mediatrade.fi\/en\/wp-json\/wp\/v2\/product"}],"about":[{"href":"https:\/\/mediatrade.fi\/en\/wp-json\/wp\/v2\/types\/product"}],"wp:featuredmedia":[{"embeddable":true,"href":"https:\/\/mediatrade.fi\/en\/wp-json\/wp\/v2\/media\/117466"}],"wp:attachment":[{"href":"https:\/\/mediatrade.fi\/en\/wp-json\/wp\/v2\/media?parent=458378"}],"wp:term":[{"taxonomy":"product_brand","embeddable":true,"href":"https:\/\/mediatrade.fi\/en\/wp-json\/wp\/v2\/product_brand?post=458378"},{"taxonomy":"product_cat","embeddable":true,"href":"https:\/\/mediatrade.fi\/en\/wp-json\/wp\/v2\/product_cat?post=458378"},{"taxonomy":"product_tag","embeddable":true,"href":"https:\/\/mediatrade.fi\/en\/wp-json\/wp\/v2\/product_tag?post=458378"},{"taxonomy":"brands","embeddable":true,"href":"https:\/\/mediatrade.fi\/en\/wp-json\/wp\/v2\/brands?post=458378"},{"taxonomy":"id_product_type","embeddable":true,"href":"https:\/\/mediatrade.fi\/en\/wp-json\/wp\/v2\/id_product_type?post=458378"}],"curies":[{"name":"wp","href":"https:\/\/api.w.org\/{rel}","templated":true}]}}