{"id":56471,"date":"2022-05-13T17:12:23","date_gmt":"2022-05-13T14:12:23","guid":{"rendered":"https:\/\/mediatrade.fi\/?post_type=product&#038;p=56471"},"modified":"2025-08-07T12:15:06","modified_gmt":"2025-08-07T09:15:06","slug":"p60x","status":"publish","type":"product","link":"https:\/\/mediatrade.fi\/en\/product\/p60x\/","title":{"rendered":"Amaran P60x"},"content":{"rendered":"\n<section class=\"block block-woocommerce-product-description container-fluid container-fluid \">\n    <div class=\"container\">\n        <div class=\"row\">\n            <div class=\"col-12 col-md-6 order-2 order-md-1 attachments-col\">\n                                            <\/div>\n\n            <div class=\"col-12 col-md-5 offset-md-1 order-1 order-md-2\">\n                <main class=\"entry-content\">\n                    \n\n<h2 class=\"wp-block-heading\">Tuotetiedot<\/h2>\n\n\n\n<p><strong>Amaran P60x<\/strong>&nbsp;on ihanteellinen sis\u00e4ll\u00f6ntuottajille, indie-elokuvantekij\u00f6ille ja videokuvaajille, jotka tarvitsevat kannettavan ja joustavan valaistusratkaisun. Valossa voi k\u00e4ytt\u00e4\u00e4 NP-F-tyylisi\u00e4 akkuja verkkovirran lis\u00e4ksi.<br>Paneelivalon optinen muotoilu antaa keskikokoiselle l\u00e4hteelle luonnollisen vahvan tehon. Mukana tulevalla softboxilla valoon saa pehmeytt\u00e4.<\/p>\n\n\n\n<p><strong>SidusLink -sovelluksen<\/strong>&nbsp;integrointi tekee Amaran P60x:st\u00e4 t\u00e4ydellisen my\u00f6s k\u00e4ytt\u00e4jille, jotka haluavat s\u00e4\u00e4t\u00e4\u00e4 asetuksia koskematta valoonsa, jotta he voivat viett\u00e4\u00e4 enemm\u00e4n aikaa kameran edess\u00e4 tai takana.&nbsp;<strong>Source Match<\/strong>&nbsp;-toiminnon avulla ymp\u00e4rist\u00f6n v\u00e4ril\u00e4mp\u00f6tilan sovittaminen ei ole koskaan ollut helpompaa.<\/p>\n\n\n\n<h2 class=\"wp-block-heading\">Ominaisuudet<\/h2>\n\n\n\n<ul class=\"wp-block-list\">\n<li>60W Bi-Color LED Soft Light Panel<\/li>\n\n\n\n<li>5,070+ lux @ 1 meter (5600K)<\/li>\n\n\n\n<li>CCT: 3,200K to 6,500K Expanded Bi-Color<\/li>\n\n\n\n<li>Super Accurate Color Rendition, CRI: \u226595, TLCI: \u226597, SSI (Tungsten): \u226584, SSI (D56): \u226572<\/li>\n\n\n\n<li>Stepless Dimming from 0 to 100%<\/li>\n\n\n\n<li>SidusLink App Compatible<\/li>\n\n\n\n<li>Unique LED Configuration Creates More Organic Shadows<\/li>\n\n\n\n<li>Ultra-quiet Active Cooling System<\/li>\n\n\n\n<li>Click Control Knobs to Cycle CCT &amp; Brightness Presets<\/li>\n\n\n\n<li>4 Built-in Lighting FX: Paparazzi, Strobe. Fireworks, &amp; Pulse<\/li>\n\n\n\n<li>Integrated Sony NP-F Battery Plates<\/li>\n\n\n\n<li>Charges Sony NP-F Style Batteries<\/li>\n\n\n\n<li>Locking DC Input<\/li>\n\n\n\n<li>D-Tap Battery Operable using \u201cD-Tap Power Cable (2-Pin)\u201d (Sold Separately)<\/li>\n\n\n\n<li>OLED display<\/li>\n\n\n\n<li>Tool-less Soft Box with Light Control Grid (45\u00b0)<\/li>\n\n\n\n<li>Soft Box Collapses Down to 20cm (7.87in)<\/li>\n\n\n\n<li>Three 1\/4-20\u201d Mounting Points<\/li>\n\n\n\n<li>Tilting Mounting Support with Umbrella Holder<\/li>\n\n\n\n<li>Soft Carrying Case Included<\/li>\n\n\n\n<li>Operating Temperature Range: -20\u00b0C~45\u00b0C<\/li>\n<\/ul>\n\n\n\n<h2 class=\"wp-block-heading\">Paketissa<\/h2>\n\n\n\n<ul class=\"wp-block-list\">\n<li>AmaranP60x<\/li>\n\n\n\n<li>AmaranP60x Soft Box<\/li>\n\n\n\n<li>AmaranP60x Soft Box Light Control Grid<\/li>\n\n\n\n<li>AC Power Supply<\/li>\n\n\n\n<li>AC Power Cable<\/li>\n\n\n\n<li>Tilting Mounting Support with \u00bc-20in &amp; 3\/8-16in Spigot<\/li>\n\n\n\n<li>AmaranP60x Carrying Case<\/li>\n<\/ul>\n\n\n                <\/main>\n            <\/div>\n        <\/div>\n    <\/div>\n<\/section>\n\n\n\n","protected":false},"excerpt":{"rendered":"","protected":false},"featured_media":41640,"template":"","meta":{"_acf_changed":false,"_relevanssi_hide_post":"","_relevanssi_hide_content":"","_relevanssi_pin_for_all":"","_relevanssi_pin_keywords":"","_relevanssi_unpin_keywords":"","_relevanssi_related_keywords":"","_relevanssi_related_include_ids":"","_relevanssi_related_exclude_ids":"","_relevanssi_related_no_append":"","_relevanssi_related_not_related":"","_relevanssi_related_posts":"","_relevanssi_noindex_reason":""},"product_brand":[],"product_cat":[212,15,32,556,43],"product_tag":[1077,1082],"brands":[693],"id_product_type":[],"class_list":{"0":"post-56471","1":"product","2":"type-product","3":"status-publish","4":"has-post-thumbnail","6":"product_cat-cine-ja-studiovalaisu-tarvikkeet","7":"product_cat-kaikki","8":"product_cat-studiotekniikka","9":"product_cat-studio-valo","10":"product_cat-valo","11":"product_tag-amaran","12":"product_tag-amaran-p60x","14":"first","15":"onbackorder","16":"taxable","17":"shipping-taxable","18":"purchasable","19":"product-type-simple"},"bundled_by":[],"bundle_stock_status":"onbackorder","bundle_stock_quantity":0,"bundle_virtual":false,"bundle_layout":"","bundle_add_to_cart_form_location":"","bundle_editable_in_cart":false,"bundle_sold_individually_context":"","bundle_item_grouping":"","bundle_min_size":"","bundle_max_size":"","bundle_price":[],"bundled_items":[],"bundle_sell_ids":[],"acf":[],"yoast_head":"<!-- This site is optimized with the Yoast SEO plugin v27.1.1 - https:\/\/yoast.com\/product\/yoast-seo-wordpress\/ -->\n<title>Amaran P60x - Mediatrade<\/title>\n<meta name=\"description\" content=\"Amaran P60x\u00a0on ihanteellinen sis\u00e4ll\u00f6ntuottajille, indie-elokuvantekij\u00f6ille ja videokuvaajille, jotka tarvitsevat kannettavan ja joustavan valaistusratkaisun\" \/>\n<meta name=\"robots\" content=\"index, follow, max-snippet:-1, max-image-preview:large, max-video-preview:-1\" \/>\n<link rel=\"canonical\" href=\"https:\/\/mediatrade.fi\/en\/product\/p60x\/\" \/>\n<meta property=\"og:locale\" content=\"en_US\" \/>\n<meta property=\"og:type\" content=\"article\" \/>\n<meta property=\"og:title\" content=\"Amaran P60x - Mediatrade\" \/>\n<meta property=\"og:description\" content=\"Amaran P60x\u00a0on ihanteellinen sis\u00e4ll\u00f6ntuottajille, indie-elokuvantekij\u00f6ille ja videokuvaajille, jotka tarvitsevat kannettavan ja joustavan valaistusratkaisun\" \/>\n<meta property=\"og:url\" content=\"https:\/\/mediatrade.fi\/en\/product\/p60x\/\" \/>\n<meta property=\"og:site_name\" content=\"Mediatrade\" \/>\n<meta property=\"article:modified_time\" content=\"2025-08-07T09:15:06+00:00\" \/>\n<meta property=\"og:image\" content=\"https:\/\/mediatrade.fi\/wp-content\/uploads\/2022\/04\/amaran-amaran-p60x.jpg\" \/>\n\t<meta property=\"og:image:width\" content=\"1000\" \/>\n\t<meta property=\"og:image:height\" content=\"1000\" \/>\n\t<meta property=\"og:image:type\" content=\"image\/jpeg\" \/>\n<meta name=\"twitter:card\" content=\"summary_large_image\" \/>\n<meta name=\"twitter:label1\" content=\"Est. reading time\" \/>\n\t<meta name=\"twitter:data1\" content=\"2 minutes\" \/>\n<script type=\"application\/ld+json\" class=\"yoast-schema-graph\">{\"@context\":\"https:\/\/schema.org\",\"@graph\":[{\"@type\":\"WebPage\",\"@id\":\"https:\/\/mediatrade.fi\/en\/product\/p60x\/\",\"url\":\"https:\/\/mediatrade.fi\/en\/product\/p60x\/\",\"name\":\"Amaran P60x - Mediatrade\",\"isPartOf\":{\"@id\":\"https:\/\/mediatrade.fi\/en\/#website\"},\"primaryImageOfPage\":{\"@id\":\"https:\/\/mediatrade.fi\/en\/product\/p60x\/#primaryimage\"},\"image\":{\"@id\":\"https:\/\/mediatrade.fi\/en\/product\/p60x\/#primaryimage\"},\"thumbnailUrl\":\"https:\/\/mediatrade.fi\/wp-content\/uploads\/2022\/04\/amaran-amaran-p60x.jpg\",\"datePublished\":\"2022-05-13T14:12:23+00:00\",\"dateModified\":\"2025-08-07T09:15:06+00:00\",\"description\":\"Amaran P60x\u00a0on ihanteellinen sis\u00e4ll\u00f6ntuottajille, indie-elokuvantekij\u00f6ille ja videokuvaajille, jotka tarvitsevat kannettavan ja joustavan valaistusratkaisun\",\"breadcrumb\":{\"@id\":\"https:\/\/mediatrade.fi\/en\/product\/p60x\/#breadcrumb\"},\"inLanguage\":\"en-US\",\"potentialAction\":[{\"@type\":\"ReadAction\",\"target\":[\"https:\/\/mediatrade.fi\/en\/product\/p60x\/\"]}]},{\"@type\":\"ImageObject\",\"inLanguage\":\"en-US\",\"@id\":\"https:\/\/mediatrade.fi\/en\/product\/p60x\/#primaryimage\",\"url\":\"https:\/\/mediatrade.fi\/wp-content\/uploads\/2022\/04\/amaran-amaran-p60x.jpg\",\"contentUrl\":\"https:\/\/mediatrade.fi\/wp-content\/uploads\/2022\/04\/amaran-amaran-p60x.jpg\",\"width\":1000,\"height\":1000},{\"@type\":\"BreadcrumbList\",\"@id\":\"https:\/\/mediatrade.fi\/en\/product\/p60x\/#breadcrumb\",\"itemListElement\":[{\"@type\":\"ListItem\",\"position\":1,\"name\":\"Front Page\",\"item\":\"https:\/\/mediatrade.fi\/en\/\"},{\"@type\":\"ListItem\",\"position\":2,\"name\":\"Shop\",\"item\":\"https:\/\/mediatrade.fi\/en\/shop\/\"},{\"@type\":\"ListItem\",\"position\":3,\"name\":\"Amaran P60x\"}]},{\"@type\":\"WebSite\",\"@id\":\"https:\/\/mediatrade.fi\/en\/#website\",\"url\":\"https:\/\/mediatrade.fi\/en\/\",\"name\":\"Mediatrade\",\"description\":\"\",\"publisher\":{\"@id\":\"https:\/\/mediatrade.fi\/en\/#organization\"},\"potentialAction\":[{\"@type\":\"SearchAction\",\"target\":{\"@type\":\"EntryPoint\",\"urlTemplate\":\"https:\/\/mediatrade.fi\/en\/?s={search_term_string}\"},\"query-input\":{\"@type\":\"PropertyValueSpecification\",\"valueRequired\":true,\"valueName\":\"search_term_string\"}}],\"inLanguage\":\"en-US\"},{\"@type\":\"Organization\",\"@id\":\"https:\/\/mediatrade.fi\/en\/#organization\",\"name\":\"Mediatrade\",\"url\":\"https:\/\/mediatrade.fi\/en\/\",\"logo\":{\"@type\":\"ImageObject\",\"inLanguage\":\"en-US\",\"@id\":\"https:\/\/mediatrade.fi\/en\/#\/schema\/logo\/image\/\",\"url\":\"https:\/\/mediatrade.fi\/wp-content\/uploads\/2022\/04\/Group-640.svg\",\"contentUrl\":\"https:\/\/mediatrade.fi\/wp-content\/uploads\/2022\/04\/Group-640.svg\",\"width\":128,\"height\":43,\"caption\":\"Mediatrade\"},\"image\":{\"@id\":\"https:\/\/mediatrade.fi\/en\/#\/schema\/logo\/image\/\"}}]}<\/script>\n<!-- \/ Yoast SEO plugin. -->","yoast_head_json":{"title":"Amaran P60x - Mediatrade","description":"Amaran P60x\u00a0on ihanteellinen sis\u00e4ll\u00f6ntuottajille, indie-elokuvantekij\u00f6ille ja videokuvaajille, jotka tarvitsevat kannettavan ja joustavan valaistusratkaisun","robots":{"index":"index","follow":"follow","max-snippet":"max-snippet:-1","max-image-preview":"max-image-preview:large","max-video-preview":"max-video-preview:-1"},"canonical":"https:\/\/mediatrade.fi\/en\/product\/p60x\/","og_locale":"en_US","og_type":"article","og_title":"Amaran P60x - Mediatrade","og_description":"Amaran P60x\u00a0on ihanteellinen sis\u00e4ll\u00f6ntuottajille, indie-elokuvantekij\u00f6ille ja videokuvaajille, jotka tarvitsevat kannettavan ja joustavan valaistusratkaisun","og_url":"https:\/\/mediatrade.fi\/en\/product\/p60x\/","og_site_name":"Mediatrade","article_modified_time":"2025-08-07T09:15:06+00:00","og_image":[{"width":1000,"height":1000,"url":"https:\/\/mediatrade.fi\/wp-content\/uploads\/2022\/04\/amaran-amaran-p60x.jpg","type":"image\/jpeg"}],"twitter_card":"summary_large_image","twitter_misc":{"Est. reading time":"2 minutes"},"schema":{"@context":"https:\/\/schema.org","@graph":[{"@type":"WebPage","@id":"https:\/\/mediatrade.fi\/en\/product\/p60x\/","url":"https:\/\/mediatrade.fi\/en\/product\/p60x\/","name":"Amaran P60x - Mediatrade","isPartOf":{"@id":"https:\/\/mediatrade.fi\/en\/#website"},"primaryImageOfPage":{"@id":"https:\/\/mediatrade.fi\/en\/product\/p60x\/#primaryimage"},"image":{"@id":"https:\/\/mediatrade.fi\/en\/product\/p60x\/#primaryimage"},"thumbnailUrl":"https:\/\/mediatrade.fi\/wp-content\/uploads\/2022\/04\/amaran-amaran-p60x.jpg","datePublished":"2022-05-13T14:12:23+00:00","dateModified":"2025-08-07T09:15:06+00:00","description":"Amaran P60x\u00a0on ihanteellinen sis\u00e4ll\u00f6ntuottajille, indie-elokuvantekij\u00f6ille ja videokuvaajille, jotka tarvitsevat kannettavan ja joustavan valaistusratkaisun","breadcrumb":{"@id":"https:\/\/mediatrade.fi\/en\/product\/p60x\/#breadcrumb"},"inLanguage":"en-US","potentialAction":[{"@type":"ReadAction","target":["https:\/\/mediatrade.fi\/en\/product\/p60x\/"]}]},{"@type":"ImageObject","inLanguage":"en-US","@id":"https:\/\/mediatrade.fi\/en\/product\/p60x\/#primaryimage","url":"https:\/\/mediatrade.fi\/wp-content\/uploads\/2022\/04\/amaran-amaran-p60x.jpg","contentUrl":"https:\/\/mediatrade.fi\/wp-content\/uploads\/2022\/04\/amaran-amaran-p60x.jpg","width":1000,"height":1000},{"@type":"BreadcrumbList","@id":"https:\/\/mediatrade.fi\/en\/product\/p60x\/#breadcrumb","itemListElement":[{"@type":"ListItem","position":1,"name":"Front Page","item":"https:\/\/mediatrade.fi\/en\/"},{"@type":"ListItem","position":2,"name":"Shop","item":"https:\/\/mediatrade.fi\/en\/shop\/"},{"@type":"ListItem","position":3,"name":"Amaran P60x"}]},{"@type":"WebSite","@id":"https:\/\/mediatrade.fi\/en\/#website","url":"https:\/\/mediatrade.fi\/en\/","name":"Mediatrade","description":"","publisher":{"@id":"https:\/\/mediatrade.fi\/en\/#organization"},"potentialAction":[{"@type":"SearchAction","target":{"@type":"EntryPoint","urlTemplate":"https:\/\/mediatrade.fi\/en\/?s={search_term_string}"},"query-input":{"@type":"PropertyValueSpecification","valueRequired":true,"valueName":"search_term_string"}}],"inLanguage":"en-US"},{"@type":"Organization","@id":"https:\/\/mediatrade.fi\/en\/#organization","name":"Mediatrade","url":"https:\/\/mediatrade.fi\/en\/","logo":{"@type":"ImageObject","inLanguage":"en-US","@id":"https:\/\/mediatrade.fi\/en\/#\/schema\/logo\/image\/","url":"https:\/\/mediatrade.fi\/wp-content\/uploads\/2022\/04\/Group-640.svg","contentUrl":"https:\/\/mediatrade.fi\/wp-content\/uploads\/2022\/04\/Group-640.svg","width":128,"height":43,"caption":"Mediatrade"},"image":{"@id":"https:\/\/mediatrade.fi\/en\/#\/schema\/logo\/image\/"}}]}},"_links":{"self":[{"href":"https:\/\/mediatrade.fi\/en\/wp-json\/wp\/v2\/product\/56471","targetHints":{"allow":["GET"]}}],"collection":[{"href":"https:\/\/mediatrade.fi\/en\/wp-json\/wp\/v2\/product"}],"about":[{"href":"https:\/\/mediatrade.fi\/en\/wp-json\/wp\/v2\/types\/product"}],"wp:featuredmedia":[{"embeddable":true,"href":"https:\/\/mediatrade.fi\/en\/wp-json\/wp\/v2\/media\/41640"}],"wp:attachment":[{"href":"https:\/\/mediatrade.fi\/en\/wp-json\/wp\/v2\/media?parent=56471"}],"wp:term":[{"taxonomy":"product_brand","embeddable":true,"href":"https:\/\/mediatrade.fi\/en\/wp-json\/wp\/v2\/product_brand?post=56471"},{"taxonomy":"product_cat","embeddable":true,"href":"https:\/\/mediatrade.fi\/en\/wp-json\/wp\/v2\/product_cat?post=56471"},{"taxonomy":"product_tag","embeddable":true,"href":"https:\/\/mediatrade.fi\/en\/wp-json\/wp\/v2\/product_tag?post=56471"},{"taxonomy":"brands","embeddable":true,"href":"https:\/\/mediatrade.fi\/en\/wp-json\/wp\/v2\/brands?post=56471"},{"taxonomy":"id_product_type","embeddable":true,"href":"https:\/\/mediatrade.fi\/en\/wp-json\/wp\/v2\/id_product_type?post=56471"}],"curies":[{"name":"wp","href":"https:\/\/api.w.org\/{rel}","templated":true}]}}